{"id":1114,"date":"2020-10-29T14:44:14","date_gmt":"2020-10-29T12:44:14","guid":{"rendered":"http:\/\/tecniques-metodes-recerca.recursos.uoc.edu\/6-1-introduccion\/"},"modified":"2020-12-14T13:44:57","modified_gmt":"2020-12-14T11:44:57","slug":"6-1-introduccio","status":"publish","type":"page","link":"http:\/\/tecniques-metodes-recerca.recursos.uoc.edu\/ca\/6-1-introduccio\/","title":{"rendered":"6.1. Introducci\u00f3"},"content":{"rendered":"<p>El tipus de recerca que triem \u00e9s marcat especialment pel grau de coneixement que tenim sobre all\u00f2 que volem analitzar. Vegem les quatre modalitats m\u00e9s presents en el camp de la comunicaci\u00f3 en general i, per tant, en l&#8217;\u00e0mbit de la publicitat i dels mitjans socials.<\/p>\n","protected":false},"excerpt":{"rendered":"<p>El tipus de recerca que triem \u00e9s marcat especialment pel grau de coneixement que tenim sobre all\u00f2 que volem analitzar. Vegem les quatre modalitats m\u00e9s presents en el camp de la comunicaci\u00f3 en general i, per tant, en l&#8217;\u00e0mbit de la publicitat i dels mitjans socials.<\/p>\n","protected":false},"author":1,"featured_media":0,"parent":0,"menu_order":0,"comment_status":"closed","ping_status":"closed","template":"","meta":[],"_links":{"self":[{"href":"http:\/\/tecniques-metodes-recerca.recursos.uoc.edu\/ca\/wp-json\/wp\/v2\/pages\/1114"}],"collection":[{"href":"http:\/\/tecniques-metodes-recerca.recursos.uoc.edu\/ca\/wp-json\/wp\/v2\/pages"}],"about":[{"href":"http:\/\/tecniques-metodes-recerca.recursos.uoc.edu\/ca\/wp-json\/wp\/v2\/types\/page"}],"author":[{"embeddable":true,"href":"http:\/\/tecniques-metodes-recerca.recursos.uoc.edu\/ca\/wp-json\/wp\/v2\/users\/1"}],"replies":[{"embeddable":true,"href":"http:\/\/tecniques-metodes-recerca.recursos.uoc.edu\/ca\/wp-json\/wp\/v2\/comments?post=1114"}],"version-history":[{"count":2,"href":"http:\/\/tecniques-metodes-recerca.recursos.uoc.edu\/ca\/wp-json\/wp\/v2\/pages\/1114\/revisions"}],"predecessor-version":[{"id":1116,"href":"http:\/\/tecniques-metodes-recerca.recursos.uoc.edu\/ca\/wp-json\/wp\/v2\/pages\/1114\/revisions\/1116"}],"wp:attachment":[{"href":"http:\/\/tecniques-metodes-recerca.recursos.uoc.edu\/ca\/wp-json\/wp\/v2\/media?parent=1114"}],"curies":[{"name":"wp","href":"https:\/\/api.w.org\/{rel}","templated":true}]}}