{"id":1121,"date":"2020-10-29T14:46:56","date_gmt":"2020-10-29T12:46:56","guid":{"rendered":"http:\/\/tecniques-metodes-recerca.recursos.uoc.edu\/6-3-descriptiva\/"},"modified":"2020-12-14T13:45:11","modified_gmt":"2020-12-14T11:45:11","slug":"6-3-descriptiva","status":"publish","type":"page","link":"http:\/\/tecniques-metodes-recerca.recursos.uoc.edu\/ca\/6-3-descriptiva\/","title":{"rendered":"6.3. Descriptiva"},"content":{"rendered":"<p>Analitza i defineix l&#8217;objecte d&#8217;estudi. Tamb\u00e9 serveix per classificar o con\u00e8ixer les caracter\u00edstiques del fenomen que volem investigar. Amb aquest tipus de recerca podem obtenir descripcions generals o espec\u00edfiques dels objectes que plantegem, segons quina sigui la nostra intenci\u00f3. Un exemple \u00e9s l\u2019\u00abestudi dels influenciadors gastron\u00f2mics a Espanya\u00bb, per descriure quins s\u00f3n els influenciadors gastron\u00f2mics i les seves caracter\u00edstiques. Un altre exemple de recerca descriptiva \u00e9s l&#8217;\u00aban\u00e0lisi dels mitjans socials corporatius de les institucions p\u00fabliques catalanes\u00bb, en el qual coneixer\u00edem b\u00e0sicament com s\u00f3n aquests mitjans socials corporatius, com funcionen, etc. \u00c9s a dir, n\u2019elaborar\u00edem un estat de la q\u00fcesti\u00f3.<\/p>\n<p>La recerca descriptiva detalla les caracter\u00edstiques dels fen\u00f2mens que estudiem:<\/p>\n<blockquote><p>\u00abEls estudis descriptius [\u2026] mesuren, avaluen o recopilen dades sobre diversos conceptes (variables), aspectes, dimensions o components del fenomen a investigar. En un estudi descriptiu se selecciona una s\u00e8rie de q\u00fcestions i es mesura o recol\u00b7lecta informaci\u00f3 sobre cadascuna, per descriure aix\u00ed (valgui la redund\u00e0ncia) el que s&#8217;investiga.\u00bb<\/p><\/blockquote>\n<div class=\"blockquote-author\"><p>Hern\u00e1ndez Sampietri i altres (2006, p\u00e0g. 102)<\/p>\n<\/div>\n<p>Com el seu nom indica, es tracta d\u2019estudis que descriuen: recullen i proporcionen informaci\u00f3 sense buscar relacions entre les diferents variables.<\/p>\n<p>El valor que tenen aquestes recerques \u00e9s que permeten precisar les diferents complicacions del tema o fenomen que estudiem, definir-les i definir-ne els components i preveure la mostra que hem d&#8217;estudiar. Per exemple, si estudiem la din\u00e0mica econ\u00f2mica dels mitjans de comunicaci\u00f3, segurament haurem de dividir-los en p\u00fablics, privats o mixtos. \u00c9s a dir, haurem de triar una o diverses caracter\u00edstiques de l&#8217;objecte d&#8217;estudi.<\/p>\n<p>Per exemple, influ\u00e8ncia de la publicitat.<\/p>\n","protected":false},"excerpt":{"rendered":"<p>Analitza i defineix l&#8217;objecte d&#8217;estudi. Tamb\u00e9 serveix per classificar o con\u00e8ixer les caracter\u00edstiques del fenomen que volem investigar. Amb aquest tipus de recerca podem obtenir descripcions generals o espec\u00edfiques dels objectes que plantegem, segons quina sigui la nostra intenci\u00f3. Un exemple \u00e9s l\u2019\u00abestudi dels influenciadors gastron\u00f2mics a Espanya\u00bb, per descriure quins s\u00f3n els influenciadors gastron\u00f2mics [&hellip;]<\/p>\n","protected":false},"author":1,"featured_media":0,"parent":0,"menu_order":0,"comment_status":"closed","ping_status":"closed","template":"","meta":[],"_links":{"self":[{"href":"http:\/\/tecniques-metodes-recerca.recursos.uoc.edu\/ca\/wp-json\/wp\/v2\/pages\/1121"}],"collection":[{"href":"http:\/\/tecniques-metodes-recerca.recursos.uoc.edu\/ca\/wp-json\/wp\/v2\/pages"}],"about":[{"href":"http:\/\/tecniques-metodes-recerca.recursos.uoc.edu\/ca\/wp-json\/wp\/v2\/types\/page"}],"author":[{"embeddable":true,"href":"http:\/\/tecniques-metodes-recerca.recursos.uoc.edu\/ca\/wp-json\/wp\/v2\/users\/1"}],"replies":[{"embeddable":true,"href":"http:\/\/tecniques-metodes-recerca.recursos.uoc.edu\/ca\/wp-json\/wp\/v2\/comments?post=1121"}],"version-history":[{"count":2,"href":"http:\/\/tecniques-metodes-recerca.recursos.uoc.edu\/ca\/wp-json\/wp\/v2\/pages\/1121\/revisions"}],"predecessor-version":[{"id":1123,"href":"http:\/\/tecniques-metodes-recerca.recursos.uoc.edu\/ca\/wp-json\/wp\/v2\/pages\/1121\/revisions\/1123"}],"wp:attachment":[{"href":"http:\/\/tecniques-metodes-recerca.recursos.uoc.edu\/ca\/wp-json\/wp\/v2\/media?parent=1121"}],"curies":[{"name":"wp","href":"https:\/\/api.w.org\/{rel}","templated":true}]}}