{"id":1125,"date":"2020-10-29T14:52:29","date_gmt":"2020-10-29T12:52:29","guid":{"rendered":"http:\/\/tecniques-metodes-recerca.recursos.uoc.edu\/6-4-explicativa\/"},"modified":"2020-12-14T13:45:21","modified_gmt":"2020-12-14T11:45:21","slug":"6-4-explicativa","status":"publish","type":"page","link":"http:\/\/tecniques-metodes-recerca.recursos.uoc.edu\/ca\/6-4-explicativa\/","title":{"rendered":"6.4. Explicativa"},"content":{"rendered":"<p>La recerca explicativa cerca trobar les causes del nostre objecte d&#8217;estudi. Est\u00e0 lligada a la recerca descriptiva. Com el nom indica, pret\u00e9n explicar les causes o d\u2019un objecte d&#8217;estudi a qu\u00e8 correspon (Hern\u00e1ndez i altres, 2006, p\u00e0g. 138). Tamb\u00e9 descriu el fenomen que volem estudiar. Un exemple \u00e9s l\u2019\u00abestudi dels factors educatius que influeixen en l&#8217;\u00fas de les xarxes socials per part dels adolescents\u00bb. En aquest exemple buscar\u00edem els factors per explicar si l&#8217;educaci\u00f3 influeix en l&#8217;\u00fas que els adolescents fan de les xarxes socials, quins aspectes hi influeixen i com.<\/p>\n","protected":false},"excerpt":{"rendered":"<p>La recerca explicativa cerca trobar les causes del nostre objecte d&#8217;estudi. Est\u00e0 lligada a la recerca descriptiva. Com el nom indica, pret\u00e9n explicar les causes o d\u2019un objecte d&#8217;estudi a qu\u00e8 correspon (Hern\u00e1ndez i altres, 2006, p\u00e0g. 138). Tamb\u00e9 descriu el fenomen que volem estudiar. Un exemple \u00e9s l\u2019\u00abestudi dels factors educatius que influeixen en [&hellip;]<\/p>\n","protected":false},"author":1,"featured_media":0,"parent":0,"menu_order":0,"comment_status":"closed","ping_status":"closed","template":"","meta":[],"_links":{"self":[{"href":"http:\/\/tecniques-metodes-recerca.recursos.uoc.edu\/ca\/wp-json\/wp\/v2\/pages\/1125"}],"collection":[{"href":"http:\/\/tecniques-metodes-recerca.recursos.uoc.edu\/ca\/wp-json\/wp\/v2\/pages"}],"about":[{"href":"http:\/\/tecniques-metodes-recerca.recursos.uoc.edu\/ca\/wp-json\/wp\/v2\/types\/page"}],"author":[{"embeddable":true,"href":"http:\/\/tecniques-metodes-recerca.recursos.uoc.edu\/ca\/wp-json\/wp\/v2\/users\/1"}],"replies":[{"embeddable":true,"href":"http:\/\/tecniques-metodes-recerca.recursos.uoc.edu\/ca\/wp-json\/wp\/v2\/comments?post=1125"}],"version-history":[{"count":1,"href":"http:\/\/tecniques-metodes-recerca.recursos.uoc.edu\/ca\/wp-json\/wp\/v2\/pages\/1125\/revisions"}],"predecessor-version":[{"id":1126,"href":"http:\/\/tecniques-metodes-recerca.recursos.uoc.edu\/ca\/wp-json\/wp\/v2\/pages\/1125\/revisions\/1126"}],"wp:attachment":[{"href":"http:\/\/tecniques-metodes-recerca.recursos.uoc.edu\/ca\/wp-json\/wp\/v2\/media?parent=1125"}],"curies":[{"name":"wp","href":"https:\/\/api.w.org\/{rel}","templated":true}]}}