{"id":1128,"date":"2020-10-29T14:53:53","date_gmt":"2020-10-29T12:53:53","guid":{"rendered":"http:\/\/tecniques-metodes-recerca.recursos.uoc.edu\/6-5-correlacional\/"},"modified":"2020-12-09T17:52:58","modified_gmt":"2020-12-09T15:52:58","slug":"6-5-correlacional","status":"publish","type":"page","link":"http:\/\/tecniques-metodes-recerca.recursos.uoc.edu\/ca\/6-5-correlacional\/","title":{"rendered":"6.5. Correlacional"},"content":{"rendered":"<p>La recerca correlacional cerca establir relacions entre el fenomen estudiat i altres fen\u00f2mens. La seva principal caracter\u00edstica i difer\u00e8ncia respecte a les anteriors \u00e9s que es fixa en les relacions entre variables. Per exemple, si volem correlacionar el consum de xarxes socials per part dels joves, podem relacionar la variable Edat amb la variable Temps d&#8217;\u00fas de les xarxes socials. Aquestes correlacions pretenen validar o refutar les hip\u00f2tesis que proposem:<\/p>\n<blockquote><p>\u00abEls estudis correlacionals es distingeixen dels descriptius principalment en el fet que, mentre que els descriptius se centren a mesurar amb precisi\u00f3 les variables individuals (algunes de les quals es poden mesurar amb independ\u00e8ncia en una sola recerca), els correlacionals avaluen el grau de vinculaci\u00f3 entre dues o m\u00e9s variables, i es poden incloure diversos parells d&#8217;avaluacions d&#8217;aquesta naturalesa en una sola recerca (comunament s&#8217;inclou m\u00e9s d&#8217;una correlaci\u00f3).\u00bb<\/p><\/blockquote>\n<div class=\"blockquote-author\"><p>Hern\u00e1ndez Sampietri i altres (2006, p\u00e0g. 107).<\/p>\n<\/div>\n<p>Aquest tipus de recerca tamb\u00e9 t\u00e9 un car\u00e0cter explicatiu.<\/p>\n","protected":false},"excerpt":{"rendered":"<p>La recerca correlacional cerca establir relacions entre el fenomen estudiat i altres fen\u00f2mens. La seva principal caracter\u00edstica i difer\u00e8ncia respecte a les anteriors \u00e9s que es fixa en les relacions entre variables. Per exemple, si volem correlacionar el consum de xarxes socials per part dels joves, podem relacionar la variable Edat amb la variable Temps [&hellip;]<\/p>\n","protected":false},"author":1,"featured_media":0,"parent":0,"menu_order":0,"comment_status":"closed","ping_status":"closed","template":"","meta":[],"_links":{"self":[{"href":"http:\/\/tecniques-metodes-recerca.recursos.uoc.edu\/ca\/wp-json\/wp\/v2\/pages\/1128"}],"collection":[{"href":"http:\/\/tecniques-metodes-recerca.recursos.uoc.edu\/ca\/wp-json\/wp\/v2\/pages"}],"about":[{"href":"http:\/\/tecniques-metodes-recerca.recursos.uoc.edu\/ca\/wp-json\/wp\/v2\/types\/page"}],"author":[{"embeddable":true,"href":"http:\/\/tecniques-metodes-recerca.recursos.uoc.edu\/ca\/wp-json\/wp\/v2\/users\/1"}],"replies":[{"embeddable":true,"href":"http:\/\/tecniques-metodes-recerca.recursos.uoc.edu\/ca\/wp-json\/wp\/v2\/comments?post=1128"}],"version-history":[{"count":2,"href":"http:\/\/tecniques-metodes-recerca.recursos.uoc.edu\/ca\/wp-json\/wp\/v2\/pages\/1128\/revisions"}],"predecessor-version":[{"id":1130,"href":"http:\/\/tecniques-metodes-recerca.recursos.uoc.edu\/ca\/wp-json\/wp\/v2\/pages\/1128\/revisions\/1130"}],"wp:attachment":[{"href":"http:\/\/tecniques-metodes-recerca.recursos.uoc.edu\/ca\/wp-json\/wp\/v2\/media?parent=1128"}],"curies":[{"name":"wp","href":"https:\/\/api.w.org\/{rel}","templated":true}]}}