{"id":1132,"date":"2020-10-29T14:54:58","date_gmt":"2020-10-29T12:54:58","guid":{"rendered":"http:\/\/tecniques-metodes-recerca.recursos.uoc.edu\/7-1-el-universo\/"},"modified":"2020-12-14T13:45:51","modified_gmt":"2020-12-14T11:45:51","slug":"7-1-lunivers","status":"publish","type":"page","link":"http:\/\/tecniques-metodes-recerca.recursos.uoc.edu\/ca\/7-1-lunivers\/","title":{"rendered":"7.1. L&#8217;univers"},"content":{"rendered":"<p>L&#8217;univers \u00e9s la totalitat d&#8217;elements que tenen les caracter\u00edstiques que volem estudiar, \u00e9s a dir, \u00e9s el conjunt d&#8217;individus o coses objecte d&#8217;un estudi estad\u00edstic. Per exemple, si vull fer un estudi sobre en quins mitjans els alumnes d&#8217;edats de dotze a vint anys veuen publicitat i quines s\u00f3n les xarxes socials que m\u00e9s usen, l&#8217;univers serien els alumnes de Catalunya de prim\u00e0ria, ESO, batxillerat i formaci\u00f3 professional de grau mitj\u00e0. Els elements de l&#8217;univers es denominen \u00abindividus, unitats o entitats estad\u00edstiques\u00bb. Cada unitat o entitat estad\u00edstica seria cada alumne de Catalunya de l&#8217;ESO i batxillerat.<\/p>\n<p>S\u2019ha de delimitar perqu\u00e8 l&#8217;univers sol ser inabastable. Per aix\u00f2 s&#8217;utilitzen conceptes als quals l&#8217;investigador pugui accedir sense majors problemes, com la poblaci\u00f3 i la mostra, molt m\u00e9s accessible.<\/p>\n","protected":false},"excerpt":{"rendered":"<p>L&#8217;univers \u00e9s la totalitat d&#8217;elements que tenen les caracter\u00edstiques que volem estudiar, \u00e9s a dir, \u00e9s el conjunt d&#8217;individus o coses objecte d&#8217;un estudi estad\u00edstic. Per exemple, si vull fer un estudi sobre en quins mitjans els alumnes d&#8217;edats de dotze a vint anys veuen publicitat i quines s\u00f3n les xarxes socials que m\u00e9s usen, [&hellip;]<\/p>\n","protected":false},"author":1,"featured_media":0,"parent":0,"menu_order":0,"comment_status":"closed","ping_status":"closed","template":"","meta":[],"_links":{"self":[{"href":"http:\/\/tecniques-metodes-recerca.recursos.uoc.edu\/ca\/wp-json\/wp\/v2\/pages\/1132"}],"collection":[{"href":"http:\/\/tecniques-metodes-recerca.recursos.uoc.edu\/ca\/wp-json\/wp\/v2\/pages"}],"about":[{"href":"http:\/\/tecniques-metodes-recerca.recursos.uoc.edu\/ca\/wp-json\/wp\/v2\/types\/page"}],"author":[{"embeddable":true,"href":"http:\/\/tecniques-metodes-recerca.recursos.uoc.edu\/ca\/wp-json\/wp\/v2\/users\/1"}],"replies":[{"embeddable":true,"href":"http:\/\/tecniques-metodes-recerca.recursos.uoc.edu\/ca\/wp-json\/wp\/v2\/comments?post=1132"}],"version-history":[{"count":1,"href":"http:\/\/tecniques-metodes-recerca.recursos.uoc.edu\/ca\/wp-json\/wp\/v2\/pages\/1132\/revisions"}],"predecessor-version":[{"id":1133,"href":"http:\/\/tecniques-metodes-recerca.recursos.uoc.edu\/ca\/wp-json\/wp\/v2\/pages\/1132\/revisions\/1133"}],"wp:attachment":[{"href":"http:\/\/tecniques-metodes-recerca.recursos.uoc.edu\/ca\/wp-json\/wp\/v2\/media?parent=1132"}],"curies":[{"name":"wp","href":"https:\/\/api.w.org\/{rel}","templated":true}]}}