{"id":1135,"date":"2020-10-29T14:55:39","date_gmt":"2020-10-29T12:55:39","guid":{"rendered":"http:\/\/tecniques-metodes-recerca.recursos.uoc.edu\/7-2-la-poblacion\/"},"modified":"2020-12-14T13:46:19","modified_gmt":"2020-12-14T11:46:19","slug":"7-2-la-poblacio","status":"publish","type":"page","link":"http:\/\/tecniques-metodes-recerca.recursos.uoc.edu\/ca\/7-2-la-poblacio\/","title":{"rendered":"7.2. La poblaci\u00f3"},"content":{"rendered":"<p>La poblaci\u00f3 \u00e9s el subconjunt d&#8217;individus que es vol estudiar. Poden ser persones, fets, objectes, etc. \u00c9s el conjunt que inclou tots els casos amb les caracter\u00edstiques que volem estudiar i que reflectirem despr\u00e9s en la mostra. Tot univers est\u00e0 format per una o m\u00e9s poblacions. Un exemple s\u00f3n els habitants dels alumnes de la prov\u00edncia de Barcelona de prim\u00e0ria, ESO, batxillerat i formaci\u00f3 professional de grau mitj\u00e0.<\/p>\n","protected":false},"excerpt":{"rendered":"<p>La poblaci\u00f3 \u00e9s el subconjunt d&#8217;individus que es vol estudiar. Poden ser persones, fets, objectes, etc. \u00c9s el conjunt que inclou tots els casos amb les caracter\u00edstiques que volem estudiar i que reflectirem despr\u00e9s en la mostra. Tot univers est\u00e0 format per una o m\u00e9s poblacions. Un exemple s\u00f3n els habitants dels alumnes de la [&hellip;]<\/p>\n","protected":false},"author":1,"featured_media":0,"parent":0,"menu_order":0,"comment_status":"closed","ping_status":"closed","template":"","meta":[],"_links":{"self":[{"href":"http:\/\/tecniques-metodes-recerca.recursos.uoc.edu\/ca\/wp-json\/wp\/v2\/pages\/1135"}],"collection":[{"href":"http:\/\/tecniques-metodes-recerca.recursos.uoc.edu\/ca\/wp-json\/wp\/v2\/pages"}],"about":[{"href":"http:\/\/tecniques-metodes-recerca.recursos.uoc.edu\/ca\/wp-json\/wp\/v2\/types\/page"}],"author":[{"embeddable":true,"href":"http:\/\/tecniques-metodes-recerca.recursos.uoc.edu\/ca\/wp-json\/wp\/v2\/users\/1"}],"replies":[{"embeddable":true,"href":"http:\/\/tecniques-metodes-recerca.recursos.uoc.edu\/ca\/wp-json\/wp\/v2\/comments?post=1135"}],"version-history":[{"count":1,"href":"http:\/\/tecniques-metodes-recerca.recursos.uoc.edu\/ca\/wp-json\/wp\/v2\/pages\/1135\/revisions"}],"predecessor-version":[{"id":1136,"href":"http:\/\/tecniques-metodes-recerca.recursos.uoc.edu\/ca\/wp-json\/wp\/v2\/pages\/1135\/revisions\/1136"}],"wp:attachment":[{"href":"http:\/\/tecniques-metodes-recerca.recursos.uoc.edu\/ca\/wp-json\/wp\/v2\/media?parent=1135"}],"curies":[{"name":"wp","href":"https:\/\/api.w.org\/{rel}","templated":true}]}}