{"id":1156,"date":"2020-10-29T15:01:31","date_gmt":"2020-10-29T13:01:31","guid":{"rendered":"http:\/\/tecniques-metodes-recerca.recursos.uoc.edu\/7-5-1-la-variable-dependiente\/"},"modified":"2020-12-14T13:47:12","modified_gmt":"2020-12-14T11:47:12","slug":"7-5-1-la-variable-dependent","status":"publish","type":"page","link":"http:\/\/tecniques-metodes-recerca.recursos.uoc.edu\/ca\/7-5-1-la-variable-dependent\/","title":{"rendered":"7.5.1. La variable dependent"},"content":{"rendered":"<p>\u00c9s la que l&#8217;investigador vol estudiar de manera priorit\u00e0ria. Se suposa que els valors que adquireix depenen d&#8217;altres variables. \u00c9s \u00abl&#8217;efecte\u00bb, parlant estad\u00edsticament. Per exemple, el consum d&#8217;una s\u00e8rie de Netflix en una determinada audi\u00e8ncia (variable depenent) es pot explicar mitjan\u00e7ant variables independents: grau de coneixement del programa, oferta d&#8217;altres plataformes, etc.<\/p>\n","protected":false},"excerpt":{"rendered":"<p>\u00c9s la que l&#8217;investigador vol estudiar de manera priorit\u00e0ria. Se suposa que els valors que adquireix depenen d&#8217;altres variables. \u00c9s \u00abl&#8217;efecte\u00bb, parlant estad\u00edsticament. Per exemple, el consum d&#8217;una s\u00e8rie de Netflix en una determinada audi\u00e8ncia (variable depenent) es pot explicar mitjan\u00e7ant variables independents: grau de coneixement del programa, oferta d&#8217;altres plataformes, etc.<\/p>\n","protected":false},"author":1,"featured_media":0,"parent":0,"menu_order":0,"comment_status":"closed","ping_status":"closed","template":"","meta":[],"_links":{"self":[{"href":"http:\/\/tecniques-metodes-recerca.recursos.uoc.edu\/ca\/wp-json\/wp\/v2\/pages\/1156"}],"collection":[{"href":"http:\/\/tecniques-metodes-recerca.recursos.uoc.edu\/ca\/wp-json\/wp\/v2\/pages"}],"about":[{"href":"http:\/\/tecniques-metodes-recerca.recursos.uoc.edu\/ca\/wp-json\/wp\/v2\/types\/page"}],"author":[{"embeddable":true,"href":"http:\/\/tecniques-metodes-recerca.recursos.uoc.edu\/ca\/wp-json\/wp\/v2\/users\/1"}],"replies":[{"embeddable":true,"href":"http:\/\/tecniques-metodes-recerca.recursos.uoc.edu\/ca\/wp-json\/wp\/v2\/comments?post=1156"}],"version-history":[{"count":1,"href":"http:\/\/tecniques-metodes-recerca.recursos.uoc.edu\/ca\/wp-json\/wp\/v2\/pages\/1156\/revisions"}],"predecessor-version":[{"id":1157,"href":"http:\/\/tecniques-metodes-recerca.recursos.uoc.edu\/ca\/wp-json\/wp\/v2\/pages\/1156\/revisions\/1157"}],"wp:attachment":[{"href":"http:\/\/tecniques-metodes-recerca.recursos.uoc.edu\/ca\/wp-json\/wp\/v2\/media?parent=1156"}],"curies":[{"name":"wp","href":"https:\/\/api.w.org\/{rel}","templated":true}]}}