{"id":1159,"date":"2020-10-29T15:02:07","date_gmt":"2020-10-29T13:02:07","guid":{"rendered":"http:\/\/tecniques-metodes-recerca.recursos.uoc.edu\/7-5-2-la-variable-independiente\/"},"modified":"2020-12-14T13:47:21","modified_gmt":"2020-12-14T11:47:21","slug":"7-5-2-la-variable-independent","status":"publish","type":"page","link":"http:\/\/tecniques-metodes-recerca.recursos.uoc.edu\/ca\/7-5-2-la-variable-independent\/","title":{"rendered":"7.5.2. La variable independent"},"content":{"rendered":"<p>La variable independent o explicativa ens permet con\u00e8ixer per qu\u00e8 la variable dependent varia en una poblaci\u00f3 determinada: \u00e9s la \u00abcausa\u00bb que una variable es comporti d&#8217;una manera determinada. D&#8217;acord amb Berganza (<em>op. cit<\/em>., p\u00e0g. 121), tamb\u00e9 reben el nom de \u00abpredict\u00f2ries\u00bb, ja que ens permeten predir els valors d&#8217;altres variables, i \u00abexplicatives\u00bb, ja que seran utilitzades per explicar altres variables.<\/p>\n<p>A difer\u00e8ncia de les variables quantitatives, les qualitatives no s\u00f3n quantificables. Entre aquestes variables tenim el g\u00e8nere d&#8217;una persona, el nivell educatiu, etc.<\/p>\n","protected":false},"excerpt":{"rendered":"<p>La variable independent o explicativa ens permet con\u00e8ixer per qu\u00e8 la variable dependent varia en una poblaci\u00f3 determinada: \u00e9s la \u00abcausa\u00bb que una variable es comporti d&#8217;una manera determinada. D&#8217;acord amb Berganza (op. cit., p\u00e0g. 121), tamb\u00e9 reben el nom de \u00abpredict\u00f2ries\u00bb, ja que ens permeten predir els valors d&#8217;altres variables, i \u00abexplicatives\u00bb, ja que [&hellip;]<\/p>\n","protected":false},"author":1,"featured_media":0,"parent":0,"menu_order":0,"comment_status":"closed","ping_status":"closed","template":"","meta":[],"_links":{"self":[{"href":"http:\/\/tecniques-metodes-recerca.recursos.uoc.edu\/ca\/wp-json\/wp\/v2\/pages\/1159"}],"collection":[{"href":"http:\/\/tecniques-metodes-recerca.recursos.uoc.edu\/ca\/wp-json\/wp\/v2\/pages"}],"about":[{"href":"http:\/\/tecniques-metodes-recerca.recursos.uoc.edu\/ca\/wp-json\/wp\/v2\/types\/page"}],"author":[{"embeddable":true,"href":"http:\/\/tecniques-metodes-recerca.recursos.uoc.edu\/ca\/wp-json\/wp\/v2\/users\/1"}],"replies":[{"embeddable":true,"href":"http:\/\/tecniques-metodes-recerca.recursos.uoc.edu\/ca\/wp-json\/wp\/v2\/comments?post=1159"}],"version-history":[{"count":1,"href":"http:\/\/tecniques-metodes-recerca.recursos.uoc.edu\/ca\/wp-json\/wp\/v2\/pages\/1159\/revisions"}],"predecessor-version":[{"id":1160,"href":"http:\/\/tecniques-metodes-recerca.recursos.uoc.edu\/ca\/wp-json\/wp\/v2\/pages\/1159\/revisions\/1160"}],"wp:attachment":[{"href":"http:\/\/tecniques-metodes-recerca.recursos.uoc.edu\/ca\/wp-json\/wp\/v2\/media?parent=1159"}],"curies":[{"name":"wp","href":"https:\/\/api.w.org\/{rel}","templated":true}]}}