{"id":1162,"date":"2020-10-29T15:03:51","date_gmt":"2020-10-29T13:03:51","guid":{"rendered":"http:\/\/tecniques-metodes-recerca.recursos.uoc.edu\/7-6-relacion-entre-variables-causalidad-correlacion-y-regresion\/"},"modified":"2020-12-14T13:47:33","modified_gmt":"2020-12-14T11:47:33","slug":"7-6-relacio-entre-variables-causalitat-correlacio-i-regressio","status":"publish","type":"page","link":"http:\/\/tecniques-metodes-recerca.recursos.uoc.edu\/ca\/7-6-relacio-entre-variables-causalitat-correlacio-i-regressio\/","title":{"rendered":"7.6. Relaci\u00f3 entre variables: causalitat, correlaci\u00f3 i regressi\u00f3"},"content":{"rendered":"<p>D&#8217;acord amb De la Fuente, quan estudiem dues o m\u00e9s variables que no s\u00f3n independents<\/p>\n<blockquote><p>\u00abla relaci\u00f3 entre elles pot ser funcional (relaci\u00f3 matem\u00e0tica exacta entre dues variables, per exemple, l\u2019espai recorregut per un vehicle que circula a velocitat constant i el temps emprat a rec\u00f3rrer-lo) o estad\u00edstica (no hi ha una expressi\u00f3 matem\u00e0tica exacta que relacioni ambdues variables i hi ha una relaci\u00f3 aproximada entre les dues variables; per exemple, l\u2019increment de les vendes de llibres en funci\u00f3 de la quantitat gastada en publicitat).<\/p>\n<p>En aquest \u00faltim cas interessa estudiar el grau de depend\u00e8ncia existent entre ambdues variables. Ho farem amb l&#8217;an\u00e0lisi de correlaci\u00f3. I, finalment, desenvoluparem un model matem\u00e0tic per estimar el valor d&#8217;una variable basant-nos en el valor d&#8217;una altra, i ho anomenarem an\u00e0lisi de regressi\u00f3\u00bb.<\/p><\/blockquote>\n<div class=\"blockquote-author\"><p>De la Fuente (s. d., p\u00e0g. 7)<\/p>\n<\/div>\n<p>No obstant aix\u00f2, l&#8217;an\u00e0lisi de regressi\u00f3 no estableix una relaci\u00f3 causa-efecte o causalitat entre variables, sin\u00f3 que ens indica com estan associades aquestes variables per poder construir un model que expliqui aquesta relaci\u00f3 (<em>ibid.<\/em>). L&#8217;an\u00e0lisi de regressi\u00f3 ens ajuda a entendre com es comporta una variable dependent a partir d&#8217;una o diverses variables independents.<\/p>\n<p>D&#8217;altra banda, la correlaci\u00f3 indica el grau de la relaci\u00f3 entre dues variables, per\u00f2 el canvi en una no genera necess\u00e0riament un canvi en l&#8217;altra. Per saber el grau de relaci\u00f3 entre variables s\u2019ha de fer una an\u00e0lisi correlacional, que pot ser simple o m\u00faltiple.<\/p>\n","protected":false},"excerpt":{"rendered":"<p>D&#8217;acord amb De la Fuente, quan estudiem dues o m\u00e9s variables que no s\u00f3n independents \u00abla relaci\u00f3 entre elles pot ser funcional (relaci\u00f3 matem\u00e0tica exacta entre dues variables, per exemple, l\u2019espai recorregut per un vehicle que circula a velocitat constant i el temps emprat a rec\u00f3rrer-lo) o estad\u00edstica (no hi ha una expressi\u00f3 matem\u00e0tica exacta [&hellip;]<\/p>\n","protected":false},"author":1,"featured_media":0,"parent":0,"menu_order":0,"comment_status":"closed","ping_status":"closed","template":"","meta":[],"_links":{"self":[{"href":"http:\/\/tecniques-metodes-recerca.recursos.uoc.edu\/ca\/wp-json\/wp\/v2\/pages\/1162"}],"collection":[{"href":"http:\/\/tecniques-metodes-recerca.recursos.uoc.edu\/ca\/wp-json\/wp\/v2\/pages"}],"about":[{"href":"http:\/\/tecniques-metodes-recerca.recursos.uoc.edu\/ca\/wp-json\/wp\/v2\/types\/page"}],"author":[{"embeddable":true,"href":"http:\/\/tecniques-metodes-recerca.recursos.uoc.edu\/ca\/wp-json\/wp\/v2\/users\/1"}],"replies":[{"embeddable":true,"href":"http:\/\/tecniques-metodes-recerca.recursos.uoc.edu\/ca\/wp-json\/wp\/v2\/comments?post=1162"}],"version-history":[{"count":2,"href":"http:\/\/tecniques-metodes-recerca.recursos.uoc.edu\/ca\/wp-json\/wp\/v2\/pages\/1162\/revisions"}],"predecessor-version":[{"id":1164,"href":"http:\/\/tecniques-metodes-recerca.recursos.uoc.edu\/ca\/wp-json\/wp\/v2\/pages\/1162\/revisions\/1164"}],"wp:attachment":[{"href":"http:\/\/tecniques-metodes-recerca.recursos.uoc.edu\/ca\/wp-json\/wp\/v2\/media?parent=1162"}],"curies":[{"name":"wp","href":"https:\/\/api.w.org\/{rel}","templated":true}]}}