{"id":1174,"date":"2020-10-29T15:08:17","date_gmt":"2020-10-29T13:08:17","guid":{"rendered":"http:\/\/tecniques-metodes-recerca.recursos.uoc.edu\/8-1-concepto-y-uso\/"},"modified":"2020-12-14T13:47:45","modified_gmt":"2020-12-14T11:47:45","slug":"8-1-concepte-i-us","status":"publish","type":"page","link":"http:\/\/tecniques-metodes-recerca.recursos.uoc.edu\/ca\/8-1-concepte-i-us\/","title":{"rendered":"8.1. Concepte i \u00fas"},"content":{"rendered":"<p>Quan investiguem \u00e9s important prendre consci\u00e8ncia que les t\u00e8cniques s\u00f3n eines a les nostres mans que estan al nostre servei. No ens hi hem d&#8217;obsessionar, per\u00f2 \u00e9s necessari saber triar la que s&#8217;adapti millor al nostre estudi tenint en compte els recursos de temps i econ\u00f2mics per aplicar-les, i el seu coneixement.<\/p>\n<p>Com assenyala Berganza Conde (2005 (1), p\u00e0g. 32), l&#8217;\u00fas de les t\u00e8cniques quantitatives en les ci\u00e8ncies socials es deu al fet que apliquem els principis de les ci\u00e8ncies naturals que intenten \u00abresumir la realitat en nombres\u00bb. Recordem que les ci\u00e8ncies naturals utilitzen especialment el paradigma positivista que defensava Durkheim per analitzar el fet social i contrastar i mesurar els fen\u00f2mens socials.<\/p>\n<p>Les t\u00e8cniques quantitatives ens permeten, per exemple, descriure poblaci\u00f3, revisar les relacions causals entre variables, inferir conclusions (<em>ibid.<\/em>)<\/p>\n","protected":false},"excerpt":{"rendered":"<p>Quan investiguem \u00e9s important prendre consci\u00e8ncia que les t\u00e8cniques s\u00f3n eines a les nostres mans que estan al nostre servei. No ens hi hem d&#8217;obsessionar, per\u00f2 \u00e9s necessari saber triar la que s&#8217;adapti millor al nostre estudi tenint en compte els recursos de temps i econ\u00f2mics per aplicar-les, i el seu coneixement. Com assenyala Berganza [&hellip;]<\/p>\n","protected":false},"author":1,"featured_media":0,"parent":0,"menu_order":0,"comment_status":"closed","ping_status":"closed","template":"","meta":[],"_links":{"self":[{"href":"http:\/\/tecniques-metodes-recerca.recursos.uoc.edu\/ca\/wp-json\/wp\/v2\/pages\/1174"}],"collection":[{"href":"http:\/\/tecniques-metodes-recerca.recursos.uoc.edu\/ca\/wp-json\/wp\/v2\/pages"}],"about":[{"href":"http:\/\/tecniques-metodes-recerca.recursos.uoc.edu\/ca\/wp-json\/wp\/v2\/types\/page"}],"author":[{"embeddable":true,"href":"http:\/\/tecniques-metodes-recerca.recursos.uoc.edu\/ca\/wp-json\/wp\/v2\/users\/1"}],"replies":[{"embeddable":true,"href":"http:\/\/tecniques-metodes-recerca.recursos.uoc.edu\/ca\/wp-json\/wp\/v2\/comments?post=1174"}],"version-history":[{"count":2,"href":"http:\/\/tecniques-metodes-recerca.recursos.uoc.edu\/ca\/wp-json\/wp\/v2\/pages\/1174\/revisions"}],"predecessor-version":[{"id":1176,"href":"http:\/\/tecniques-metodes-recerca.recursos.uoc.edu\/ca\/wp-json\/wp\/v2\/pages\/1174\/revisions\/1176"}],"wp:attachment":[{"href":"http:\/\/tecniques-metodes-recerca.recursos.uoc.edu\/ca\/wp-json\/wp\/v2\/media?parent=1174"}],"curies":[{"name":"wp","href":"https:\/\/api.w.org\/{rel}","templated":true}]}}