{"id":1182,"date":"2020-10-29T15:46:43","date_gmt":"2020-10-29T13:46:43","guid":{"rendered":"http:\/\/tecniques-metodes-recerca.recursos.uoc.edu\/8-2-2-el-cuestionario\/"},"modified":"2020-12-14T13:48:03","modified_gmt":"2020-12-14T11:48:03","slug":"8-2-2-el-questionari","status":"publish","type":"page","link":"http:\/\/tecniques-metodes-recerca.recursos.uoc.edu\/ca\/8-2-2-el-questionari\/","title":{"rendered":"8.2.2. El q\u00fcestionari"},"content":{"rendered":"<p>\u00c9s el document en qu\u00e8 incloem les preguntes de la recerca, sia per a una enquesta o per a una entrevista. En tant que sigui possible, s&#8217;ha de fer una prova pilot per garantir el funcionament de les preguntes. Aix\u00f2 vol dir passar el q\u00fcestionari a diverses persones a l&#8217;atzar per veure si comprenen les preguntes.<\/p>\n<p>En el disseny del q\u00fcestionari s\u00f3n importants els aspectes seg\u00fcents:<\/p>\n<ul>\n<li>Establir una introducci\u00f3 curta en qu\u00e8 s&#8217;explica la recerca, l&#8217;objecte de la recerca i les institucions participants. Aquest punt \u00e9s molt important quan l&#8217;enquesta \u00e9s autogestionada, perqu\u00e8 no hi ha la possibilitat que el subjecte solucioni els seus dubtes. Si es fa mitjan\u00e7ant un entrevistador, aquest ha d&#8217;estar ben informat per contestar a les preguntes de la persona.<\/li>\n<li>Redactar preguntes curtes, clares, en llenguatge senzill.<\/li>\n<li>Les preguntes tancades (de selecci\u00f3 m\u00faltiple) s\u00f3n m\u00e9s senzilles de codificar i analitzar.<\/li>\n<li>Dividir el q\u00fcestionari en apartats segons el tipus d&#8217;informaci\u00f3.<\/li>\n<li>L&#8217;investigador ha de ser creatiu per trobar la manera que el q\u00fcestionari sigui suficientment curt, perqu\u00e8 l&#8217;entrevistat no es cansi i el deixi a mig contestar, encara que ha d&#8217;incloure totes les preguntes necess\u00e0ries.<\/li>\n<\/ul>\n<p>Aix\u00f2 implica un exercici de reflexi\u00f3 sobre la import\u00e0ncia de cadascuna de les preguntes.<\/p>\n<p>Els q\u00fcestionaris poden ser autoadministrats (quan els emplena l&#8217;enquestat), telef\u00f2nics, semiautoadministrats (amb l&#8217;ajuda d&#8217;un enquestador), per correu electr\u00f2nic, o amb formularis en l\u00ednia.<\/p>\n<p>Igartua (2006, p\u00e0g. 236 i seg.) planteja els objectius dels q\u00fcestionaris de tres formes que s&#8217;expliquen a continuaci\u00f3. Aix\u00f2 no vol dir que hi hagi preguntes especials per a cada q\u00fcestionari, sin\u00f3 que l&#8217;orientaci\u00f3 de cadascun se circumscriu a un camp determinat.<\/p>\n<p><strong>El q\u00fcestionari experimental<\/strong><\/p>\n<p>\u00c9s un q\u00fcestionari, conegut tamb\u00e9 com a <em>split ballot<\/em>, que t\u00e9 diferents versions en les quals un mateix element es presenta de manera diferent: una pregunta en un lloc diferent, una manera de preguntar diferent, etc. Aix\u00f2 es fa per veure si la manipulaci\u00f3 d&#8217;aquest element influeix d&#8217;alguna manera en les respostes. \u00c9s usual quan es pregunta l&#8217;opini\u00f3 sobre un determinat tema. El subjecte entrevistat no sap que hi ha altres versions del q\u00fcestionari, perqu\u00e8 \u00e9s una informaci\u00f3 que no t\u00e9 rellev\u00e0ncia per a ell.<\/p>\n<p><strong>El q\u00fcestionari d&#8217;avaluaci\u00f3 de programes i intervencions medi\u00e0tiques<\/strong><\/p>\n<p>D&#8217;acord amb Igartua (<em>op. cit<\/em>.), aquest tipus de q\u00fcestionaris \u00e9s \u00fatil quan s&#8217;analitza, per exemple, l&#8217;impacte de les campanyes de salut. Si s&#8217;estudien els efectes de les campanyes publicit\u00e0ries contra el tabaquisme, s&#8217;analitza l&#8217;exposici\u00f3 del subjecte a un determinat nombre d&#8217;anuncis, el coneixement de les conseq\u00fc\u00e8ncies de fumar, etc. \u00c9s una classe de q\u00fcestionari que s&#8217;usa molt en la comunicaci\u00f3 per a la salut.<\/p>\n<p><strong>El q\u00fcestionari com a instrument d&#8217;avaluaci\u00f3 de processos i efectes de recepci\u00f3 medi\u00e0tica<\/strong><\/p>\n<p>\u00c9s un q\u00fcestionari que s&#8217;usa per estudiar els efectes del consum, l&#8217;\u00fas i els efectes medi\u00e0tics (incloses les xarxes socials). En psicologia de la comunicaci\u00f3 i la publicitat s&#8217;utilitza aquest tipus de q\u00fcestionaris per con\u00e8ixer, per exemple, l&#8217;impacte i l&#8217;opini\u00f3 dels usuaris, el consum de productes culturals despr\u00e9s d&#8217;una determinada campanya publicit\u00e0ria, l&#8217;opini\u00f3 sobre una pel\u00b7l\u00edcula, etc.<\/p>\n<p><strong>El biaix<\/strong><\/p>\n<p>En cas que la mostra sigui poc representativa de la poblaci\u00f3 global, direm que la mostra \u00e9s esbiaixada (o que t\u00e9 biaix). Aquest biaix se sol donar quan alguns sectors de la poblaci\u00f3 estan m\u00e9s representats en la mostra que uns altres (Gil, s. d., p\u00e0g. 6 i seg.).<\/p>\n<p>El biaix es pot originar, per exemple, perqu\u00e8 s&#8217;intenta preveure les respostes dels enquestats i l&#8217;investigador ja t\u00e9 una presumpci\u00f3 dels resultats que cal obtenir. Tamb\u00e9 pot ser una falta de claredat en la definici\u00f3 de l&#8217;objecte d&#8217;estudi.<\/p>\n","protected":false},"excerpt":{"rendered":"<p>\u00c9s el document en qu\u00e8 incloem les preguntes de la recerca, sia per a una enquesta o per a una entrevista. En tant que sigui possible, s&#8217;ha de fer una prova pilot per garantir el funcionament de les preguntes. Aix\u00f2 vol dir passar el q\u00fcestionari a diverses persones a l&#8217;atzar per veure si comprenen les [&hellip;]<\/p>\n","protected":false},"author":1,"featured_media":0,"parent":0,"menu_order":0,"comment_status":"closed","ping_status":"closed","template":"","meta":[],"_links":{"self":[{"href":"http:\/\/tecniques-metodes-recerca.recursos.uoc.edu\/ca\/wp-json\/wp\/v2\/pages\/1182"}],"collection":[{"href":"http:\/\/tecniques-metodes-recerca.recursos.uoc.edu\/ca\/wp-json\/wp\/v2\/pages"}],"about":[{"href":"http:\/\/tecniques-metodes-recerca.recursos.uoc.edu\/ca\/wp-json\/wp\/v2\/types\/page"}],"author":[{"embeddable":true,"href":"http:\/\/tecniques-metodes-recerca.recursos.uoc.edu\/ca\/wp-json\/wp\/v2\/users\/1"}],"replies":[{"embeddable":true,"href":"http:\/\/tecniques-metodes-recerca.recursos.uoc.edu\/ca\/wp-json\/wp\/v2\/comments?post=1182"}],"version-history":[{"count":2,"href":"http:\/\/tecniques-metodes-recerca.recursos.uoc.edu\/ca\/wp-json\/wp\/v2\/pages\/1182\/revisions"}],"predecessor-version":[{"id":1184,"href":"http:\/\/tecniques-metodes-recerca.recursos.uoc.edu\/ca\/wp-json\/wp\/v2\/pages\/1182\/revisions\/1184"}],"wp:attachment":[{"href":"http:\/\/tecniques-metodes-recerca.recursos.uoc.edu\/ca\/wp-json\/wp\/v2\/media?parent=1182"}],"curies":[{"name":"wp","href":"https:\/\/api.w.org\/{rel}","templated":true}]}}