{"id":1186,"date":"2020-10-29T15:48:10","date_gmt":"2020-10-29T13:48:10","guid":{"rendered":"http:\/\/tecniques-metodes-recerca.recursos.uoc.edu\/8-3-1-muestreo-aleatorio\/"},"modified":"2020-12-14T13:48:13","modified_gmt":"2020-12-14T11:48:13","slug":"8-3-1-mostreig-aleatori","status":"publish","type":"page","link":"http:\/\/tecniques-metodes-recerca.recursos.uoc.edu\/ca\/8-3-1-mostreig-aleatori\/","title":{"rendered":"8.3.1. Mostreig aleatori"},"content":{"rendered":"<p>Les t\u00e8cniques de mostreig es classifiquen en aleat\u00f2ries i no aleat\u00f2ries.<\/p>\n<p>El mostreig aleatori indica que tots els subjectes de l&#8217;univers tenen les mateixes probabilitats d&#8217;entrar en la mostra. Com explica Vinuesa (2006, p\u00e0g. 185 i seg.), \u00abperqu\u00e8 es doni l&#8217;aleatorietat, els components han de ser triats per atzar probabil\u00edstic; si no \u00e9s aix\u00ed, parlarem d&#8217;atzar no probabil\u00edstic\u00bb.<\/p>\n","protected":false},"excerpt":{"rendered":"<p>Les t\u00e8cniques de mostreig es classifiquen en aleat\u00f2ries i no aleat\u00f2ries. El mostreig aleatori indica que tots els subjectes de l&#8217;univers tenen les mateixes probabilitats d&#8217;entrar en la mostra. Com explica Vinuesa (2006, p\u00e0g. 185 i seg.), \u00abperqu\u00e8 es doni l&#8217;aleatorietat, els components han de ser triats per atzar probabil\u00edstic; si no \u00e9s aix\u00ed, parlarem [&hellip;]<\/p>\n","protected":false},"author":1,"featured_media":0,"parent":0,"menu_order":0,"comment_status":"closed","ping_status":"closed","template":"","meta":[],"_links":{"self":[{"href":"http:\/\/tecniques-metodes-recerca.recursos.uoc.edu\/ca\/wp-json\/wp\/v2\/pages\/1186"}],"collection":[{"href":"http:\/\/tecniques-metodes-recerca.recursos.uoc.edu\/ca\/wp-json\/wp\/v2\/pages"}],"about":[{"href":"http:\/\/tecniques-metodes-recerca.recursos.uoc.edu\/ca\/wp-json\/wp\/v2\/types\/page"}],"author":[{"embeddable":true,"href":"http:\/\/tecniques-metodes-recerca.recursos.uoc.edu\/ca\/wp-json\/wp\/v2\/users\/1"}],"replies":[{"embeddable":true,"href":"http:\/\/tecniques-metodes-recerca.recursos.uoc.edu\/ca\/wp-json\/wp\/v2\/comments?post=1186"}],"version-history":[{"count":2,"href":"http:\/\/tecniques-metodes-recerca.recursos.uoc.edu\/ca\/wp-json\/wp\/v2\/pages\/1186\/revisions"}],"predecessor-version":[{"id":1188,"href":"http:\/\/tecniques-metodes-recerca.recursos.uoc.edu\/ca\/wp-json\/wp\/v2\/pages\/1186\/revisions\/1188"}],"wp:attachment":[{"href":"http:\/\/tecniques-metodes-recerca.recursos.uoc.edu\/ca\/wp-json\/wp\/v2\/media?parent=1186"}],"curies":[{"name":"wp","href":"https:\/\/api.w.org\/{rel}","templated":true}]}}