{"id":1194,"date":"2020-10-29T15:50:54","date_gmt":"2020-10-29T13:50:54","guid":{"rendered":"http:\/\/tecniques-metodes-recerca.recursos.uoc.edu\/8-3-3-muestreo-aleatorio-sistematico\/"},"modified":"2020-12-14T13:48:33","modified_gmt":"2020-12-14T11:48:33","slug":"8-3-3-mostreig-aleatori-sistematic","status":"publish","type":"page","link":"http:\/\/tecniques-metodes-recerca.recursos.uoc.edu\/ca\/8-3-3-mostreig-aleatori-sistematic\/","title":{"rendered":"8.3.3. Mostreig aleatori sistem\u00e0tic"},"content":{"rendered":"<p>Necessita obtenir un coeficient d&#8217;elevaci\u00f3, que t\u00e9 a veure amb les vegades que la mostra est\u00e0 continguda en l&#8217;univers. Aix\u00f2 s\u2019aconsegueix dividint l&#8217;univers entre la mostra, per la qual cosa es necessita con\u00e8ixer els dos valors.<\/p>\n<p>Es fa quan els elements de la poblaci\u00f3 estan en una llista. Una vegada que es tria un nombre, la resta est\u00e0 condicionada. Per introduir l&#8217;aleatorietat, es diu per on es comencen a agafar els elements.<\/p>\n<p>Si el coeficient d&#8217;elevaci\u00f3 no \u00e9s un nombre natural, es procedeix a arrodonir-lo.<\/p>\n<p>&nbsp;<\/p>\n<div class=\"featured featured-grey\"><\/p>\n<p><strong>Exemple<\/strong><\/p>\n<ul>\n<li>Si en una llista hi ha cent nombres i volem agafar-ne vint-i-cinc, el primer que fem \u00e9s calcular el coeficient d&#8217;elevaci\u00f3 (que \u00e9s el resultat del quocient de la grand\u00e0ria de la poblaci\u00f3 per la de la mostra), en aquest cas 4. Triarem un dels nombres a l&#8217;atzar entre els quatre primers i, a partir d&#8217;aquest moment, prendrem els elements de quatre en quatre a partir del triat.<\/li>\n<li>Imaginem que hem de recollir una mostra de grand\u00e0ria 20 i la poblaci\u00f3 t\u00e9 una grand\u00e0ria de 600. Com que hem de triar 20 de 600 (el coeficient d&#8217;elevaci\u00f3 \u00e9s el resultat de dividir 600 entre 20), \u00e9s a dir, 1 de cada 30, procedirem aix\u00ed: ordenarem els elements de la poblaci\u00f3 i els numerarem, en triarem un a l&#8217;atzar entre els numerats de l&#8217;1 al 30 (per exemple, el 27) i despr\u00e9s els altres a partir d&#8217;aquest a intervals de trenta. Escollirem, per tant, els elements de la poblaci\u00f3 corresponents als nombres seg\u00fcents: 27,57,87,117,147,177,207,237,267,297,327,357,387,417,447,477,507,537,567,597, i el 627 ja ser\u00e0 el 27 una altra vegada.<\/li>\n<\/ul>\n<p>Aquest tipus de mostreig presenta el mateix problema que l&#8217;anterior: pot ser que no hi hagi alumnes de diferents nivells en la mostra i\/o edat triats aix\u00ed.<\/p>\n<p>\n<\/div>\n<p>&nbsp;<\/p>\n","protected":false},"excerpt":{"rendered":"<p>Necessita obtenir un coeficient d&#8217;elevaci\u00f3, que t\u00e9 a veure amb les vegades que la mostra est\u00e0 continguda en l&#8217;univers. Aix\u00f2 s\u2019aconsegueix dividint l&#8217;univers entre la mostra, per la qual cosa es necessita con\u00e8ixer els dos valors. Es fa quan els elements de la poblaci\u00f3 estan en una llista. Una vegada que es tria un nombre, [&hellip;]<\/p>\n","protected":false},"author":1,"featured_media":0,"parent":0,"menu_order":0,"comment_status":"closed","ping_status":"closed","template":"","meta":[],"_links":{"self":[{"href":"http:\/\/tecniques-metodes-recerca.recursos.uoc.edu\/ca\/wp-json\/wp\/v2\/pages\/1194"}],"collection":[{"href":"http:\/\/tecniques-metodes-recerca.recursos.uoc.edu\/ca\/wp-json\/wp\/v2\/pages"}],"about":[{"href":"http:\/\/tecniques-metodes-recerca.recursos.uoc.edu\/ca\/wp-json\/wp\/v2\/types\/page"}],"author":[{"embeddable":true,"href":"http:\/\/tecniques-metodes-recerca.recursos.uoc.edu\/ca\/wp-json\/wp\/v2\/users\/1"}],"replies":[{"embeddable":true,"href":"http:\/\/tecniques-metodes-recerca.recursos.uoc.edu\/ca\/wp-json\/wp\/v2\/comments?post=1194"}],"version-history":[{"count":2,"href":"http:\/\/tecniques-metodes-recerca.recursos.uoc.edu\/ca\/wp-json\/wp\/v2\/pages\/1194\/revisions"}],"predecessor-version":[{"id":1196,"href":"http:\/\/tecniques-metodes-recerca.recursos.uoc.edu\/ca\/wp-json\/wp\/v2\/pages\/1194\/revisions\/1196"}],"wp:attachment":[{"href":"http:\/\/tecniques-metodes-recerca.recursos.uoc.edu\/ca\/wp-json\/wp\/v2\/media?parent=1194"}],"curies":[{"name":"wp","href":"https:\/\/api.w.org\/{rel}","templated":true}]}}