{"id":1204,"date":"2020-10-29T15:53:16","date_gmt":"2020-10-29T13:53:16","guid":{"rendered":"http:\/\/tecniques-metodes-recerca.recursos.uoc.edu\/8-3-5-muestreo-por-conglomerados\/"},"modified":"2020-12-14T13:48:46","modified_gmt":"2020-12-14T11:48:46","slug":"8-3-5-mostreig-per-conglomerats","status":"publish","type":"page","link":"http:\/\/tecniques-metodes-recerca.recursos.uoc.edu\/ca\/8-3-5-mostreig-per-conglomerats\/","title":{"rendered":"8.3.5. Mostreig per conglomerats"},"content":{"rendered":"<p>Els conglomerats poden ser \u00e0rees geogr\u00e0fiques o institucions. En el mostreig per conglomerats se selecciona una mostra aleat\u00f2ria de conglomerats i, en cada conglomerat, se selecciona a l&#8217;atzar una mostra dels seus individus.<\/p>\n<p>S&#8217;aplica quan la poblaci\u00f3 presenta heterogene\u00eftat. Si no es disposa de la relaci\u00f3 dels elements de la poblaci\u00f3 o dels possibles estrats no es pot aplicar els mostrejos anteriors. Aqu\u00ed entra en joc l&#8217;anomenat mostreig per conglomerats, en el qual, en lloc de triar individus directament, es trien unitats m\u00e9s \u00e0mplies en les quals es classifiquen els elements de la poblaci\u00f3, anomenats conglomerats. En cada etapa del mostreig se seleccionen conglomerats en lloc de seleccionar elements a l&#8217;atzar.<\/p>\n<p>Els conglomerats han de ser tan heterogenis com la poblaci\u00f3 que es vol estudiar perqu\u00e8 la representi b\u00e9. Despr\u00e9s es triarien alguns dels conglomerats a l&#8217;atzar, i en aquests s&#8217;analitzarien tots els seus elements o es prendria una mostra aleat\u00f2ria simple.<\/p>\n<p>No hem de confondre estrat amb conglomerat. Un estrat \u00e9s homogeni (els seus elements tenen les mateixes caracter\u00edstiques), mentre que un conglomerat \u00e9s heterogeni (ha de representar b\u00e9 la poblaci\u00f3).<\/p>\n<p>Com veiem, els conglomerats s\u00f3n unitats \u00e0mplies i heterog\u00e8nies.<\/p>\n<p>&nbsp;<\/p>\n<div class=\"featured featured-grey\"><\/p>\n<p><strong>Exemple<\/strong><\/p>\n<p>Suposem que volem extreure una mostra aleat\u00f2ria d&#8217;habitants d&#8217;un pa\u00eds per a un estudi.<\/p>\n<p>Necessitar\u00edem una llista amb tots els habitants per poder fer algun mostreig del tipus dels tres anteriors, la qual cosa \u00e9s molt dif\u00edcil d&#8217;aconseguir. No obstant aix\u00f2, en una primera etapa podem seleccionar algunes comunitats aut\u00f2nomes, despr\u00e9s algunes prov\u00edncies a l&#8217;atzar, dins de les prov\u00edncies algunes localitats, i dins d&#8217;aquestes localitats alguns habitants per mostreig aleatori simple sense reempla\u00e7ament. En cada etapa els conglomerats serien les diferents comunitats aut\u00f2nomes, les diferents prov\u00edncies i les diferents localitats.<\/p>\n<p>Aquest tipus de mostreig presenta el mateix problema que els anteriors, que \u00e9s que en no estratificar podem seleccionar alumnes de la mateixa edat i deixar sense seleccionar alumnes d&#8217;una franja d&#8217;edat, i sembla bastant raonable que els mitjans on vegin publicitat i les xarxes socials que usin vagin molt lligats a la seva edat.<\/p>\n<p>\n<\/div>\n<p>&nbsp;<\/p>\n","protected":false},"excerpt":{"rendered":"<p>Els conglomerats poden ser \u00e0rees geogr\u00e0fiques o institucions. En el mostreig per conglomerats se selecciona una mostra aleat\u00f2ria de conglomerats i, en cada conglomerat, se selecciona a l&#8217;atzar una mostra dels seus individus. S&#8217;aplica quan la poblaci\u00f3 presenta heterogene\u00eftat. Si no es disposa de la relaci\u00f3 dels elements de la poblaci\u00f3 o dels possibles estrats [&hellip;]<\/p>\n","protected":false},"author":1,"featured_media":0,"parent":0,"menu_order":0,"comment_status":"closed","ping_status":"closed","template":"","meta":[],"_links":{"self":[{"href":"http:\/\/tecniques-metodes-recerca.recursos.uoc.edu\/ca\/wp-json\/wp\/v2\/pages\/1204"}],"collection":[{"href":"http:\/\/tecniques-metodes-recerca.recursos.uoc.edu\/ca\/wp-json\/wp\/v2\/pages"}],"about":[{"href":"http:\/\/tecniques-metodes-recerca.recursos.uoc.edu\/ca\/wp-json\/wp\/v2\/types\/page"}],"author":[{"embeddable":true,"href":"http:\/\/tecniques-metodes-recerca.recursos.uoc.edu\/ca\/wp-json\/wp\/v2\/users\/1"}],"replies":[{"embeddable":true,"href":"http:\/\/tecniques-metodes-recerca.recursos.uoc.edu\/ca\/wp-json\/wp\/v2\/comments?post=1204"}],"version-history":[{"count":1,"href":"http:\/\/tecniques-metodes-recerca.recursos.uoc.edu\/ca\/wp-json\/wp\/v2\/pages\/1204\/revisions"}],"predecessor-version":[{"id":1205,"href":"http:\/\/tecniques-metodes-recerca.recursos.uoc.edu\/ca\/wp-json\/wp\/v2\/pages\/1204\/revisions\/1205"}],"wp:attachment":[{"href":"http:\/\/tecniques-metodes-recerca.recursos.uoc.edu\/ca\/wp-json\/wp\/v2\/media?parent=1204"}],"curies":[{"name":"wp","href":"https:\/\/api.w.org\/{rel}","templated":true}]}}