{"id":1207,"date":"2020-10-29T15:53:54","date_gmt":"2020-10-29T13:53:54","guid":{"rendered":"http:\/\/tecniques-metodes-recerca.recursos.uoc.edu\/8-3-6-muestreo-polietapico\/"},"modified":"2020-12-14T13:48:52","modified_gmt":"2020-12-14T11:48:52","slug":"8-3-6-mostreig-polietapic","status":"publish","type":"page","link":"http:\/\/tecniques-metodes-recerca.recursos.uoc.edu\/ca\/8-3-6-mostreig-polietapic\/","title":{"rendered":"8.3.6. Mostreig poliet\u00e0pic"},"content":{"rendered":"<p>Hi ha un altre tipus de mostreig aleatori, que rep el nom de mostreig poliet\u00e0pic. Aquest tipus de mostreig consisteix a formar estrats. Despr\u00e9s es fa un mostreig dels anteriors, despr\u00e9s se\u2019n fa un altre, etc.<\/p>\n<p>En els nostres casos d&#8217;estudi durem a terme primer un mostreig aleatori estratificat per h\u00e0bitat (\u00e9s a dir, centre rural o urb\u00e0) tenint en compte el percentatge de centres rurals i urbans de Barcelona i el total de centres necessaris de la mostra. Una vegada fixat el nombre de centre rurals i urbans, els triarem fent \u00fas d&#8217;un mostreig aleatori sistem\u00e0tic o simplement aleatori sense reempla\u00e7ament.<\/p>\n<p>Una vegada triats els centres, tornarem a dur a terme un mostreig aleatori estratificat, ara per nombre d&#8217;alumnes, i aix\u00ed determinarem el nombre total d&#8217;alumnes triats de cada centre.<\/p>\n<p>Despr\u00e9s d\u2019aix\u00f2 tornarem a fer un mostreig aleatori estratificat per a cada centre fixant el nombre d&#8217;alumnes seleccionables de cada centre proporcionalment a les edats de 12 a 20 anys. Finalment, per triarem aquests alumnes de 12 a 20 anys per centre tornarem a rec\u00f3rrer a les t\u00e8cniques de mostreig aleatori sistem\u00e0tic o simplement aleatori sense reempla\u00e7ament.<\/p>\n","protected":false},"excerpt":{"rendered":"<p>Hi ha un altre tipus de mostreig aleatori, que rep el nom de mostreig poliet\u00e0pic. Aquest tipus de mostreig consisteix a formar estrats. Despr\u00e9s es fa un mostreig dels anteriors, despr\u00e9s se\u2019n fa un altre, etc. En els nostres casos d&#8217;estudi durem a terme primer un mostreig aleatori estratificat per h\u00e0bitat (\u00e9s a dir, centre [&hellip;]<\/p>\n","protected":false},"author":1,"featured_media":0,"parent":0,"menu_order":0,"comment_status":"closed","ping_status":"closed","template":"","meta":[],"_links":{"self":[{"href":"http:\/\/tecniques-metodes-recerca.recursos.uoc.edu\/ca\/wp-json\/wp\/v2\/pages\/1207"}],"collection":[{"href":"http:\/\/tecniques-metodes-recerca.recursos.uoc.edu\/ca\/wp-json\/wp\/v2\/pages"}],"about":[{"href":"http:\/\/tecniques-metodes-recerca.recursos.uoc.edu\/ca\/wp-json\/wp\/v2\/types\/page"}],"author":[{"embeddable":true,"href":"http:\/\/tecniques-metodes-recerca.recursos.uoc.edu\/ca\/wp-json\/wp\/v2\/users\/1"}],"replies":[{"embeddable":true,"href":"http:\/\/tecniques-metodes-recerca.recursos.uoc.edu\/ca\/wp-json\/wp\/v2\/comments?post=1207"}],"version-history":[{"count":1,"href":"http:\/\/tecniques-metodes-recerca.recursos.uoc.edu\/ca\/wp-json\/wp\/v2\/pages\/1207\/revisions"}],"predecessor-version":[{"id":1208,"href":"http:\/\/tecniques-metodes-recerca.recursos.uoc.edu\/ca\/wp-json\/wp\/v2\/pages\/1207\/revisions\/1208"}],"wp:attachment":[{"href":"http:\/\/tecniques-metodes-recerca.recursos.uoc.edu\/ca\/wp-json\/wp\/v2\/media?parent=1207"}],"curies":[{"name":"wp","href":"https:\/\/api.w.org\/{rel}","templated":true}]}}