{"id":1210,"date":"2020-10-29T15:55:58","date_gmt":"2020-10-29T13:55:58","guid":{"rendered":"http:\/\/tecniques-metodes-recerca.recursos.uoc.edu\/8-3-7-muestreos-no-aleatorios\/"},"modified":"2020-12-21T18:01:33","modified_gmt":"2020-12-21T16:01:33","slug":"8-3-7-mostrejos-no-aleatoris","status":"publish","type":"page","link":"http:\/\/tecniques-metodes-recerca.recursos.uoc.edu\/ca\/8-3-7-mostrejos-no-aleatoris\/","title":{"rendered":"8.3.7. Mostrejos no aleatoris"},"content":{"rendered":"<p>En aquest tipus de mostreig es t\u00e9 en compte el criteri de l&#8217;investigador. Aix\u00f2 vol dir que la representativitat no est\u00e0 garantida. Com indica Vinuesa (ib\u00edd., p\u00e0g. 189), amb aquest tipus de mostreig els components de l&#8217;univers no tenen les mateixes possibilitats de formar part de l&#8217;estudi. L&#8217;error pot ser major amb aquest tipus de mostrejos.<\/p>\n<p><strong>Mostreig opin\u00e0tic<\/strong><\/p>\n<p>Es pregunta a qui es vol.<\/p>\n<p><strong>Mostreig per quotes<\/strong><\/p>\n<p>Quan l&#8217;estratificaci\u00f3 no \u00e9s possible o resulta molt cara, i tamb\u00e9 en casos en qu\u00e8 no es disposa d&#8217;una llista de la poblaci\u00f3 a investigar, es pot rec\u00f3rrer a l\u2019anomenat mostreig per quotes. \u00c9s un dels m\u00e9s utilitzats gr\u00e0cies a la seva facilitat i rapidesa. En la primera fase \u00e9s un mostreig opin\u00e0tic i es fixen l\u00edmits per diversificar la mostra.<\/p>\n<p>No obstant aix\u00f2, com s&#8217;ha assenyalat, la fiabilitat presenta problemes, com per exemple que s&#8217;acudeixi a persones properes per aplicar les t\u00e8cniques de recol\u00b7lecci\u00f3 d&#8217;informaci\u00f3 i aix\u00f2 imposi un biaix en la recerca.<\/p>\n<p><strong>Mostreig semialeatori<\/strong><\/p>\n<p>\u00c9s la mescla d&#8217;un d\u2019aleatori amb un de no aleatori.<\/p>\n<p><strong>Mostreig per rutes<\/strong><\/p>\n<p>\u00c9s gaireb\u00e9 aleatori. Consisteix a preguntar amb un pl\u00e0nol amb unes lleis de moviment.<\/p>\n<p>Hem de rebutjar aquest tipus de mostrejos. Perqu\u00e8 es consideri v\u00e0lida una mostra, i per tant l&#8217;estudi estad\u00edstic entorn d&#8217;ella, ha de complir les condicions seg\u00fcents:<\/p>\n<ul>\n<li>Ser representativa<\/li>\n<\/ul>\n<p>Aquesta condici\u00f3 est\u00e0 associada a la grand\u00e0ria de la mostra. \u00c9s evident que, com m\u00e9s gran sigui la grand\u00e0ria de la mostra, m\u00e9s s&#8217;aproximar\u00e0 a la grand\u00e0ria de la poblaci\u00f3 i, per tant, m\u00e9s representativa ser\u00e0. Per\u00f2 en la majoria dels estudis no \u00e9s \u00f2ptim estudiar tota la poblaci\u00f3, ni grand\u00e0ries de mostra molt grans, i per aix\u00f2 es recorren a les t\u00e8cniques de mostreig.<\/p>\n<ul>\n<li>Ser aleat\u00f2ria<\/li>\n<\/ul>\n<p>\u00c9s a dir, qualsevol element de la poblaci\u00f3 pot ser triat per formar part de la mostra perqu\u00e8 tots tenen la mateixa probabilitat quant a elecci\u00f3; no hi ha uns elements m\u00e9s probables que uns altres. En cas contrari, correm el risc de triar elements per a la mostra que compleix una determinada condici\u00f3, amb la qual cosa estar\u00edem falsejant els resultats estad\u00edstics i l&#8217;estudi seria declarat no v\u00e0lid. En el cas que la mostra no sigui aleat\u00f2ria, es diu que s&#8217;han com\u00e8s errors de biaix.<\/p>\n<p>Resumint a manera d&#8217;esquema:<\/p>\n<p>&nbsp;<\/p>\n<p><a class=\"cs-lightbox\" href=\"\/wp-content\/uploads\/2020\/12\/PID_00279395_02z.jpg\"><img loading=\"lazy\" class=\"alignnone wp-image-1212 size-large\" src=\"\/wp-content\/uploads\/2020\/12\/PID_00279395_02-1024x791.jpg\" alt=\"\" width=\"640\" height=\"494\" srcset=\"\/wp-content\/uploads\/2020\/12\/PID_00279395_02-1024x791.jpg 1024w, \/wp-content\/uploads\/2020\/12\/PID_00279395_02-300x232.jpg 300w, \/wp-content\/uploads\/2020\/12\/PID_00279395_02-768x593.jpg 768w, \/wp-content\/uploads\/2020\/12\/PID_00279395_02.jpg 1569w\" sizes=\"(max-width: 640px) 100vw, 640px\" \/><\/a><\/p>\n","protected":false},"excerpt":{"rendered":"<p>En aquest tipus de mostreig es t\u00e9 en compte el criteri de l&#8217;investigador. Aix\u00f2 vol dir que la representativitat no est\u00e0 garantida. Com indica Vinuesa (ib\u00edd., p\u00e0g. 189), amb aquest tipus de mostreig els components de l&#8217;univers no tenen les mateixes possibilitats de formar part de l&#8217;estudi. L&#8217;error pot ser major amb aquest tipus de [&hellip;]<\/p>\n","protected":false},"author":1,"featured_media":0,"parent":0,"menu_order":0,"comment_status":"closed","ping_status":"closed","template":"","meta":[],"_links":{"self":[{"href":"http:\/\/tecniques-metodes-recerca.recursos.uoc.edu\/ca\/wp-json\/wp\/v2\/pages\/1210"}],"collection":[{"href":"http:\/\/tecniques-metodes-recerca.recursos.uoc.edu\/ca\/wp-json\/wp\/v2\/pages"}],"about":[{"href":"http:\/\/tecniques-metodes-recerca.recursos.uoc.edu\/ca\/wp-json\/wp\/v2\/types\/page"}],"author":[{"embeddable":true,"href":"http:\/\/tecniques-metodes-recerca.recursos.uoc.edu\/ca\/wp-json\/wp\/v2\/users\/1"}],"replies":[{"embeddable":true,"href":"http:\/\/tecniques-metodes-recerca.recursos.uoc.edu\/ca\/wp-json\/wp\/v2\/comments?post=1210"}],"version-history":[{"count":4,"href":"http:\/\/tecniques-metodes-recerca.recursos.uoc.edu\/ca\/wp-json\/wp\/v2\/pages\/1210\/revisions"}],"predecessor-version":[{"id":1211,"href":"http:\/\/tecniques-metodes-recerca.recursos.uoc.edu\/ca\/wp-json\/wp\/v2\/pages\/1210\/revisions\/1211"}],"wp:attachment":[{"href":"http:\/\/tecniques-metodes-recerca.recursos.uoc.edu\/ca\/wp-json\/wp\/v2\/media?parent=1210"}],"curies":[{"name":"wp","href":"https:\/\/api.w.org\/{rel}","templated":true}]}}