{"id":1217,"date":"2020-10-29T15:57:30","date_gmt":"2020-10-29T13:57:30","guid":{"rendered":"http:\/\/tecniques-metodes-recerca.recursos.uoc.edu\/8-4-1-introduccion\/"},"modified":"2020-12-14T18:02:54","modified_gmt":"2020-12-14T16:02:54","slug":"8-4-1-introduccio","status":"publish","type":"page","link":"http:\/\/tecniques-metodes-recerca.recursos.uoc.edu\/ca\/8-4-1-introduccio\/","title":{"rendered":"8.4.1. Introducci\u00f3"},"content":{"rendered":"<p>S&#8217;ha comentat que, at\u00e8s que la majoria dels c\u00e0lculs porten associades moltes dades, el millor \u00e9s fer \u00fas d&#8217;un programari mostrant les opcions quant al tipus de variables de l\u2019SPSS (el PSPP \u00e9s igual quant a catalogaci\u00f3). En l&#8217;SPSS nom\u00e9s es tenen tres opcions i els tipus de mesura s\u00f3n:<\/p>\n<p><img loading=\"lazy\" class=\"wp-image-817 aligncenter\" src=\"\/wp-content\/uploads\/2020\/11\/PID_00279394_03.jpg\" alt=\"\" width=\"177\" height=\"172\" srcset=\"\/wp-content\/uploads\/2020\/11\/PID_00279394_03.jpg 640w, \/wp-content\/uploads\/2020\/11\/PID_00279394_03-300x292.jpg 300w\" sizes=\"(max-width: 177px) 100vw, 177px\" \/><\/p>\n<p>\u00c9s molt important definir b\u00e9 el tipus de mesura de cada variable, perqu\u00e8, depenent del tipus de mesura que h\u00e0gim dit per a cada variable, el programa ens permetr\u00e0 fer uns tipus de c\u00e0lculs o altres sobre els valors d&#8217;aquesta variable.<\/p>\n<p><strong>En escala<\/strong>, els valors de les dades s\u00f3n considerats com a valors num\u00e8rics sobre una escala d&#8217;interval o de ra\u00f3, \u00e9s a dir, per a variables quantitatives obtingudes amb una escala d&#8217;interval o ra\u00f3 (per exemple, l&#8217;edat, el pes, el nombre de germans); quan definim una variable de tipus num\u00e8ric, coma, punt o notaci\u00f3 cient\u00edfica, SPSS assigna escala per defecte al tipus de mesura de la variable.<\/p>\n<p><strong>En el cas d&#8217;ordinal<\/strong>, els valors de les dades representen categories amb algun ordre intr\u00ednsec (per exemple, baix, mitj\u00e0, alt; pitjor, igual, millor); les variables ordinals poden ser cadenes (alfanum\u00e8riques) o valors num\u00e8rics que representin categories diferents (per exemple, 1 baix, 2 mitj\u00e0, alt), i l&#8217;escala ordinal correspon a dades qualitatives ordinals.<\/p>\n<p><strong>En la mesura nominal<\/strong>, els valors de les dades representen categories sense un ordre intr\u00ednsec (per exemple, el grup sanguini, el tipus de treball d&#8217;una persona); les variables nominals poden ser cadenes (alfanum\u00e8riques) o valors num\u00e8rics que representin categories diferents (per exemple, 1 home, 2 dona), i l&#8217;escala nominal correspon a dades qualitatives nominals.<\/p>\n<p>A la taula seg\u00fcent s&#8217;han classificat les variables dels fitxers de dades anomenades publicitat i RRSS.<\/p>\n<table>\n<tbody>\n<tr>\n<td colspan=\"3\" width=\"566\"><strong>Variables<\/strong><\/td>\n<\/tr>\n<tr>\n<td width=\"189\"><strong>Tipus<\/strong><\/td>\n<td width=\"189\">Mesura<\/td>\n<td width=\"189\">Nom<\/td>\n<\/tr>\n<tr>\n<td width=\"189\"><strong>Variable qualitativa nominal<\/strong><\/td>\n<td width=\"189\">Nominal<\/td>\n<td width=\"189\">Sex<br \/>\nCentre<br \/>\nHabita<br \/>\n<span style=\"font-family: inherit; font-size: inherit;\">Publicitat<br \/>\n<\/span><span style=\"font-family: inherit; font-size: inherit;\">RRSS<\/span><\/td>\n<\/tr>\n<tr>\n<td width=\"189\"><strong>Variable qualitativa ordinal<\/strong><\/td>\n<td width=\"189\">Ordinal<\/td>\n<td width=\"189\">Estudis<br \/>\nEstupadr<br \/>\nEstumadr<br \/>\nCalifest<br \/>\nImpdin<\/td>\n<\/tr>\n<tr>\n<td width=\"189\"><strong>Variable quantitativa discreta<\/strong><\/td>\n<td rowspan=\"2\" width=\"189\">Escala<\/td>\n<td width=\"189\">Paga<br \/>\nNumher<br \/>\nEdat<\/td>\n<\/tr>\n<tr>\n<td width=\"189\"><strong>Variable quantitativa cont\u00ednua<\/strong><\/td>\n<td width=\"189\">Paga<\/td>\n<\/tr>\n<\/tbody>\n<\/table>\n","protected":false},"excerpt":{"rendered":"<p>S&#8217;ha comentat que, at\u00e8s que la majoria dels c\u00e0lculs porten associades moltes dades, el millor \u00e9s fer \u00fas d&#8217;un programari mostrant les opcions quant al tipus de variables de l\u2019SPSS (el PSPP \u00e9s igual quant a catalogaci\u00f3). En l&#8217;SPSS nom\u00e9s es tenen tres opcions i els tipus de mesura s\u00f3n: \u00c9s molt important definir b\u00e9 [&hellip;]<\/p>\n","protected":false},"author":1,"featured_media":0,"parent":0,"menu_order":0,"comment_status":"closed","ping_status":"closed","template":"","meta":[],"_links":{"self":[{"href":"http:\/\/tecniques-metodes-recerca.recursos.uoc.edu\/ca\/wp-json\/wp\/v2\/pages\/1217"}],"collection":[{"href":"http:\/\/tecniques-metodes-recerca.recursos.uoc.edu\/ca\/wp-json\/wp\/v2\/pages"}],"about":[{"href":"http:\/\/tecniques-metodes-recerca.recursos.uoc.edu\/ca\/wp-json\/wp\/v2\/types\/page"}],"author":[{"embeddable":true,"href":"http:\/\/tecniques-metodes-recerca.recursos.uoc.edu\/ca\/wp-json\/wp\/v2\/users\/1"}],"replies":[{"embeddable":true,"href":"http:\/\/tecniques-metodes-recerca.recursos.uoc.edu\/ca\/wp-json\/wp\/v2\/comments?post=1217"}],"version-history":[{"count":3,"href":"http:\/\/tecniques-metodes-recerca.recursos.uoc.edu\/ca\/wp-json\/wp\/v2\/pages\/1217\/revisions"}],"predecessor-version":[{"id":1345,"href":"http:\/\/tecniques-metodes-recerca.recursos.uoc.edu\/ca\/wp-json\/wp\/v2\/pages\/1217\/revisions\/1345"}],"wp:attachment":[{"href":"http:\/\/tecniques-metodes-recerca.recursos.uoc.edu\/ca\/wp-json\/wp\/v2\/media?parent=1217"}],"curies":[{"name":"wp","href":"https:\/\/api.w.org\/{rel}","templated":true}]}}