{"id":297,"date":"2018-03-07T14:07:37","date_gmt":"2018-03-07T12:07:37","guid":{"rendered":"http:\/\/tecniques-metodes-recerca.uoc.edu\/?page_id=297"},"modified":"2018-03-07T19:50:23","modified_gmt":"2018-03-07T17:50:23","slug":"2-2-el-proces-de-recerca","status":"publish","type":"page","link":"http:\/\/tecniques-metodes-recerca.recursos.uoc.edu\/ca\/2-2-el-proces-de-recerca\/","title":{"rendered":"2.2. El proc\u00e9s de recerca"},"content":{"rendered":"<p>Els professionals de la informaci\u00f3 i de la comunicaci\u00f3 poden actuar com a investigadors o com a personal de suport a la recerca (col\u00b7laborant amb altres investigadors, professors, doctorands, estudiants, etc.). Per aix\u00f2 \u00e9s important que, d&#8217;entrada, sapiguem qu\u00e8 vol dir <em>fer recerca<\/em>. Tant si el rol professional \u00e9s el de realitzar un estudi com si \u00e9s el de recolzar a altres investigadors, cal que coneguem els passos que guien el proc\u00e9s de recerca. El proc\u00e9s de recerca es pot resumir en quatre passos essencials: el disseny (preparaci\u00f3), el treball de camp (realitzaci\u00f3), l&#8217;an\u00e0lisi (tractament) i la presentaci\u00f3 de resultats (difusi\u00f3).<\/p>\n<div class=\"tabletitle\"><p>Els quatre passos del proc\u00e9s de recerca<\/p>\n<\/div>\n<table>\n<tbody>\n<tr>\n<td width=\"274\"><strong>1) Disseny<\/strong><\/td>\n<td width=\"316\">Formulaci\u00f3 del problema i preparaci\u00f3 de les estrat\u00e8gies d&#8217;obtenci\u00f3 de respostes<\/td>\n<\/tr>\n<tr>\n<td width=\"274\"><strong>2) Obtenci\u00f3 de dades (treball de camp)<\/strong><\/td>\n<td width=\"316\">Observaci\u00f3 i recollida d&#8217;informaci\u00f3<\/td>\n<\/tr>\n<tr>\n<td width=\"274\"><strong>3) An\u00e0lisi<\/strong><\/td>\n<td width=\"316\">Interpretaci\u00f3 d&#8217;all\u00f2 observat i gravat<\/td>\n<\/tr>\n<tr>\n<td width=\"274\"><strong>4) Presentaci\u00f3 de resultats<\/strong><\/td>\n<td width=\"316\">Difusi\u00f3 del coneixement obtingut<\/td>\n<\/tr>\n<\/tbody>\n<\/table>\n<p><div class=\"featured featured-grey\"><p><strong>Exemple de recerca qualitativa en l&#8217;\u00e0mbit de la documentaci\u00f3<\/strong><\/p>\n<p>Identificaci\u00f3 de les t\u00e8cniques de recerca, la t\u00e8cnica emprada, el m\u00e8tode i la metodologia.<\/p>\n<p>N. Ferran; M. P\u00e9rez-Montoro (2009). \u00abGesti\u00f3n de la informaci\u00f3n personal en usuarios avanzados en TIC\u00bb. <em>El profesional de la informaci\u00f3n<\/em> (vol. 18, n\u00fam. 4, p\u00e0g. 365-373).<\/p>\n<p><strong>Resum de l&#8217;article<\/strong>: es presenta un model d&#8217;an\u00e0lisi del comportament informacional global d&#8217;un col\u00b7lectiu d&#8217;individus (estudiants de la Universitat Oberta de Catalunya) que tenen una percepci\u00f3 positiva sobre l&#8217;\u00fas de les tecnologies de la informaci\u00f3 i la comunicaci\u00f3, i realitzen un \u00fas intensiu d&#8217;aquestes tecnologies. A partir d&#8217;una aproximaci\u00f3 qualitativa, mitjan\u00e7ant vint-i-quatre entrevistes i una posterior an\u00e0lisi del contingut, s&#8217;identifiquen quatre perfils diferents de gesti\u00f3 de la informaci\u00f3 personal (reactiu, passiu, exhaustiu i proactiu) sobre la base de deu variables subjacents (acc\u00e9s, gesti\u00f3 i usos de la informaci\u00f3, compet\u00e8ncies informacionals, perfil cognitiu, actitud, percepci\u00f3 de les TIC, \u00e0mbit acad\u00e8mic, professional i de la vida di\u00e0ria) i es posen en relleu les difer\u00e8ncies de comportament informacional segons l&#8217;\u00e0mbit en el que es troben. La identificaci\u00f3 dels perfils \u00e9s un estadi b\u00e0sic del disseny centrat en els usuaris que facilita la realitzaci\u00f3 d&#8217;intervencions espec\u00edfiques per a cada tipus d&#8217;usuari, respectant requeriments d&#8217;eines i processos perqu\u00e8 puguin desenvolupar el seu comportament informacional de forma eficient i efica\u00e7.<\/p>\n<ul>\n<li><strong>T\u00e8cniques de recollida<\/strong>: entrevista<\/li>\n<li><strong>T\u00e8cniques d&#8217;an\u00e0lisi<\/strong>: an\u00e0lisi del contingut<\/li>\n<li><strong>T\u00e8cnica<\/strong>: emp\u00edrica<\/li>\n<li><strong>M\u00e8tode<\/strong>: combinaci\u00f3 de qualitatiu i quantitatiu<\/li>\n<li><strong>Metodologia<\/strong>: l&#8217;article presenta un model d&#8217;an\u00e0lisi del comportament informacional. \u00c9s a dir, aporta una eina per poder analitzar la cerca d&#8217;informaci\u00f3 i l&#8217;\u00fas que les persones fan d&#8217;aquesta informaci\u00f3. Aquesta eina pot realitzar aportacions pr\u00e0ctiques a l&#8217;hora de dissenyar entorns virtuals. Per\u00f2 la proposta de l&#8217;article tamb\u00e9 contribueix a l&#8217;\u00e0mbit de la informaci\u00f3 i la documentaci\u00f3 amb una aportaci\u00f3 te\u00f2rica que complementa el marc existent.<br \/>\n<\/div><\/li>\n<\/ul>\n<div class=\"featured featured-blue\"><p>La recerca t\u00e9 com a finalitat l&#8217;obtenci\u00f3 de coneixement. Les definicions tradicionals del concepte destaquen el car\u00e0cter \u00absistem\u00e0tic\u00bb d&#8217;aquesta cerca de coneixement, ja que implica l&#8217;\u00fas (m\u00e9s o menys) consensuat d&#8217;uns m\u00e8todes cient\u00edfics, aix\u00ed com el seguiment d&#8217;una planificaci\u00f3.<\/p>\n<\/div>\n<p>En el cas de la recerca de car\u00e0cter qualitatiu, la \u00absistematitzaci\u00f3\u00bb de la recerca no comporta que calgui dur-la a terme de manera lineal ni unidireccional. En aquest sentit, el proc\u00e9s de recerca no s&#8217;identifica tant amb una l\u00ednia recta, sin\u00f3 amb una espiral: quan s&#8217;investiga no s&#8217;avan\u00e7a cap a un punt fix, sin\u00f3 que s&#8217;avan\u00e7a zigzaguejant (\u00e9s a dir, mirant enrere per fer un pas endavant, sense quedar-nos en el punt d&#8217;inici). Aix\u00f2 vol dir que al llarg d&#8217;una recerca farem i desfarem els passos donats tantes vegades com calgui. Per aquesta ra\u00f3, hem d&#8217;estar capacitats per reflexionar durant tot el proc\u00e9s: malgrat el disseny inicial, fa falta que siguem capa\u00e7os de renunciar a decisions preses i d&#8217;inventar-nos-en altres de noves.<\/p>\n<div class=\"featured featured-blue\"><p>El proc\u00e9s de cerca de coneixement no \u00e9s un recorregut lineal, sin\u00f3 un \u00abanar i venir\u00bb que finalment ens porta uns passos m\u00e9s enll\u00e0 del lloc de partida. La principal caracter\u00edstica d&#8217;aquest proc\u00e9s \u00e9s, doncs, la reflexivitat.<\/p>\n<\/div>\n<p>Segons Lamo de Espinosa:<\/p>\n<blockquote><p>\u00ab[la reflexivitat] nom\u00e9s \u00e9s un distanciament d&#8217;una persona de si mateixa, que li permet veure&#8217;s des de fora (\u2026). Aquest \u201cveure&#8217;s\u201d significa que el subjecte es distancia de l&#8217;acci\u00f3 i l&#8217;observa com si fos una persona aliena. No veu nom\u00e9s una parcel\u00b7la de la realitat, sin\u00f3 que tamb\u00e9 es veu a si mateix veient i, per aix\u00f2, sap qu\u00e8 veu i sap que veu. Aix\u00f2 \u00e9s el resultat d&#8217;una doble ruptura interna: d&#8217;una banda, de la pr\u00f2pia identitat, que es trenca entre el subjecte que veu i el subjecte que sap que est\u00e0 veient; i, d&#8217;altra banda, entre all\u00f2 que veu i all\u00f2 que, d&#8217;alguna manera, espera veure\u00bb.<\/p><\/blockquote>\n<div class=\"blockquote-author\"><p>Lamo de Espinosa (1993).<\/p>\n<\/div>\n<p>\u00c9s a dir, la tasca d&#8217;un investigador qualitatiu est\u00e0 constantment sotmesa a les anades i vingudes de la teoria a la pr\u00e0ctica, de la situaci\u00f3 que es pret\u00e9n investigar a la realitat que descriuen les dades que s&#8217;obtenen. Aix\u00f2 implica que tant els conceptes te\u00f2rics emprats en la definici\u00f3 de l&#8217;objecte d&#8217;estudi com l&#8217;adequaci\u00f3 de les eines metodol\u00f2giques utilitzades es poden q\u00fcestionar i fins i tot reformular a mesura que avan\u00e7a la recerca.<\/p>\n<p>La seg\u00fcent imatge ens pot ajudar a entendre millor aquesta idea. Es tracta d&#8217;una representaci\u00f3 de la recerca com una illa. No ens trobem davant d&#8217;una illa a\u00efllada, sin\u00f3 davant d&#8217;una illa amb accessos oberts. Tanmateix, moltes vegades els itineraris interns ens poden dur a donar massa voltes a una q\u00fcesti\u00f3 important, a perdre&#8217;ns en la \u00abjungla de l&#8217;an\u00e0lisi de dades\u00bb o a fer i desfer el disseny de la recerca. El t\u00edtol de la imatge \u00e9s el seg\u00fcent: <a href=\"http:\/\/www.flickr.com\/photos\/barbourians\/5660570787\/sizes\/l\/in\/photostream\/\" target=\"_blank\" rel=\"noopener\">\u00abL&#8217;illa de la recerca. Una regla: no bloquegeu el cam\u00ed de la recerca\u00bb<\/a>.<\/p>\n<p>&nbsp;<\/p>\n","protected":false},"excerpt":{"rendered":"<p>Els professionals de la informaci\u00f3 i de la comunicaci\u00f3 poden actuar com a investigadors o com a personal de suport a la recerca (col\u00b7laborant amb altres investigadors, professors, doctorands, estudiants, etc.). Per aix\u00f2 \u00e9s important que, d&#8217;entrada, sapiguem qu\u00e8 vol dir fer recerca. Tant si el rol professional \u00e9s el de realitzar un estudi com [&hellip;]<\/p>\n","protected":false},"author":1,"featured_media":0,"parent":0,"menu_order":0,"comment_status":"closed","ping_status":"closed","template":"","meta":[],"_links":{"self":[{"href":"http:\/\/tecniques-metodes-recerca.recursos.uoc.edu\/ca\/wp-json\/wp\/v2\/pages\/297"}],"collection":[{"href":"http:\/\/tecniques-metodes-recerca.recursos.uoc.edu\/ca\/wp-json\/wp\/v2\/pages"}],"about":[{"href":"http:\/\/tecniques-metodes-recerca.recursos.uoc.edu\/ca\/wp-json\/wp\/v2\/types\/page"}],"author":[{"embeddable":true,"href":"http:\/\/tecniques-metodes-recerca.recursos.uoc.edu\/ca\/wp-json\/wp\/v2\/users\/1"}],"replies":[{"embeddable":true,"href":"http:\/\/tecniques-metodes-recerca.recursos.uoc.edu\/ca\/wp-json\/wp\/v2\/comments?post=297"}],"version-history":[{"count":3,"href":"http:\/\/tecniques-metodes-recerca.recursos.uoc.edu\/ca\/wp-json\/wp\/v2\/pages\/297\/revisions"}],"predecessor-version":[{"id":426,"href":"http:\/\/tecniques-metodes-recerca.recursos.uoc.edu\/ca\/wp-json\/wp\/v2\/pages\/297\/revisions\/426"}],"wp:attachment":[{"href":"http:\/\/tecniques-metodes-recerca.recursos.uoc.edu\/ca\/wp-json\/wp\/v2\/media?parent=297"}],"curies":[{"name":"wp","href":"https:\/\/api.w.org\/{rel}","templated":true}]}}