{"id":301,"date":"2018-03-07T14:15:44","date_gmt":"2018-03-07T12:15:44","guid":{"rendered":"http:\/\/tecniques-metodes-recerca.uoc.edu\/?page_id=301"},"modified":"2020-12-14T13:40:14","modified_gmt":"2020-12-14T11:40:14","slug":"3-1-2-generes-majors","status":"publish","type":"page","link":"http:\/\/tecniques-metodes-recerca.recursos.uoc.edu\/ca\/3-1-2-generes-majors\/","title":{"rendered":"3.1.2. G\u00e8neres majors"},"content":{"rendered":"<p>Aqu\u00ed s&#8217;agrupen les aproximacions etnogr\u00e0fiques que s&#8217;encarreguen d&#8217;estudiar les comunitats, els grups, les organitzacions, etc., i que utilitzen especialment els antrop\u00f2legs i soci\u00f2legs. Quan es tracta d&#8217;analitzar l&#8217;experi\u00e8ncia individual, parlem d&#8217;aproximacions fenomenol\u00f2giques. Entre els g\u00e8neres majors tamb\u00e9 hi ha l&#8217;aproximaci\u00f3 socioling\u00fc\u00edstica, l&#8217;hermen\u00e8utica i la teoria fonamentada. Ens detindrem breument en aquesta \u00faltima, at\u00e8s que \u00e9s una de les m\u00e9s utilitzades pels soci\u00f2legs.<\/p>\n<p><strong>La teoria fonamentada<\/strong><\/p>\n<p>La teoria fonamentada (<em>Grounded Theory<\/em>) \u00e9s una aproximaci\u00f3 desenvolupada per Barney Glasser i Anselm Strauss des de finals dels anys seixanta del segle <span class=\"roman\">XX<\/span>. Els autors es van basar, entre d&#8217;altres, en les teories de Blumer i en l&#8217;interaccionisme simb\u00f2lic. Aquesta teoria pret\u00e9n construir la teoria a partir de les dades qualitatives.<\/p>\n<blockquote><p>\u00ab[La teoria fonamentada es refereix a] una teoria derivada de dades recopilades de manera sistem\u00e0tica i analitzades per mitj\u00e0 d&#8217;un proc\u00e9s de recerca (\u2026). La recol\u00b7lecci\u00f3 de dades, l&#8217;an\u00e0lisi i la teoria que sorgir\u00e0 d&#8217;aquestes dades estan estretament relacionades entre si.\u00bb<\/p><\/blockquote>\n<div class=\"blockquote-author\"><p>Strauss i Corbin (2002, p\u00e0g. 13).<\/p>\n<\/div>\n<p>Algunes de les caracter\u00edstiques de la teoria fonamentada s\u00f3n, entre d&#8217; altres:<\/p>\n<ul>\n<li>Prioritzar el treball de camp com a part ineludible del coneixement de l&#8217;objecte d&#8217;estudi.<\/li>\n<li>Fonamentar la teoria en dades.<\/li>\n<li>Admetre que les persones que s&#8217;estudien en una situaci\u00f3 determinada s\u00f3n actors que assumeixen un rol.<\/li>\n<\/ul>\n<p>Per a Flick (2007), el model de la teoria fonamentada promou l&#8217;\u00fas simultani dels seus components. Per aquesta ra\u00f3, la circularitat que aix\u00f2 comporta \u00e9s un dels seus punts forts, at\u00e8s que promou la reflexi\u00f3 constant de l&#8217;investigador sobre els processos de la recerca.<\/p>\n<p>La teoria fonamentada ha estat especialment utilitzada en infermeria i en estudis socials. Per a molts investigadors, tamb\u00e9 pot usar-se com a t\u00e8cnica d&#8217;an\u00e0lisi.<\/p>\n<div class=\"featured featured-grey\"><p><strong>Recursos<\/strong><\/p>\n<p><strong>Arraiz, G.<\/strong> (2014). \u00abTeor\u00eda fundamentada en los datos: un ejemplo de investigaci\u00f3n cualitativa aplicada a una experiencia educativa virtualizada en el \u00e1rea de matem\u00e1tica\u00bb. <em>Revista Virtual Universidad Cat\u00f3lica del Norte<\/em> (n\u00fam. 41). Accesible a: <a href=\"http:\/\/revistavirtual.ucn.edu.co\/index.php\/RevistaUCN\/article\/download\/462\/984\" target=\"_blank\" rel=\"noopener\">http:\/\/revistavirtual.ucn.edu.co\/index.php\/RevistaUCN\/article\/download\/462\/984<\/a>.<\/p>\n<p><em>Grounded Theory<\/em> [enregistrament de v\u00eddeo]. Chris Flipp. Accesible a: <a href=\"https:\/\/www.youtube.com\/watch?v=M2DyB-hGX-Q\" target=\"_blank\" rel=\"noopener\">https:\/\/www.youtube.com\/watch?v=M2DyB-hGX-Q<\/a>.<\/p>\n<\/div>\n<p>&nbsp;<\/p>\n","protected":false},"excerpt":{"rendered":"<p>Aqu\u00ed s&#8217;agrupen les aproximacions etnogr\u00e0fiques que s&#8217;encarreguen d&#8217;estudiar les comunitats, els grups, les organitzacions, etc., i que utilitzen especialment els antrop\u00f2legs i soci\u00f2legs. Quan es tracta d&#8217;analitzar l&#8217;experi\u00e8ncia individual, parlem d&#8217;aproximacions fenomenol\u00f2giques. Entre els g\u00e8neres majors tamb\u00e9 hi ha l&#8217;aproximaci\u00f3 socioling\u00fc\u00edstica, l&#8217;hermen\u00e8utica i la teoria fonamentada. Ens detindrem breument en aquesta \u00faltima, at\u00e8s que \u00e9s [&hellip;]<\/p>\n","protected":false},"author":1,"featured_media":0,"parent":0,"menu_order":0,"comment_status":"closed","ping_status":"closed","template":"","meta":[],"_links":{"self":[{"href":"http:\/\/tecniques-metodes-recerca.recursos.uoc.edu\/ca\/wp-json\/wp\/v2\/pages\/301"}],"collection":[{"href":"http:\/\/tecniques-metodes-recerca.recursos.uoc.edu\/ca\/wp-json\/wp\/v2\/pages"}],"about":[{"href":"http:\/\/tecniques-metodes-recerca.recursos.uoc.edu\/ca\/wp-json\/wp\/v2\/types\/page"}],"author":[{"embeddable":true,"href":"http:\/\/tecniques-metodes-recerca.recursos.uoc.edu\/ca\/wp-json\/wp\/v2\/users\/1"}],"replies":[{"embeddable":true,"href":"http:\/\/tecniques-metodes-recerca.recursos.uoc.edu\/ca\/wp-json\/wp\/v2\/comments?post=301"}],"version-history":[{"count":4,"href":"http:\/\/tecniques-metodes-recerca.recursos.uoc.edu\/ca\/wp-json\/wp\/v2\/pages\/301\/revisions"}],"predecessor-version":[{"id":1072,"href":"http:\/\/tecniques-metodes-recerca.recursos.uoc.edu\/ca\/wp-json\/wp\/v2\/pages\/301\/revisions\/1072"}],"wp:attachment":[{"href":"http:\/\/tecniques-metodes-recerca.recursos.uoc.edu\/ca\/wp-json\/wp\/v2\/media?parent=301"}],"curies":[{"name":"wp","href":"https:\/\/api.w.org\/{rel}","templated":true}]}}