{"id":304,"date":"2018-03-07T14:16:48","date_gmt":"2018-03-07T12:16:48","guid":{"rendered":"http:\/\/tecniques-metodes-recerca.uoc.edu\/?page_id=304"},"modified":"2020-12-14T13:40:21","modified_gmt":"2020-12-14T11:40:21","slug":"3-1-3-generes-critics","status":"publish","type":"page","link":"http:\/\/tecniques-metodes-recerca.recursos.uoc.edu\/ca\/3-1-3-generes-critics\/","title":{"rendered":"3.1.3. G\u00e8neres cr\u00edtics"},"content":{"rendered":"<p>Aquesta categoria agrupa aquelles aproximacions que involucren l&#8217;estudi de factors de poder i que es relacionen amb els estudis de g\u00e8nere, sexe, ra\u00e7a, classe social, orientaci\u00f3 pol\u00edtica, grups tradicionalment marginats, etc.: l&#8217;etnografia cr\u00edtica, l&#8217;autoetnografia, l&#8217;an\u00e0lisi cr\u00edtica del discurs, la teoria <em>queer<\/em>, la teoria cr\u00edtica de ra\u00e7a, les teories feministes, els estudis culturals, la netnografia.<\/p>\n","protected":false},"excerpt":{"rendered":"<p>Aquesta categoria agrupa aquelles aproximacions que involucren l&#8217;estudi de factors de poder i que es relacionen amb els estudis de g\u00e8nere, sexe, ra\u00e7a, classe social, orientaci\u00f3 pol\u00edtica, grups tradicionalment marginats, etc.: l&#8217;etnografia cr\u00edtica, l&#8217;autoetnografia, l&#8217;an\u00e0lisi cr\u00edtica del discurs, la teoria queer, la teoria cr\u00edtica de ra\u00e7a, les teories feministes, els estudis culturals, la netnografia.<\/p>\n","protected":false},"author":1,"featured_media":0,"parent":0,"menu_order":0,"comment_status":"closed","ping_status":"closed","template":"","meta":[],"_links":{"self":[{"href":"http:\/\/tecniques-metodes-recerca.recursos.uoc.edu\/ca\/wp-json\/wp\/v2\/pages\/304"}],"collection":[{"href":"http:\/\/tecniques-metodes-recerca.recursos.uoc.edu\/ca\/wp-json\/wp\/v2\/pages"}],"about":[{"href":"http:\/\/tecniques-metodes-recerca.recursos.uoc.edu\/ca\/wp-json\/wp\/v2\/types\/page"}],"author":[{"embeddable":true,"href":"http:\/\/tecniques-metodes-recerca.recursos.uoc.edu\/ca\/wp-json\/wp\/v2\/users\/1"}],"replies":[{"embeddable":true,"href":"http:\/\/tecniques-metodes-recerca.recursos.uoc.edu\/ca\/wp-json\/wp\/v2\/comments?post=304"}],"version-history":[{"count":3,"href":"http:\/\/tecniques-metodes-recerca.recursos.uoc.edu\/ca\/wp-json\/wp\/v2\/pages\/304\/revisions"}],"predecessor-version":[{"id":1073,"href":"http:\/\/tecniques-metodes-recerca.recursos.uoc.edu\/ca\/wp-json\/wp\/v2\/pages\/304\/revisions\/1073"}],"wp:attachment":[{"href":"http:\/\/tecniques-metodes-recerca.recursos.uoc.edu\/ca\/wp-json\/wp\/v2\/media?parent=304"}],"curies":[{"name":"wp","href":"https:\/\/api.w.org\/{rel}","templated":true}]}}