{"id":314,"date":"2018-03-07T14:32:08","date_gmt":"2018-03-07T12:32:08","guid":{"rendered":"http:\/\/tecniques-metodes-recerca.uoc.edu\/?page_id=314"},"modified":"2020-12-14T13:39:55","modified_gmt":"2020-12-14T11:39:55","slug":"2-4-la-recerca-com-a-bricolatge","status":"publish","type":"page","link":"http:\/\/tecniques-metodes-recerca.recursos.uoc.edu\/ca\/2-4-la-recerca-com-a-bricolatge\/","title":{"rendered":"2.4. La recerca com a bricolatge"},"content":{"rendered":"<p>Aquesta assignatura fa una aposta clara per la definici\u00f3 de l&#8217;activitat investigadora dins del marc de la recerca qualitativa. Per entendre qu\u00e8 \u00e9s la recerca qualitativa (m\u00e9s enll\u00e0 de l&#8217;\u00fas d&#8217;un cert tipus de t\u00e8cniques de recerca) resulta \u00fatil pensar en el concepte de bricolatge.<\/p>\n<div class=\"featured featured-blue\"><p>\u00c9s important destacar que el bricolatge no nom\u00e9s \u00e9s les m\u00faltiples eines que fem servir per construir alguna cosa. En la nostra definici\u00f3 tamb\u00e9 hem d&#8217;incloure els materials que emprem, l&#8217;ordre en qu\u00e8 fem encaixar les peces, aix\u00ed com la consci\u00e8ncia de les nostres habilitats i limitacions com a llauners\/paletes\/fusters\/creatius \u00abtot en un\u00bb.<\/p>\n<\/div>\n<p><img loading=\"lazy\" class=\"alignnone size-full wp-image-90\" src=\"\/wp-content\/uploads\/2018\/02\/m0912_01.png\" alt=\"\" width=\"633\" height=\"475\" srcset=\"\/wp-content\/uploads\/2018\/02\/m0912_01.png 633w, \/wp-content\/uploads\/2018\/02\/m0912_01-300x225.png 300w\" sizes=\"(max-width: 633px) 100vw, 633px\" \/><\/p>\n<p>Aix\u00ed, per exemple, un estudi que dediqui el treball de camp al desenvolupament d&#8217;entrevistes en profunditat no t\u00e9 per qu\u00e8 ser qualitatiu nom\u00e9s pel fet d&#8217;utilitzar una t\u00e8cnica considerada qualitativa. Investigar qualitativament significa molt m\u00e9s que aix\u00f2. Tal com indiquen Denzin i Lincoln:<\/p>\n<blockquote><p>\u00ab[l&#8217;investigador qualitatiu ha de ser capa\u00e7 de dur a terme] un gran nombre de tasques, des de fer entrevistes fins a desenvolupar intensivament l&#8217;autoreflexi\u00f3 i la introspecci\u00f3\u00bb.<\/p><\/blockquote>\n<div class=\"blockquote-author\"><p>Denzin i Lincoln (2000, p\u00e0g. 6).<\/p>\n<\/div>\n<blockquote><p>\u00abIf the only tool you have is a hammer, you tend to see every problem as a nail.\u00bb<\/p><\/blockquote>\n<div class=\"blockquote-author\"><p><a class=\"tooltip\"  href=\"javascript:void(0);\" data-toggle=\"popover\" data-placement=\"bottom\" data-content=\"Traducci\u00f3: \u00abSi l'\u00fanica eina que tens a m\u00e0 \u00e9s un martell, tots els problemes et semblaran claus\u00bb.\">Abraham Maslow<\/a>.<\/p>\n<\/div>\n<div class=\"featured featured-blue\"><p>De fet, all\u00f2 que diferencia la recerca qualitativa de la quantitativa no \u00e9s tant una q\u00fcesti\u00f3 d&#8217;\u00fas d&#8217;unes determinades t\u00e8cniques, sin\u00f3 m\u00e9s aviat una posici\u00f3 epistemol\u00f2gica, \u00e9s a dir, un plantejament de la relaci\u00f3 entre la teoria i la pr\u00e0ctica.<\/p>\n<\/div>\n<p>L&#8217;investigador qualitatiu parteix del convenciment que la realitat social \u00e9s una construcci\u00f3 a la qual la cultura i l&#8217;acci\u00f3 de les persones donen diferents significats. Des d&#8217;aquesta posici\u00f3 es plantegen preguntes com les seg\u00fcents:<\/p>\n<ul>\n<li>Quina \u00e9s la relaci\u00f3 entre el subjecte que duu a terme la recerca i l&#8217;objecte estudiat?<\/li>\n<li>Quins factors contextuals intervenen en el proc\u00e9s de recerca?<\/li>\n<li>Com contribueix la recerca a construir la realitat que s&#8217;estudia?<\/li>\n<\/ul>\n<p>La recerca quantitativa, en canvi, es caracteritza per la defensa d&#8217;una ci\u00e8ncia on els sistemes de valors de l&#8217;investigador no interfereixen en la seva tasca. Seguint aquesta idea, les t\u00e8cniques de recerca es centren en la tasca de mesurar la realitat a partir de l&#8217;enumeraci\u00f3 i l&#8217;an\u00e0lisi d&#8217;una s\u00e8rie de variables observables.<\/p>\n<div class=\"featured featured-blue\"><p>Arribats a aquest punt, ens podem preguntar si una recerca qualitativa deixa\u00a0 de ser-ho pel sol fet d&#8217;incorporar un sondeig o una enquesta a la seva metodologia. La resposta \u00e9s no. Per contra, podem dubtar que aquesta mateixa recerca sigui qualitativa quan, d&#8217;entrada, no es plantegi la realitat estudiada com un proc\u00e9s\u00a0 de significaci\u00f3 en el qual t\u00e9 lloc la pr\u00f2pia activitat de l&#8217;investigador.<\/p>\n<\/div>\n<blockquote><p>\u00abLa recerca qualitativa \u00e9s una activitat situada que localitza l&#8217;observador al m\u00f3n. Consisteix en una s\u00e8rie de pr\u00e0ctiques interpretatives i materials que fan visible el m\u00f3n i el poden transformar.\u00bb<\/p><\/blockquote>\n<div class=\"blockquote-author\"><p>Denzin i Lincoln (2000, p\u00e0g. 3).<\/p>\n<\/div>\n<p>Com ja s&#8217;ha esmentat, l&#8217;investigador qualitatiu no estudia els fen\u00f2mens en si mateixos, sin\u00f3 els significats que la gent atorga a aquests fen\u00f2mens. El mateix treball d&#8217;observar i analitzar la realitat es basa en una compilaci\u00f3 de material simb\u00f2lic que inclou notes de camp, entrevistes, converses, fotografies, enregistraments de v\u00eddeo, etc.<\/p>\n<p>Si tornem al s\u00edmil del bricolatge, l&#8217;investigador que treballa qualitativament es caracteritza per saber emprar diverses eines i combinar diferents tasques. Pot fer entrevistes amb o sense gravadora, o a trav\u00e9s d&#8217;internet. Tamb\u00e9 pot dibuixar, fotografiar o enregistrar, prendre notes sobre la marxa o abocar les sensacions obtingudes en una sessi\u00f3 de camp despr\u00e9s que la sessi\u00f3 hagi finalitzat. Tamb\u00e9 pot analitzar les dades obtingudes mitjan\u00e7ant una codificaci\u00f3 manual o digital. Sap que la qualitat d&#8217;all\u00f2 que ha obtingut \u00e9s m\u00e9s important que el nombre de persones que pugui entrevistar, enquestar o observar.<\/p>\n<p>Sense limitar-se a veure, l&#8217;investigador es nodreix de formes de mirar i d&#8217;explicar all\u00f2 que ha vist o all\u00f2 que els altres volen explicar. De tot aix\u00f2 en pot sorgir un llibre, una pel\u00b7l\u00edcula, un informe acad\u00e8mic o un plec de recomanacions per a l&#8217;administraci\u00f3. L&#8217;investigador que fa recerca qualitativa no es limita a observar, recollir i analitzar els fen\u00f2mens que estudia, sin\u00f3 que pret\u00e9n provocar una acci\u00f3 que d&#8217;alguna manera transformi la realitat estudiada. Aquesta transformaci\u00f3 pot venir tant de la pr\u00f2pia intervenci\u00f3 en el treball de camp com de les accions recomanades als organismes que han encarregat l&#8217;estudi o en formen part.<\/p>\n<p><a href=\"#_ftnref1\" name=\"_ftn1\"><\/a><\/p>\n","protected":false},"excerpt":{"rendered":"<p>Aquesta assignatura fa una aposta clara per la definici\u00f3 de l&#8217;activitat investigadora dins del marc de la recerca qualitativa. Per entendre qu\u00e8 \u00e9s la recerca qualitativa (m\u00e9s enll\u00e0 de l&#8217;\u00fas d&#8217;un cert tipus de t\u00e8cniques de recerca) resulta \u00fatil pensar en el concepte de bricolatge. Aix\u00ed, per exemple, un estudi que dediqui el treball de [&hellip;]<\/p>\n","protected":false},"author":1,"featured_media":0,"parent":0,"menu_order":0,"comment_status":"closed","ping_status":"closed","template":"","meta":[],"_links":{"self":[{"href":"http:\/\/tecniques-metodes-recerca.recursos.uoc.edu\/ca\/wp-json\/wp\/v2\/pages\/314"}],"collection":[{"href":"http:\/\/tecniques-metodes-recerca.recursos.uoc.edu\/ca\/wp-json\/wp\/v2\/pages"}],"about":[{"href":"http:\/\/tecniques-metodes-recerca.recursos.uoc.edu\/ca\/wp-json\/wp\/v2\/types\/page"}],"author":[{"embeddable":true,"href":"http:\/\/tecniques-metodes-recerca.recursos.uoc.edu\/ca\/wp-json\/wp\/v2\/users\/1"}],"replies":[{"embeddable":true,"href":"http:\/\/tecniques-metodes-recerca.recursos.uoc.edu\/ca\/wp-json\/wp\/v2\/comments?post=314"}],"version-history":[{"count":2,"href":"http:\/\/tecniques-metodes-recerca.recursos.uoc.edu\/ca\/wp-json\/wp\/v2\/pages\/314\/revisions"}],"predecessor-version":[{"id":1069,"href":"http:\/\/tecniques-metodes-recerca.recursos.uoc.edu\/ca\/wp-json\/wp\/v2\/pages\/314\/revisions\/1069"}],"wp:attachment":[{"href":"http:\/\/tecniques-metodes-recerca.recursos.uoc.edu\/ca\/wp-json\/wp\/v2\/media?parent=314"}],"curies":[{"name":"wp","href":"https:\/\/api.w.org\/{rel}","templated":true}]}}