{"id":322,"date":"2018-03-07T18:20:45","date_gmt":"2018-03-07T16:20:45","guid":{"rendered":"http:\/\/tecniques-metodes-recerca.uoc.edu\/?page_id=322"},"modified":"2020-12-14T13:40:54","modified_gmt":"2020-12-14T11:40:54","slug":"4-2-1-introduccio","status":"publish","type":"page","link":"http:\/\/tecniques-metodes-recerca.recursos.uoc.edu\/ca\/4-2-1-introduccio\/","title":{"rendered":"4.2.1. Introducci\u00f3"},"content":{"rendered":"<p>La recollida d&#8217;informaci\u00f3 \u00e9s el punt de partida de qualsevol recerca emp\u00edrica. El rigor en la posada en pr\u00e0ctica d&#8217;aquest punt es converteix, d&#8217;aquesta manera, en un puntal per al conjunt del projecte, de manera que la preparaci\u00f3 detallada i la justificaci\u00f3 de les decisions que s&#8217;adoptin en aquests primers passos s\u00f3n definitives per aconseguir resultats fiables. En aquest context, es pot tra\u00e7ar una distinci\u00f3 entre les t\u00e8cniques quantitatives i les qualitatives per a la recollida de dades, i establir una dist\u00e0ncia basada en el grau de llibertat que s&#8217;atorga tant a la persona que aplica la t\u00e8cnica de recerca com a la que es converteix en subjecte analitzat. \u00c9s important que tingueu clar que, en el cas d&#8217;aquesta assignatura, ens ocuparem de les t\u00e8cniques qualitatives.<\/p>\n<p>A continuaci\u00f3 descriurem algunes de les t\u00e8cniques de recollida de dades amb m\u00e9s difusi\u00f3 en les ci\u00e8ncies socials actuals, i combinarem la descripci\u00f3 de les funcions d&#8217;aquestes t\u00e8cniques amb exemples que serveixin per comprendre la din\u00e0mica sobre la qual operen.<\/p>\n","protected":false},"excerpt":{"rendered":"<p>La recollida d&#8217;informaci\u00f3 \u00e9s el punt de partida de qualsevol recerca emp\u00edrica. El rigor en la posada en pr\u00e0ctica d&#8217;aquest punt es converteix, d&#8217;aquesta manera, en un puntal per al conjunt del projecte, de manera que la preparaci\u00f3 detallada i la justificaci\u00f3 de les decisions que s&#8217;adoptin en aquests primers passos s\u00f3n definitives per aconseguir [&hellip;]<\/p>\n","protected":false},"author":1,"featured_media":0,"parent":0,"menu_order":0,"comment_status":"closed","ping_status":"closed","template":"","meta":[],"_links":{"self":[{"href":"http:\/\/tecniques-metodes-recerca.recursos.uoc.edu\/ca\/wp-json\/wp\/v2\/pages\/322"}],"collection":[{"href":"http:\/\/tecniques-metodes-recerca.recursos.uoc.edu\/ca\/wp-json\/wp\/v2\/pages"}],"about":[{"href":"http:\/\/tecniques-metodes-recerca.recursos.uoc.edu\/ca\/wp-json\/wp\/v2\/types\/page"}],"author":[{"embeddable":true,"href":"http:\/\/tecniques-metodes-recerca.recursos.uoc.edu\/ca\/wp-json\/wp\/v2\/users\/1"}],"replies":[{"embeddable":true,"href":"http:\/\/tecniques-metodes-recerca.recursos.uoc.edu\/ca\/wp-json\/wp\/v2\/comments?post=322"}],"version-history":[{"count":2,"href":"http:\/\/tecniques-metodes-recerca.recursos.uoc.edu\/ca\/wp-json\/wp\/v2\/pages\/322\/revisions"}],"predecessor-version":[{"id":1077,"href":"http:\/\/tecniques-metodes-recerca.recursos.uoc.edu\/ca\/wp-json\/wp\/v2\/pages\/322\/revisions\/1077"}],"wp:attachment":[{"href":"http:\/\/tecniques-metodes-recerca.recursos.uoc.edu\/ca\/wp-json\/wp\/v2\/media?parent=322"}],"curies":[{"name":"wp","href":"https:\/\/api.w.org\/{rel}","templated":true}]}}