{"id":324,"date":"2018-03-07T18:26:35","date_gmt":"2018-03-07T16:26:35","guid":{"rendered":"http:\/\/tecniques-metodes-recerca.uoc.edu\/?page_id=324"},"modified":"2020-12-15T11:05:33","modified_gmt":"2020-12-15T09:05:33","slug":"4-2-2-entrevista","status":"publish","type":"page","link":"http:\/\/tecniques-metodes-recerca.recursos.uoc.edu\/ca\/4-2-2-entrevista\/","title":{"rendered":"4.2.2. Entrevista"},"content":{"rendered":"<p>\u00c9s la t\u00e8cnica qualitativa per excel\u00b7l\u00e8ncia. Una <strong>entrevista<\/strong> \u00e9s un di\u00e0leg entre dues persones en el qual una d&#8217;elles pret\u00e9n obtenir informaci\u00f3 de naturalesa diversa sobre l&#8217;altra. Es tracta, per tant, d&#8217;una situaci\u00f3 comuna en la nostra vida quotidiana, de manera que tothom t\u00e9, com a m\u00ednim, una idea aproximada i intu\u00eftiva sobre el significat que t\u00e9. De fet, l&#8217;entrevista com a t\u00e8cnica d&#8217;obtenci\u00f3 de dades s&#8217;empra pr\u00e0cticament en totes les ci\u00e8ncies socials (psicologia, sociologia, comunicaci\u00f3, etc.), aix\u00ed com tamb\u00e9 en altres ci\u00e8ncies en les quals l&#8217;\u00e9sser hum\u00e0 es converteix en objecte d&#8217;estudi, com ara la medicina (entrevista cl\u00ednica). En conseq\u00fc\u00e8ncia, el desenvolupament cient\u00edfic de l&#8217;entrevista s&#8217;ha anat especialitzant i diferenciant en funci\u00f3 del context en qu\u00e8 ens trobem.<\/p>\n<p>No obstant aix\u00f2, quan ens centrem en l&#8217;\u00fas que es d\u00f3na al terme <em>entrevista <\/em>en les ci\u00e8ncies socials, les difer\u00e8ncies respecte a altres contextos es fan evidents. Aix\u00ed, per exemple, l&#8217;aplicaci\u00f3 d&#8217;un q\u00fcestionari per part d&#8217;un enquestador no deixa de ser una entrevista en la qual el ventall de preguntes i respostes l&#8217;ha establert unilateralment la persona entrevistadora. Hem de ser prudents i no confondre una entrevista estructurada, en la qual preparem un q\u00fcestionari amb preguntes tancades, amb una enquesta, que \u00e9s una de les t\u00e8cniques quantitatives m\u00e9s utilitzades. Recordem que l&#8217;entrevista \u00e9s un di\u00e0leg, mentre que en una enquesta no hi ha oportunitat de conversa, encara que l&#8217;enquestat hagi de contestar una pregunta oberta. Tanmateix, el clima de la conversa, les normes socials que s&#8217;estableixen per posar-la en pr\u00e0ctica i, m\u00e9s endavant, l&#8217;explotaci\u00f3 de les dades remeten a un esquema completament diferent.<\/p>\n<p>La classificaci\u00f3 m\u00e9s comuna de les entrevistes \u00e9s:<\/p>\n<ol>\n<li><strong>Entrevista semiestructurada<\/strong>. Generalment s&#8217;utilitza per recollir informaci\u00f3 sociodemogr\u00e0fica. L&#8217;entrevistador sol portar un q\u00fcestionari preparat, per\u00f2 \u00e9s possible fer altres preguntes a mesura que avan\u00e7a la conversa.<\/li>\n<li><strong>Entrevista estructurada<\/strong>. \u00c9s una entrevista amb un q\u00fcestionari de preguntes que no es poden canviar ni ampliar. El marge d&#8217;acci\u00f3 de l&#8217;entrevistador \u00e9s molt limitat; aquest tipus d&#8217;entrevista es planteja especialment per minimitzar els errors. Per aix\u00f2 cal ser molt curosos en el disseny de les preguntes, en l&#8217;\u00fas de les paraules i en la preparaci\u00f3 de l&#8217;entrevistador. En la majoria d&#8217;ocasions cont\u00e9 preguntes de resposta tancada.<\/li>\n<li><strong>Entrevista a fons (o en profunditat)<\/strong>. A continuaci\u00f3 aprofundirem en aquest tipus d&#8217;entrevista, ja que \u00e9s la que m\u00e9s informaci\u00f3 ens pot proporcionar.<\/li>\n<\/ol>\n<p>Una entrevista oberta a fons implica una s\u00e8rie de condicions, que resumim a continuaci\u00f3:<\/p>\n<ul>\n<li>L&#8217;objectiu principal de qualsevol persona que faci una entrevista ha de ser construir una atmosfera tan natural com sigui possible, en la qual la persona entrevistada protagonitzi el di\u00e0leg. Per aconseguir-ho, s&#8217;ha de presentar el marc general de la recerca, agrair la participaci\u00f3 de l&#8217;interlocutor i advertir-li de l&#8217;\u00fas que es far\u00e0 de les seves declaracions.<\/li>\n<li>El grau de profunditat de l&#8217;entrevista ha de ser el m\u00e0xim possible. La persona que faci l&#8217;entrevista ha de facilitar l&#8217;expressi\u00f3 de la persona entrevistada en tot all\u00f2 que sigui possible. Sense caure en preguntes malintencionades, tamb\u00e9 ha de procurar minimitzar els dubtes sobre els temes que s\u00f3n objecte de recerca.<\/li>\n<li>En conseq\u00fc\u00e8ncia, no hi ha una durada establerta per a les entrevistes. La persona que entrevista ha d&#8217;adonar-se que ha arribat el moment en qu\u00e8 tots els temes que ha plantejat ja han estat tractats prou a fons, ja que les noves contribucions no comporten cap modificaci\u00f3 de les exposades pr\u00e8viament. Per tant, hi ha entrevistes que es poden completar en poc m\u00e9s de mitja hora i d&#8217;altres que poden allargar-se m\u00e9s d&#8217;una hora.<\/li>\n<li>La funci\u00f3 de l&#8217;entrevistador \u00e9s guiar la conversa i intentar garantir que es tractin tots els temes que l&#8217;equip de recerca considera rellevants. Per aconseguir-ho, es facilita un gui\u00f3 que l&#8217;entrevistador ha d&#8217;emprar de manera merament orientativa, com un full de ruta que eviti que l&#8217;entrevista s&#8217;encalli en uns temes concrets i es deixin de tractar altres q\u00fcestions rellevants.<\/li>\n<\/ul>\n<div class=\"featured featured-grey\"><\/p>\n<p><strong>Exemple d&#8217;entrevista<\/strong><\/p>\n<p>Prendrem com a exemple un estudi interessat a con\u00e8ixer quin \u00e9s l&#8217;\u00fas de les xarxes socials per part d&#8217;empresaris emprenedors. En concret, la recerca es formula la pregunta seg\u00fcent: en quina mesura els emprenedors usen els mitjans socials per gestionar el seu capital social? I planteja dues subpreguntes per explorar detalladament les seves motivacions (per qu\u00e8 els emprenedors usen els mitjans socials per gestionar el seu capital social?) i les seves satisfaccions percebudes (com es beneficien dels mitjans socials els emprenedors per gestionar el seu capital social?).<\/p>\n<p>Per respondre a aquestes preguntes, l&#8217;estudi va seguir un enfocament inductiu basat en un m\u00e8tode mixt que va fer possible combinar la percepci\u00f3 dels emprenedors amb la seva xarxa i l&#8217;activitat en els mitjans socials. A continuaci\u00f3 farem esment de la primera part del m\u00e8tode, per al qual la recerca es va servir d&#8217;entrevistes semiestructurades. En primer lloc, veurem quins criteris es van utilitzar per seleccionar la mostra, quin proc\u00e9s de selecci\u00f3 es va seguir per crear-la i, a partir d&#8217;aquests dos punts, com es van dissenyar les entrevistes.<\/p>\n<p><strong>Criteris en la selecci\u00f3 de la mostra<\/strong><\/p>\n<p>La selecci\u00f3 dels entrevistats va ser determinada per la pregunta de recerca i els elements principals identificats en el marc te\u00f2ric: 1) caracter\u00edstiques de l&#8217;empresa, 2) perfil de l&#8217;emprenedor i 3) comprom\u00eds amb les xarxes socials.<\/p>\n<p><strong>1. Caracter\u00edstiques de l&#8217;empresa<\/strong>. Els criteris de selecci\u00f3 van tenir en compte tres elements principals: la seva naturalesa tecnol\u00f2gica, la seva naturalesa industrial i la seva etapa de maduresa.<\/p>\n<ul>\n<li>La mostra tenia com a objectiu proporcionar representants en empreses emprenedores basades en oportunitats, amb un enfocament especial en empreses tecnol\u00f2giques a causa de la seva exposici\u00f3 a entorns molt din\u00e0mics.<\/li>\n<li>Pel que fa a la ind\u00fastria de l&#8217;empresa, la mostra va tenir com a objectiu mantenir un enfocament ampli per garantir que els resultats no es limitessin a una sola ind\u00fastria.<\/li>\n<li>Pel que fa a l&#8217;etapa de maduresa de l&#8217;empresa, un criteri com\u00fa va ser seleccionar casos empresarials en una etapa d&#8217;emerg\u00e8ncia. Aix\u00f2 significa que els empresaris seleccionats ja s&#8217;haurien involucrat en diverses activitats inicials, com obtenir finan\u00e7ament extern, contractar capital hum\u00e0, identificar socis comercials, etc. Aquest tret resulta fonamental per obtenir experi\u00e8ncies dels emprenedors.<\/li>\n<\/ul>\n<p><strong>2. El perfil de l&#8217;emprenedor<\/strong>. Per garantir l&#8217;ajustament del perfil dels empresaris als requisits d&#8217;aquesta recerca, es van considerar dues caracter\u00edstiques basades en l&#8217;edat i antecedents sempre a partir de la literatura del marc te\u00f2ric.<\/p>\n<ul>\n<li>D&#8217;una banda, quan es tracta de l&#8217;estudi de les xarxes socials, s&#8217;han trobat algunes difer\u00e8ncies en l&#8217;impacte de la demografia de l&#8217;edat i la capacitat de l&#8217;individu per treballar en entorns en l\u00ednia, especialment entre els mil\u00b7lennistes o la generaci\u00f3 Y (nascuts entre el 1980 i el 2000) i la generaci\u00f3 X (nascuts entre el 1960 i el 1980). La mostra va tenir una perspectiva \u00e0mplia en termes de l&#8217;edat dels empresaris per garantir que els resultats no es limitessin a una sola categoria demogr\u00e0fica d&#8217;edat, o la seva capacitat per utilitzar aquestes plataformes virtuals.<\/li>\n<li>D&#8217;altra banda, un aspecte important que es va tenir en compte va ser el coneixement previ de l&#8217;emprenedor: l&#8217;educaci\u00f3 formal i la seva experi\u00e8ncia professional. A m\u00e9s, els antecedents de l&#8217;emprenedor poden ser especialment rellevants en emprenedors de base tecnol\u00f2gica i generar variacions significatives depenent de si el seu perfil est\u00e0 orientat als negocis o a la tecnologia.<\/li>\n<li>A m\u00e9s dels antecedents educatius i professionals, es considera que els emprenedors amb pares que tamb\u00e9 s\u00f3n emprenedors poden beneficiar-se de la seva experi\u00e8ncia; els emprenedors connectats a universitats o associats a certs tipus d&#8217;entitats tamb\u00e9 poden beneficiar-se de la xarxa social inherent a aquestes comunitats.<\/li>\n<\/ul>\n<p><strong>3. El comprom\u00eds amb les xarxes socials<\/strong>. L&#8217;\u00faltim criteri a tenir en compte en seleccionar els casos va ser la participaci\u00f3 dels empresaris en les plataformes de xarxes socials. M\u00e9s concretament, els casos seleccionats tenien almenys el seu perfil personal en un dels llocs de xarxes socials m\u00e9s populars (LinkedIn, Twitter o Facebook) per garantir que aquests casos estiguessin familiaritzats amb les xarxes socials i amb experi\u00e8ncia en aquest mitj\u00e0 per crear xarxes.<\/p>\n<p>En resum, el criteri de selecci\u00f3 dels casos va tenir en compte tres elements principals. Pel que fa a les caracter\u00edstiques de l&#8217;empresa, els casos es van seleccionar d&#8217;empreses emprenedores de base tecnol\u00f2gica de diferents ind\u00fastries en la seva etapa d&#8217;emerg\u00e8ncia. En segon lloc, pel que fa al perfil de l&#8217;emprenedor, la mostra va prestar especial atenci\u00f3 als emprenedors de base tecnol\u00f2gica entre 25 i 50 anys, considerant la variabilitat en els antecedents educatius i professionals de l&#8217;individu. Finalment, els criteris de selecci\u00f3 tamb\u00e9 van assegurar que els casos seleccionats estiguessin familiaritzats amb les xarxes socials per garantir que poguessin proporcionar informaci\u00f3 important sobre les seves percepcions i experi\u00e8ncies.<\/p>\n<p><strong>Proc\u00e9s de selecci\u00f3 de la mostra<\/strong><\/p>\n<p>La selecci\u00f3 de la mostra es va fer durant les dues primeres etapes del treball de camp. Primer es va fer una selecci\u00f3 de set casos per desenvolupar un marc preliminar. A continuaci\u00f3 es van seleccionar tretze casos addicionals fins a aconseguir el nivell de saturaci\u00f3. Amb la finalitat de proporcionar m\u00e9s informaci\u00f3 sobre com s&#8217;ajusta la selecci\u00f3 de cada cas als requisits del treball de camp (pel que fa a la pregunta de recerca i la representativitat mitjan\u00e7ant el marc te\u00f2ric), a continuaci\u00f3 s&#8217;ofereix una breu discussi\u00f3 del proc\u00e9s de selecci\u00f3 al llarg de les dues etapes.<\/p>\n<p><strong>Etapa 1: casos seleccionats per construir un marc preliminar<\/strong><\/p>\n<p>Durant la primera etapa de la selecci\u00f3 de la mostra es van triar diversos casos per explicar el context de l&#8217;estudi, la qual cosa va conduir a un marc te\u00f2ric preliminar. Els elements principals capturats en aquesta etapa van ser la variabilitat en la ind\u00fastria de l&#8217;empresa i en el coneixement previ de l&#8217;emprenedor. Seguint aquest criteri, es van crear set perfils d&#8217;emprenedors prenent les tres variables que es van considerar en la selecci\u00f3 de la mostra.<\/p>\n<table style=\"height: 549px;\" width=\"592\">\n<tbody>\n<tr>\n<td width=\"141\"><strong>Empresa emergent<\/strong><\/td>\n<td width=\"141\"><strong>Experi\u00e8ncia empresarial<\/strong><\/td>\n<td width=\"141\"><strong>Coneixement previ industrial<\/strong><\/td>\n<td width=\"141\"><strong>Comentaris addicionals<\/strong><\/td>\n<\/tr>\n<tr>\n<td width=\"141\">Emprenedor 1<\/td>\n<td width=\"141\">X<\/td>\n<td width=\"141\">X<\/td>\n<td width=\"141\">&#8211;<\/td>\n<\/tr>\n<tr>\n<td width=\"141\">Emprenedor 2<\/td>\n<td width=\"141\">X<\/td>\n<td width=\"141\">\u221a<\/td>\n<td width=\"141\">&#8211;<\/td>\n<\/tr>\n<tr>\n<td width=\"141\">Emprenedor 3<\/td>\n<td width=\"141\">\u221a<\/td>\n<td width=\"141\">X<\/td>\n<td width=\"141\">&#8211;<\/td>\n<\/tr>\n<tr>\n<td width=\"141\">Emprenedor 4<\/td>\n<td width=\"141\">\u221a<\/td>\n<td width=\"141\">X<\/td>\n<td width=\"141\">&#8211;<\/td>\n<\/tr>\n<tr>\n<td width=\"141\">Emprenedor 5<\/td>\n<td width=\"141\">\u221a<\/td>\n<td width=\"141\">\u221a<\/td>\n<td width=\"141\">&#8211;<\/td>\n<\/tr>\n<tr>\n<td width=\"141\">Emprenedor 6<\/td>\n<td width=\"141\">X<\/td>\n<td width=\"141\">\u221a<\/td>\n<td width=\"141\">Coneixement previ d&#8217;empresa familiar<\/td>\n<\/tr>\n<tr>\n<td width=\"141\">Emprenedor 7<\/td>\n<td width=\"141\">\u221a<\/td>\n<td width=\"141\">\u221a<\/td>\n<td width=\"141\">Connectat a la universitat<\/td>\n<\/tr>\n<\/tbody>\n<\/table>\n<p><strong>Etapa 2: casos seleccionats per ampliar i consolidar el marc emergent<\/strong><\/p>\n<p>Els set casos empresarials inicials van ser \u00fatils per desenvolupar un marc te\u00f2ric emergent i explicar per qu\u00e8 i com els empresaris van utilitzar les xarxes socials per millorar el seu capital social durant el seu proc\u00e9s empresarial. No obstant aix\u00f2, aquests casos d&#8217;estudi nom\u00e9s van proporcionar un marc preliminar per respondre a la part de recerca, i es van analitzar altres casos fins que es va aconseguir un nivell de saturaci\u00f3 que proporcion\u00e9s un marc te\u00f2ric consistent. Cada nou cas es va seleccionar despr\u00e9s de les entrevistes fetes i analitzades en l&#8217;etapa 1, amb la finalitat de garantir que el nou cas seleccionat fos adequat, i aix\u00ed es va proporcionar una certa variabilitat entorn dels antecedents de l&#8217;emprenedor o de l&#8217;empresa.<\/p>\n<p>D&#8217;una banda, per donar llum als diferents perfils de fons, com s&#8217;il\u00b7lustra a la taula seg\u00fcent, es van seleccionar alguns casos amb una formaci\u00f3 acad\u00e8mica o professional feble per complementar els perfils E1 i E2 seleccionats en l&#8217;etapa anterior. Espec\u00edficament, els casos seleccionats tenien una experi\u00e8ncia professional limitada o una experi\u00e8ncia b\u00e0sica de la ind\u00fastria sense educaci\u00f3 formal.<\/p>\n<table style=\"height: 197px;\" width=\"654\">\n<tbody>\n<tr>\n<td width=\"189\"><strong>Educaci\u00f3 tecnol\u00f2gica \/<\/strong><\/p>\n<p><strong>Sense experi\u00e8ncia professional<\/strong><\/td>\n<td width=\"189\"><strong>\u00abAltres\u00bb educacions formals \/ Experi\u00e8ncia industrial<\/strong><\/td>\n<td width=\"189\"><strong>\u00abAltres\u00bb educacions formals \/ Sense experi\u00e8ncia professional<\/strong><\/td>\n<\/tr>\n<tr>\n<td width=\"189\">Emprenedor 13<\/p>\n<p>Emprenedor 20<\/td>\n<td width=\"189\">Emprenedor 2<\/p>\n<p>Emprenedor 8<\/td>\n<td width=\"189\">Emprenedor 1<\/p>\n<p>&nbsp;<\/td>\n<\/tr>\n<\/tbody>\n<\/table>\n<p>D&#8217;altra banda, en contrast amb els casos anteriors, es van seleccionar alguns emprenedors addicionals per aportar idees d&#8217;una formaci\u00f3 educativa o professional m\u00e9s s\u00f2lida i complementar els emprenedors 3, 4, 5, 6 i 7, seleccionats en l&#8217;etapa anterior. Espec\u00edficament, els casos es van seleccionar en funci\u00f3 de la seva educaci\u00f3 formal (graus tecnol\u00f2gics enfront d&#8217;administraci\u00f3 d&#8217;empreses) i la seva experi\u00e8ncia professional a la ind\u00fastria.<\/p>\n<table style=\"height: 267px;\" width=\"655\">\n<tbody>\n<tr>\n<td colspan=\"3\" width=\"339\"><strong>Educaci\u00f3 tecnol\u00f2gica<\/strong><\/td>\n<td colspan=\"2\" width=\"226\"><strong>Educaci\u00f3 en administraci\u00f3 d&#8217;empreses<\/strong><\/td>\n<\/tr>\n<tr>\n<td width=\"113\"><strong>Tots dos tipus d&#8217;experi\u00e8ncia<\/strong><\/td>\n<td width=\"113\"><strong>Experi\u00e8ncia empresarial<\/strong><\/td>\n<td width=\"113\"><strong>Experi\u00e8ncia industrial<\/strong><\/td>\n<td width=\"113\"><strong>Experi\u00e8ncia empresarial<\/strong><\/td>\n<td width=\"113\"><strong>Experi\u00e8ncia industrial<\/strong><\/td>\n<\/tr>\n<tr>\n<td width=\"113\">Emprenedor 5<\/p>\n<p>Emprenedor 7<\/td>\n<td width=\"113\">Emprenedor 4<\/p>\n<p>Emprenedor 15<\/p>\n<p>Emprenedor 16<\/td>\n<td width=\"113\">Emprenedor 9<\/p>\n<p>Emprenedor 12<\/p>\n<p>Emprenedor 17<\/td>\n<td width=\"113\">Emprenedor 3<\/p>\n<p>Emprenedor 10<\/p>\n<p>Emprenedor 11<\/td>\n<td width=\"113\">Emprenedor 6<\/p>\n<p>Emprenedor 14<\/td>\n<\/tr>\n<\/tbody>\n<\/table>\n<p><strong>Estructura de les entrevistes<\/strong><\/p>\n<p>L&#8217;estructura de les entrevistes es va dissenyar per endavant utilitzant com a refer\u00e8ncia la literatura existent en xarxes socials. Despr\u00e9s d&#8217;aquesta revisi\u00f3 es va dissenyar un esquema per fer el primer conjunt d&#8217;entrevistes semiestructurades.<\/p>\n<p>L&#8217;estructura general es va dividir principalment en tres blocs de preguntes. Primer, es va formular un conjunt de preguntes estructurades i semiestructurades per obtenir una visi\u00f3 general de la posada en marxa i el perfil de l&#8217;enquestat. L&#8217;objectiu principal era obtenir informaci\u00f3 sobre l&#8217;empresa i una descripci\u00f3 detallada de l&#8217;activitat personal i professional de l&#8217;emprenedor. A m\u00e9s, aquesta part es va completar amb punts de vista addicionals entorn de l&#8217;\u00fas de les xarxes socials: l&#8217;objectiu era saber si els enquestats eren usuaris actius de les xarxes socials i l&#8217;esfor\u00e7 dedicat a aquestes plataformes.<\/p>\n<p>En segon lloc, es va formular un conjunt de preguntes semiestructurades i obertes per comprendre per qu\u00e8 els empresaris van utilitzar les xarxes socials per a q\u00fcestions professionals. L&#8217;objectiu principal d&#8217;aquestes preguntes era con\u00e8ixer per qu\u00e8 els empresaris es van servir de xarxes socials i quin tipus de plataformes van utilitzar. Finalment, es va dissenyar un tercer bloc de preguntes per preguntar els entrevistats sobre les seves opcions estrat\u00e8giques per usar les xarxes socials, l&#8217;impacte d&#8217;aquestes estrat\u00e8gies en l&#8217;estructura de la seva xarxa social i, al seu torn, l&#8217;adquisici\u00f3 de recursos durant les primeres etapes del proc\u00e9s empresarial. Les principals etapes analitzades van ser: oportunitat, creaci\u00f3 i intercanvi. Cada entrevista va ser independent i hi havia espai per incloure preguntes addicionals.<\/p>\n<p><strong>Disseny de l&#8217;esquema per a les entrevistes<\/strong><\/p>\n<p><strong>A. L&#8217;emprenedor i els problemes generals sobre la posada en marxa<\/strong><\/p>\n<p>1. Caracter\u00edstiques personals de l&#8217;emprenedor:<\/p>\n<ul>\n<li>Podria parlar-nos de vost\u00e8? \u00c9s membre d&#8217;organitzacions professionals o socials relacionades amb la seva nova empresa?<\/li>\n<\/ul>\n<p>2. Antecedents personals de l&#8217;emprenedor:<\/p>\n<ul>\n<li>Podria donar-nos els seus antecedents personals?<\/li>\n<li>On \u00abva cr\u00e9ixer\u00bb? Amb qui \u00abva cr\u00e9ixer\u00bb?<\/li>\n<li>Quina va ser la principal ocupaci\u00f3 dels seus pares?<\/li>\n<li>Alg\u00fa treballava per compte propi o era amo d&#8217;un negoci? Si \u00e9s aix\u00ed, quin tipus de negoci?<\/li>\n<li>Quina actitud t\u00e9 envers la seva empresa comercial?<\/li>\n<\/ul>\n<p>3. Formaci\u00f3 professional de l&#8217;emprenedor:<\/p>\n<ul>\n<li>Podria dir-nos quina \u00e9s la seva educaci\u00f3? Quins s\u00f3n els seus antecedents de formaci\u00f3?<\/li>\n<li>Podria dir-nos quina \u00e9s la seva traject\u00f2ria professional?<\/li>\n<li>Quines qualificacions ha aconseguit que puguin ser rellevants per a la seva carrera professional actual?<\/li>\n<\/ul>\n<p>4. Tipus de negoci (alta tecnologia):<\/p>\n<ul>\n<li>Quines qualificacions ha aconseguit que puguin ser rellevants per a la seva carrera professional actual?<\/li>\n<li>Pot dir-nos quin \u00e9s el seu negoci?<\/li>\n<li>Quin tipus de negoci t\u00e9?<\/li>\n<li>Qu\u00e8 fa la seva empresa?<\/li>\n<li>Quant temps fa que est\u00e0 en el seu negoci actual?<\/li>\n<li>Com es dedica a fer diners? Com percep el futur de la seva empresa: (creixent \/ mantenint-se aproximadament en la mateixa grand\u00e0ria \/ encongint-se)?<\/li>\n<\/ul>\n<p><strong>B. Usos i gratificacions de les xarxes socials<\/strong><\/p>\n<p>1. Usos:<\/p>\n<ul>\n<li>Est\u00e0 familiaritzat amb les xarxes socials?<\/li>\n<li>Amb quines plataformes de xarxes socials est\u00e0 m\u00e9s familiaritzat? Per qu\u00e8?<\/li>\n<li>Per qu\u00e8 usa les xarxes socials?<\/li>\n<li>Quin \u00fas comercial fa de les xarxes socials?<\/li>\n<li>Per qu\u00e8 utilitza les xarxes socials per interactuar amb els seus contactes socials per q\u00fcestions comercials?<\/li>\n<\/ul>\n<p>2. Gratificacions:<\/p>\n<ul>\n<li>Segons la seva experi\u00e8ncia, com creu que les xarxes socials han afectat el seu proc\u00e9s comercial?<\/li>\n<li>Quins beneficis obt\u00e9 de les xarxes socials?<\/li>\n<\/ul>\n<p>Aquest esquema es va utilitzar com a plantilla per fer les entrevistes, per\u00f2 no va ser un esquema r\u00edgid, aix\u00f2 \u00e9s, els investigadors van ser flexibles per reestructurar o reformular algunes preguntes d&#8217;acord amb l&#8217;evoluci\u00f3 de l&#8217;entrevista.<\/p>\n<p>Vegeu l&#8217;estudi complet a:<\/p>\n<p><strong>Riverola, C<\/strong>. <em>Do entrepreneurs Link(ed)-In? Exploring enterpreneurs\u2019 usage of social media to manage social capital<\/em>. Tesi doctoral. Universitat Ramon Llull. Director: Francesc Miralles Torner. Accessible a <a href=\"https:\/\/www.tdx.cat\/handle\/10803\/393939#page=78\">https:\/\/www.tdx.cat\/handle\/10803\/393939#page=78<\/a>.<\/p>\n<p>\n<\/div>\n<p>&nbsp;<\/p>\n","protected":false},"excerpt":{"rendered":"<p>\u00c9s la t\u00e8cnica qualitativa per excel\u00b7l\u00e8ncia. Una entrevista \u00e9s un di\u00e0leg entre dues persones en el qual una d&#8217;elles pret\u00e9n obtenir informaci\u00f3 de naturalesa diversa sobre l&#8217;altra. Es tracta, per tant, d&#8217;una situaci\u00f3 comuna en la nostra vida quotidiana, de manera que tothom t\u00e9, com a m\u00ednim, una idea aproximada i intu\u00eftiva sobre el significat [&hellip;]<\/p>\n","protected":false},"author":1,"featured_media":0,"parent":0,"menu_order":0,"comment_status":"closed","ping_status":"closed","template":"","meta":[],"_links":{"self":[{"href":"http:\/\/tecniques-metodes-recerca.recursos.uoc.edu\/ca\/wp-json\/wp\/v2\/pages\/324"}],"collection":[{"href":"http:\/\/tecniques-metodes-recerca.recursos.uoc.edu\/ca\/wp-json\/wp\/v2\/pages"}],"about":[{"href":"http:\/\/tecniques-metodes-recerca.recursos.uoc.edu\/ca\/wp-json\/wp\/v2\/types\/page"}],"author":[{"embeddable":true,"href":"http:\/\/tecniques-metodes-recerca.recursos.uoc.edu\/ca\/wp-json\/wp\/v2\/users\/1"}],"replies":[{"embeddable":true,"href":"http:\/\/tecniques-metodes-recerca.recursos.uoc.edu\/ca\/wp-json\/wp\/v2\/comments?post=324"}],"version-history":[{"count":5,"href":"http:\/\/tecniques-metodes-recerca.recursos.uoc.edu\/ca\/wp-json\/wp\/v2\/pages\/324\/revisions"}],"predecessor-version":[{"id":1357,"href":"http:\/\/tecniques-metodes-recerca.recursos.uoc.edu\/ca\/wp-json\/wp\/v2\/pages\/324\/revisions\/1357"}],"wp:attachment":[{"href":"http:\/\/tecniques-metodes-recerca.recursos.uoc.edu\/ca\/wp-json\/wp\/v2\/media?parent=324"}],"curies":[{"name":"wp","href":"https:\/\/api.w.org\/{rel}","templated":true}]}}