{"id":326,"date":"2018-03-07T18:28:13","date_gmt":"2018-03-07T16:28:13","guid":{"rendered":"http:\/\/tecniques-metodes-recerca.uoc.edu\/?page_id=326"},"modified":"2020-12-15T11:06:45","modified_gmt":"2020-12-15T09:06:45","slug":"4-2-3-grup-de-discussio","status":"publish","type":"page","link":"http:\/\/tecniques-metodes-recerca.recursos.uoc.edu\/ca\/4-2-3-grup-de-discussio\/","title":{"rendered":"4.2.3. Grup de discussi\u00f3"},"content":{"rendered":"<div class=\"featured featured-blue\"><p>El <strong>grup de discussi\u00f3 (<em>focus group<\/em>)<\/strong> \u00e9s una t\u00e8cnica de recerca iniciada pel soci\u00f2leg nord-americ\u00e0 Robert Merton i que s&#8217;utilitza per valorar l&#8217;opini\u00f3 d&#8217;un grup sobre un determinat tema.<\/p>\n<\/div>\n<p>En el grup de discussi\u00f3 es reuneix un grup de persones (de set a dotze, segons els manuals) perqu\u00e8 conversin sobre els temes que ha fixat la persona que modera la reuni\u00f3. Com hem esmentat, l&#8217;objectiu d&#8217;aquesta t\u00e8cnica \u00e9s con\u00e8ixer els arguments que empren les persones participants per justificar les seves posicions, amb l&#8217;objectiu que, cap al final de la reuni\u00f3, el grup arribi a un cert grau de consens.<\/p>\n<p>Es tracta d&#8217;una t\u00e8cnica de recerca que sol emprar-se en els estudis de mercat, aix\u00ed com en l&#8217;an\u00e0lisi de les percepcions i les actituds de la ciutadania. No obstant aix\u00f2, actualment \u00e9s bastant freq\u00fcent en tot tipus de recerques, especialment en aquelles que analitzen objectes d&#8217;estudi que afecten un grup de la poblaci\u00f3. Per exemple, si es realitza una recerca sobre l&#8217;acc\u00e9s als equipaments culturals d&#8217;una ciutat.<\/p>\n<p><strong>Estructura de la mostra te\u00f2rica<\/strong><\/p>\n<p>Una vegada decidida la composici\u00f3 dels grups de discussi\u00f3 que hem d&#8217;aplicar en la nostra recerca, hem d&#8217;elaborar un gui\u00f3 que la persona que exerceixi de moderador usar\u00e0 per controlar la posada en escena de la t\u00e8cnica.<\/p>\n<div class=\"featured featured-grey\"><\/p>\n<p><strong>Exemple de grup de discussi\u00f3<\/strong><\/p>\n<p>En aquest cas veurem com a exemple una recerca que t\u00e9 per objectiu analitzar les xarxes socials digitals com a espais de sociabilitat dels adolescents estudiant el cas del col\u00b7legi Escuelas P\u00edas d&#8217;Aluche (Madrid). El treball marca els objectius seg\u00fcents: indagar sobre la sociabilitat dels adolescents en els entorns en l\u00ednia i fora de l\u00ednia; comprendre el que significa per als adolescents formar part d&#8217;una xarxa social virtual; explorar com entenen i gestionen la seva identitat a les xarxes socials; rastrejar qui integren la xarxa personal i les relacions que mantenen, i esbrinar quins s\u00f3n les principals pr\u00e0ctiques de sociabilitat que duen a terme a l&#8217;entorn de les xarxes socials. Per tant, la recerca s&#8217;ocupa d&#8217;explorar com s&#8217;apropien els adolescents de les xarxes socials per a la seva sociabilitat i com evolucionen les seves pr\u00e0ctiques des de la seva iniciaci\u00f3 fins que aconsegueixen sentir-s\u2019hi experts.<\/p>\n<p>Per a aix\u00f2, es van fer quatre grups de discussi\u00f3 (GD) amb adolescents d&#8217;onze a divuit anys. Els investigadors defensen que s&#8217;escull aquesta t\u00e8cnica perqu\u00e8 permet configurar marcs de discussi\u00f3 amplis i estructurats dial\u00e8cticament. Enfront de la t\u00e8cnica de la discussi\u00f3 de grup (<em>focus group<\/em>), m\u00e9s enfocada a la comprensi\u00f3 de la identitat individual en un context d&#8217;influ\u00e8ncia, el GD permet comprendre la identitat dels adolescents com a grup social. Al llarg de la seva realitzaci\u00f3 no es van fer preguntes directes, sin\u00f3 q\u00fcestions a tractar estructurades en tres blocs tem\u00e0tics:<\/p>\n<ul>\n<li>Activitats m\u00e9s habituals a internet.<\/li>\n<li>Actituds i motivacions envers les xarxes socials.<\/li>\n<li>Iniciaci\u00f3 a les xarxes socials i formes de participaci\u00f3 i interacci\u00f3.<\/li>\n<\/ul>\n<p><strong>Elaboraci\u00f3 de la mostra: variables per considerar<\/strong><\/p>\n<ul>\n<li><strong>Edat<\/strong>. \u00c9s 11-18 anys, amb diferenciaci\u00f3 de quatre segments: 11-12, 13-14, 15-16 i 17-18. Aquesta segmentaci\u00f3 es deu tant al fet que l&#8217;adolesc\u00e8ncia representa un per\u00edode d\u2019edats amb moltes transformacions, com a la necessitat de con\u00e8ixer els canvis que pateixen els comportaments socials dels adolescents des que s&#8217;inicien a les xarxes socials fins que hi adquireixen una independ\u00e8ncia total.<\/li>\n<li><strong>Estudis i nivell sociocultural<\/strong>. S&#8217;han considerat tots els que s&#8217;imparteixen en el col\u00b7legi: 6\u00e8. de prim\u00e0ria; 1r., 2n., 3r. i 4t. d\u2019ESO, i 1r. i 2n. d\u2019FPB. En tractar d\u2019un centre de l\u00ednia 3, va ser possible escollir alumnes de diferents classes socials per cada nivell educatiu.<\/li>\n<li>Perfil mitj\u00e0 i alt en l\u2019<strong>\u00fas de noves tecnologies<\/strong>.<\/li>\n<\/ul>\n<p>La captaci\u00f3 dels participants es va fer amb els professors del centre, que van triar els alumnes que complien aquestes caracter\u00edstiques per formalitzar cada grup. Se&#8217;ls va convidar a participar volunt\u00e0riament i es va sol\u00b7licitar el perm\u00eds parental dels alumnes menors.<\/p>\n<p>Es van fer quatre grups de discussi\u00f3 aplicant el criteri homogene\u00eftat\/heterogene\u00eftat, tots mixts i segmentats en intervals d&#8217;edat homogenis, en els quals van participar entre sis i vuit adolescents en cada grup. La composici\u00f3 final va ser la seg\u00fcent:<\/p>\n<ul>\n<li><strong>GD1<\/strong>: 11-12 anys (6\u00e8. de prim\u00e0ria i 1r. d\u2019ESO). Hi assisteixen vuit adolescents: 50 % de 6\u00e8. de prim\u00e0ria i 50 % de 1r. d\u2019ESO, 50 % noies i 50 % nois. Aquest grup \u00e9s rellevant perqu\u00e8 s\u00f3n fonamentalment usuaris de YouTube i encara no han donat el salt a les xarxes socials m\u00e9s orientades a la socialitzaci\u00f3, com Instagram o Facebook. Si b\u00e9 les coneixen, no tenen el consentiment dels pares per utilitzar-les.<\/li>\n<li><strong>GD2<\/strong>: 13-14 anys (2n. i 3r. d\u2019ESO). Hi va haver set assistents: quatre alumnes de 2n. d\u2019ESO (dues noies i dos nois) i tres de 3r. d\u2019ESO (dues noies i un noi). Aquest grup representa els adolescents que ja s&#8217;inicien en xarxes com Instagram, fonamentalment per estar connectats amb el seu entorn proper. Tamb\u00e9 tenen perfils en altres xarxes socials considerades m\u00e9s infantils, com Snapchat o Musical.ly.<\/li>\n<li><strong>GD3<\/strong>: 15-16 anys (4t. d\u2019ESO i 1r. d\u2019FPB). Hi assisteixen vuit adolescents: 50 % de 4t. d\u2019ESO i 50 % de 1r. d\u2019FPB, 50 % noies i 50 % nois. Aquest grup el componen adolescents ja iniciats a les xarxes socials del tipus Instagram, que usen per pujar contingut al seu perfil personal i per seguir gent del seu entorn i de fora.<\/li>\n<li><strong>GD4<\/strong>: 17-18 anys (4t. d\u2019ESO i 2n. d\u2019FPB). Hi assisteixen sis estudiants: 50 % de 4t. d\u2019ESO i 50 % de 2n. d\u2019FPB, quatre nois i dues noies. S\u00f3n adolescents ja experimentats en l&#8217;\u00fas de les xarxes socials, alguns dels quals es manegen amb m\u00e9s d&#8217;un perfil, un de p\u00fablic i un altre de privat.<\/li>\n<\/ul>\n<p><strong>Primeres observacions despr\u00e9s dels GD<\/strong><\/p>\n<ul>\n<li>La composici\u00f3 mostral permet comprendre com evolucionen les pr\u00e0ctiques de sociabilitat dels adolescents a les xarxes socials.<\/li>\n<li>S&#8217;observa com passen d&#8217;unes pr\u00e0ctiques molt enfocades en el consum de v\u00eddeos a YouTube i el seu entorn personal a altres m\u00e9s interessades a con\u00e8ixer gent nova i ampliar el seu cercle d&#8217;amistat.<\/li>\n<li>S&#8217;observa com evolucionen del control parental a l&#8217;autogesti\u00f3 del seu propi perfil.<\/li>\n<li>S&#8217;observa com van aconseguint ampliar les seves xarxes personals i el sentit de pertinen\u00e7a a comunitats virtuals.<\/li>\n<\/ul>\n<p><strong>Altres observacions<\/strong><\/p>\n<ul>\n<li>Les din\u00e0miques es van dur a terme entre els mesos d&#8217;abril i juny de 2018 en un espai propi del col\u00b7legi i van tenir una durada aproximada de 90 minuts cadascuna; totes van ser gravades en \u00e0udio per transcriure-les i analitzar-les posteriorment.<\/li>\n<li>Malgrat les limitacions de la mostra, ja que tots els adolescents es coneixen, aquest biaix tamb\u00e9 va afavorir l&#8217;expressi\u00f3 dels significats de les seves pr\u00e0ctiques quotidianes de sociabilitat i es van suscitar din\u00e0miques grupals molt espont\u00e0nies i participatives.<\/li>\n<\/ul>\n<p>Vegeu l&#8217;article complet a:<\/p>\n<p><strong>Rubio-Romero, J.; Jim\u00e9nez, J. M., i Bar\u00f3-Dol\u00e7, G.<\/strong> (2019). \u00abLas redes sociales digitales como espacios de sociabilidad de los adolescentes. El caso del colegio Escolapios de Aluche\u00bb. <em>Revista Mediterr\u00e1nea de Comunicaci\u00f3n = Mediterranean Journal of Communication<\/em> (vol. 10, n\u00fam. 2, p\u00e0g. 85-99). Accessible a <a href=\"https:\/\/www.doi.org\/10.14198\/MEDCOM2019.10.2.19\">https:\/\/www.doi.org\/10.14198\/medcom2019.10.2.19<\/a>.<\/p>\n<p>\n<\/div>\n<p>&nbsp;<\/p>\n","protected":false},"excerpt":{"rendered":"<p>En el grup de discussi\u00f3 es reuneix un grup de persones (de set a dotze, segons els manuals) perqu\u00e8 conversin sobre els temes que ha fixat la persona que modera la reuni\u00f3. Com hem esmentat, l&#8217;objectiu d&#8217;aquesta t\u00e8cnica \u00e9s con\u00e8ixer els arguments que empren les persones participants per justificar les seves posicions, amb l&#8217;objectiu que, [&hellip;]<\/p>\n","protected":false},"author":1,"featured_media":0,"parent":0,"menu_order":0,"comment_status":"closed","ping_status":"closed","template":"","meta":[],"_links":{"self":[{"href":"http:\/\/tecniques-metodes-recerca.recursos.uoc.edu\/ca\/wp-json\/wp\/v2\/pages\/326"}],"collection":[{"href":"http:\/\/tecniques-metodes-recerca.recursos.uoc.edu\/ca\/wp-json\/wp\/v2\/pages"}],"about":[{"href":"http:\/\/tecniques-metodes-recerca.recursos.uoc.edu\/ca\/wp-json\/wp\/v2\/types\/page"}],"author":[{"embeddable":true,"href":"http:\/\/tecniques-metodes-recerca.recursos.uoc.edu\/ca\/wp-json\/wp\/v2\/users\/1"}],"replies":[{"embeddable":true,"href":"http:\/\/tecniques-metodes-recerca.recursos.uoc.edu\/ca\/wp-json\/wp\/v2\/comments?post=326"}],"version-history":[{"count":4,"href":"http:\/\/tecniques-metodes-recerca.recursos.uoc.edu\/ca\/wp-json\/wp\/v2\/pages\/326\/revisions"}],"predecessor-version":[{"id":1358,"href":"http:\/\/tecniques-metodes-recerca.recursos.uoc.edu\/ca\/wp-json\/wp\/v2\/pages\/326\/revisions\/1358"}],"wp:attachment":[{"href":"http:\/\/tecniques-metodes-recerca.recursos.uoc.edu\/ca\/wp-json\/wp\/v2\/media?parent=326"}],"curies":[{"name":"wp","href":"https:\/\/api.w.org\/{rel}","templated":true}]}}