{"id":328,"date":"2018-03-07T18:30:42","date_gmt":"2018-03-07T16:30:42","guid":{"rendered":"http:\/\/tecniques-metodes-recerca.uoc.edu\/?page_id=328"},"modified":"2020-12-15T18:09:28","modified_gmt":"2020-12-15T16:09:28","slug":"4-2-4-observacio-etnografica","status":"publish","type":"page","link":"http:\/\/tecniques-metodes-recerca.recursos.uoc.edu\/ca\/4-2-4-observacio-etnografica\/","title":{"rendered":"4.2.4. Observaci\u00f3 etnogr\u00e0fica"},"content":{"rendered":"<div class=\"featured featured-blue\"><p>L&#8217;observaci\u00f3 <strong>etnogr\u00e0fica<\/strong> \u00e9s un conjunt de processos de recollida i interpretaci\u00f3 de dades en els quals la relaci\u00f3 adoptada per la persona investigadora respecte al context social que estudia determina el grau d&#8217;implicaci\u00f3 (comprom\u00eds) i participaci\u00f3 de l&#8217;exercici anal\u00edtic.<\/p>\n<\/div>\n<p>Es tracta d&#8217;una de les t\u00e8cniques m\u00e9s importants de recollida de dades qualitatives, ja que permet descobrir les interaccions de l&#8217;entorn social. L&#8217;observaci\u00f3 ens proporciona informaci\u00f3 que, per exemple, no analitzem en una entrevista: el to de la veu, els gestos, la mirada, etc. Aquests aspectes s\u00f3n importants i complementen les paraules, per\u00f2 no hem d&#8217;obsessionar-nos per utilitzar aquesta t\u00e8cnica i, com amb altres eines que tenim disponibles, hem de saber en quin moment cal utilitzar-les i per a qu\u00e8.<\/p>\n<p>L&#8217;observaci\u00f3 etnogr\u00e0fica ja va ser utilitzada als anys trenta del segle <span class=\"roman\">XX<\/span> pels soci\u00f2legs de l&#8217;Escola de Chicago, principalment per estudiar les relacions dels diferents grups urbans a la ciutat de Chicago.<\/p>\n<p>L&#8217;observaci\u00f3 pot ser participant o no participant. En el primer model (<strong>observaci\u00f3 participant<\/strong>), la persona que investiga no nom\u00e9s ha de fer expl\u00edcita la seva condici\u00f3 d&#8217;investigador, sin\u00f3 que ha d&#8217;involucrar-se en el context seleccionat per transformar la seva situaci\u00f3 en la direcci\u00f3 establerta pels objectius de recerca i d&#8217;acci\u00f3. En canvi, el segon model (<strong>observaci\u00f3 no participant<\/strong>) pret\u00e9n garantir que la incid\u00e8ncia de la persona investigadora sigui al m\u00e9s redu\u00efda possible, i que la seva funci\u00f3 sigui similar a la d&#8217;un observador neutral que, sense intervenir en la realitat social que observa, pugui completar una an\u00e0lisi precisa sobre les seves l\u00f2giques visibles i invisibles. La dist\u00e0ncia entre la descripci\u00f3 i la intervenci\u00f3 \u00e9s evident i, sense arribar necess\u00e0riament a cap dels dos extrems, l&#8217;equip de recerca haur\u00e0 de decidir quina posici\u00f3 adopta respecte a la situaci\u00f3 analitzada.<\/p>\n<p>La perspectiva no participant ha rebut diverses cr\u00edtiques \u2013no nom\u00e9s de les ci\u00e8ncies socials, sin\u00f3 tamb\u00e9 del conjunt de la recerca cient\u00edfica (principi d&#8217;incertesa de Heisenberg)\u2013 pel fet que la simple pres\u00e8ncia de l&#8217;investigador en el camp analitzat modifica la realitat social observada. En cas d&#8217;optar per aquest enfocament, caldr\u00e0 que la persona que est\u00e0 al capdavant de la recerca estableixi tots els filtres necessaris per minimitzar aquest efecte.<\/p>\n<p>El qualificatiu <strong>etnogr\u00e0fic<\/strong> remet a disciplines de les ci\u00e8ncies socials, com ara l&#8217;antropologia, que busquen la comprensi\u00f3 dels comportaments socials i individuals per mitj\u00e0 de les pautes i les normes culturals que donen forma a les estructures socials que s&#8217;analitzen. Aix\u00ed, l&#8217;objectiu de les persones que investiguen ser\u00e0 desxifrar les regles que els membres d&#8217;una societat donen per descomptades (en angl\u00e8s, <em>taken for granted<\/em>). En aquest sentit, la filosofia que es hi ha darrere d&#8217;aquesta t\u00e8cnica de recol\u00b7lecci\u00f3 i an\u00e0lisi de dades \u00e9s similar a la que descriurem quan parlem de l&#8217;an\u00e0lisi del discurs.<\/p>\n<p>Des d&#8217;un punt de vista pr\u00e0ctic, l&#8217;observaci\u00f3 etnogr\u00e0fica requereix completar una s\u00e8rie de fases que, d&#8217;una banda, permetin que l&#8217;investigador faci la seva feina i, d&#8217;altra banda, garanteixin l&#8217;obtenci\u00f3 d&#8217;uns resultats que, sense ser necess\u00e0riament generalitzables a altres situacions i processos, serveixin per descriure amb precisi\u00f3 el context social sotm\u00e8s a estudi.<\/p>\n<p>Clifford Geertz (2006) completa una estructura de fases que permet comprendre el proc\u00e9s intel\u00b7lectual que haur\u00e0 de completar qualsevol persona que opti per l&#8217;observaci\u00f3 etnogr\u00e0fica com a via d&#8217;acc\u00e9s al coneixement social. Despr\u00e9s de resumir considerablement la seva proposta, les principals fases s\u00f3n les seg\u00fcents:<\/p>\n<ol>\n<li><strong>Estranyament<\/strong>. Suposa un proc\u00e9s de q\u00fcestionament de les idees dominants a l&#8217;hora d&#8217;explicar i entendre el m\u00f3n social. Requereix que persona que investiga adopti una actitud cr\u00edtica i tingui una gran capacitat per fer-se preguntes que transcendeixin el nivell de les conductes exposades. L&#8217;objectiu \u00e9s comprendre que les conductes socials s\u00f3n fruit de convencions, d&#8217;acords entre \u00e9ssers humans que s&#8217;han anat normalitzant amb el temps, per\u00f2 que no s\u00f3n el resultat d&#8217;un proc\u00e9s natural, sin\u00f3 purament social.<\/li>\n<li><strong>Intersubjectivitat<\/strong>. \u00c9s un exercici \u00fatil per comprovar que la construcci\u00f3 de sentits \u00e9s el resultat d&#8217;un proc\u00e9s de negociaci\u00f3 entre subjectes, per la qual cosa la capacitat de recrear i entrella\u00e7ar diverses perspectives ser\u00e0 el que permeti aproximar-se a un coneixement m\u00e9s profund i s\u00f2lid de la realitat social.<\/li>\n<li><strong>Descripci\u00f3 densa<\/strong>. Es tracta d&#8217;una s\u00e8rie d&#8217;operacions que permeten accedir al significat profund dels comportaments humans en societat per intentar aconseguir la diversitat de significats i de situacions en les que es donen. Per aconseguir-ho, s&#8217;empren diverses estrat\u00e8gies que ajuden els equips de recerca.<\/li>\n<li><strong>Explicaci\u00f3<\/strong>. Al final, l&#8217;equip de recerca haur\u00e0 de ser capa\u00e7 d&#8217;explicar les normes que regeixen el comportament dels individus en societat, aprofundint en les implicacions que aix\u00f2 comporta en els diversos nivells que componen la realitat social.<\/li>\n<\/ol>\n<p>Si b\u00e9 en l&#8217;\u00e0mbit de les ci\u00e8ncies socials l&#8217;observaci\u00f3 etnogr\u00e0fica s&#8217;usa amb bastanta freq\u00fc\u00e8ncia, la situaci\u00f3 no \u00e9s la mateixa en les ci\u00e8ncies de la informaci\u00f3 i la documentaci\u00f3. La veritat \u00e9s que hi ha contextos en els quals el seu desenvolupament podria resultar profit\u00f3s. L&#8217;estudi de les pr\u00e0ctiques i de les relacions socials que es produeixen i es reprodueixen als centres de treball d&#8217;aquesta especialitat professional es pot completar des d&#8217;un punt de vista etnogr\u00e0fic, aprofundint en els aspectes culturals que s&#8217;amaguen darrere dels comportaments dels diversos grups que comparteixen espai, conviuen i interactuen sota un mateix sostre.<\/p>\n<p>De la mateixa manera, durant l&#8217;\u00faltima d\u00e8cada s&#8217;ha desenvolupat la migraci\u00f3 d&#8217;aquesta t\u00e8cnica de recerca des del context material cap al context virtual. La <strong>netnografia<\/strong> (Dicks <em>et al.<\/em>, 2005; Kozinets, 2010) consisteix en l&#8217;an\u00e0lisi dels comportaments socials que es produeixen a la xarxa. Els f\u00f2rums, les xarxes socials i la formaci\u00f3 en l\u00ednia s\u00f3n nom\u00e9s alguns dels primers camps d&#8217;estudi virtual per a les persones que treballen en l&#8217;etnografia digital.<\/p>\n<div class=\"featured featured-grey\"><p><strong>Myers, M.<\/strong> (1999). \u00abInvestigating Information Systems with Ethnographic Research\u00bb. <em>Communications of Association for Information Systems<\/em> (vol. 2, art. 23).<\/p>\n<p>\u00c9s un tutorial sobre recerca etnogr\u00e0fica en la informaci\u00f3 dels sistemes. Intenta definir els temes m\u00e9s importants que cal considerar abans d&#8217;utilitzar l&#8217;etnografia per estudiar els sistemes d&#8217;informaci\u00f3 dels fen\u00f2mens. Tamb\u00e9 ofereix alguns consells pr\u00e0ctics.<\/p>\n<p><a href=\"http:\/\/www.erialproject.org\/publications\/toolkit\/\" target=\"_blank\" rel=\"noopener\"><em>Etnographic Research in Academic Libraries<\/em><\/a>.<\/p>\n<p>Aquesta guia t\u00e9 la intenci\u00f3 d&#8217;ajudar al bibliotecari que treballa en una biblioteca acad\u00e8mica a comen\u00e7ar a desenvolupar el seu propi projecte de recerca etnogr\u00e0fica.<\/p>\n<\/div>\n<p>&nbsp;<\/p>\n<div class=\"featured featured-grey\"><p>\u00a0<strong>Exemple d&#8217;observaci\u00f3 etnogr\u00e0fica<\/strong><\/p>\n<p>Vegem l&#8217;exemple d&#8217;una recerca que estudia la percepci\u00f3 sobre la influ\u00e8ncia de les tribus urbanes en les noves tend\u00e8ncies de la publicitat prenent com a cas d&#8217;estudi la marca Adidas Originals a la ciutat de Bogot\u00e0. Despr\u00e9s d&#8217;una an\u00e0lisi de les peces publicit\u00e0ries de la marca, i pr\u00e8viament a la creaci\u00f3 de discussions de grup, s\u2019elabora un treball d&#8217;etnografia en universitats privades i p\u00fabliques de la ciutat de Bogot\u00e0 amb la finalitat d&#8217;identificar les marques i les tend\u00e8ncies en el tipus de cal\u00e7at entre els joves universitaris.<\/p>\n<ul>\n<li><strong>Llocs d&#8217;observaci\u00f3<\/strong>. Campus de la Universitat Nacional de Col\u00f2mbia, Universitat Jorge Tadeo Lozano, Universitat dels Andes i Universitat del Rosario, Universitat Sergio Arboleda, Universitat Javeriana i Universitat Distrital. Dins de les universitats els observadors es van situar a les placetes centrals i llocs de m\u00e9s flux d&#8217;estudiants.<\/li>\n<li><strong>Temps i freq\u00fc\u00e8ncia d&#8217;observaci\u00f3<\/strong>. 150 hores aproximadament durant un mes. Un grup de sis col\u00b7laboradors investigadors fa visites dues vegades a la setmana a quatre universitats de manera aleat\u00f2ria en els horaris de m\u00e9s aflu\u00e8ncia de joves (entre les onze del mat\u00ed i les dues del migdia). Es visiten tres universitats de manera permanent (dues de privades i una de p\u00fablica).<\/li>\n<li><strong>Perfil dels joves per observar<\/strong>. Estudiants d&#8217;universitats p\u00fabliques i privades de la ciutat de Bogot\u00e0, usuaris de marques de sabatilles urbanes reconegudes que tinguin entre 18 i 25 anys.<\/li>\n<li><strong>Localitzacions i temps concrets<\/strong>. Es busca que l&#8217;observador pugui estar als llocs de reuni\u00f3 o tr\u00e0nsit m\u00e9s importants per als joves.<\/li>\n<\/ul>\n<p><strong>Fases d&#8217;observaci\u00f3 i generaci\u00f3 de dades<\/strong><\/p>\n<p><strong>1. Registre audiovisual<\/strong> (fotografies i entrevistes curtes) per mitj\u00e0 de c\u00e0meres fotogr\u00e0fiques. Es tracta de la primera fase de generaci\u00f3 de dades. Les dades presentades a continuaci\u00f3 es van separar per universitats. Respecte a les mostres, es van prendre en total 934 fotografies a les set universitats seleccionades.<\/p>\n<figure id=\"attachment_1083\" aria-describedby=\"caption-attachment-1083\" style=\"width: 640px\" class=\"wp-caption aligncenter\"><img loading=\"lazy\" class=\"wp-image-1083 size-full\" src=\"\/wp-content\/uploads\/2020\/12\/PID_00279395_01.jpg\" alt=\"\" width=\"640\" height=\"428\" srcset=\"\/wp-content\/uploads\/2020\/12\/PID_00279395_01.jpg 640w, \/wp-content\/uploads\/2020\/12\/PID_00279395_01-300x201.jpg 300w\" sizes=\"(max-width: 640px) 100vw, 640px\" \/><figcaption id=\"caption-attachment-1083\" class=\"wp-caption-text\">Selecci\u00f3 d&#8217;imatges recol\u00b7lectades en el treball de camp<\/figcaption><\/figure>\n<p>Es van identificar les marques mitjan\u00e7ant les fotografies. Segons els investigadors, una de les caracter\u00edstiques m\u00e9s importants de l&#8217;observaci\u00f3 va ser identificar quines eren les marques de major \u00fas i les sabatilles de refer\u00e8ncia de cada marca. D&#8217;aquesta primera fase d&#8217;observaci\u00f3 es va extreure que la marca m\u00e9s utilitzada per als joves a la ciutat de Bogot\u00e0 \u00e9s Adidas Originals, amb les seves refer\u00e8ncies Stan Smith i Superstar, seguida per Nike, Converse, Vans i Dr. Martens.<\/p>\n<p><strong>2. Comptatge aleatori de marques<\/strong> di\u00e0riament durant l&#8217;observaci\u00f3 al llarg de tres minuts. A partir d&#8217;aquest comptatge, que els investigadors representen amb una gr\u00e0fica, es van obtenir els resultats seg\u00fcents: la marca m\u00e9s usada pels joves universitaris \u00e9s Adidas Originals, amb el 34 %, seguida per Nike amb el 24 %, Converse amb el 23 %, Vans amb el 12 % i Dr. Martens amb el 7 %. Aquesta fase s&#8217;aprofita per desenvolupar una an\u00e0lisi m\u00e9s detallada tenint en compte la relaci\u00f3 entre marca de sabates i altres marques de vestit, combinaci\u00f3 de la marca amb l&#8217;estil, etc.<\/p>\n<p><strong>3. Selecci\u00f3 aleat\u00f2ria de cent persones per universitat<\/strong>, a les quals es va formular les preguntes seg\u00fcents: \u00abquina \u00e9s la pe\u00e7a m\u00e9s important del seu vestuari?; qu\u00e8 el motiva a usar una marca o una altra?\u00bb. Amb les preguntes formulades es va observar que, encara que els joves tenen prefer\u00e8ncia per algunes marques, no s\u00f3n necess\u00e0riament aquestes les \u00faniques que usen. Aix\u00f2 implica que durant la setmana poden anar alternant peces de diferents marques, depenent de la roba que vulguin utilitzar i l&#8217;activitat que tenen previst emprendre aquest dia al seu espai universitari. A m\u00e9s de les sabatilles, s&#8217;estudien altres peces que s\u00f3n senyal d&#8217;identitat i que poden ser referents dels joves, amb la finalitat de confirmar que les sabatilles constitueixen la pe\u00e7a m\u00e9s valorada de tot el vestuari habitual del nostre p\u00fablic. Aquesta tercera fase conclou amb l&#8217;elaboraci\u00f3 d&#8217;una gr\u00e0fica desglossada per universitats, en la qual es confirma que les sabatilles s\u00f3n les peces favorites pels estudiants.<\/p>\n<p><strong>4. Realitzaci\u00f3 dels diaris de camp<\/strong>. Els diaris (adjunts en un document annex a l&#8217;estudi: <a href=\"\/wp-content\/uploads\/2020\/12\/RRSS.xlsx\">RRSS<\/a>, <a href=\"\/wp-content\/uploads\/2020\/12\/Publicitat.xlsx\">Publicitat<\/a>) van permetre elaborar un registre de cada visita de manera descriptiva.<\/p>\n<p><strong>Exemple de fitxa de diari de camp<\/strong><\/p>\n<p><strong>Diari de camp n\u00fam. 1. Universitat de Bogot\u00e0 Jorge Tadeo Lozano<\/strong><\/p>\n<p><strong>Nom de l&#8217;observador<\/strong>: Astrid Carolina Mar\u00edn.<\/p>\n<p><strong>Marques<\/strong>: totes.<\/p>\n<p><strong>Dates<\/strong>: 6 de mar\u00e7 i 8 de mar\u00e7.<\/p>\n<p><strong>Hora<\/strong>: 1 <em>p. m.<\/em> &#8211; 2 <em>p. m.<\/em><\/p>\n<p><strong>Lloc<\/strong>: Universitat Nacional de Col\u00f2mbia.<\/p>\n<p><strong>Objectiu de l&#8217;observaci\u00f3<\/strong>: observar les sabatilles dels estudiants de la Universitat Nacional de Col\u00f2mbia a la via per als vianants que condueix a l&#8217;entrada o sortida per la 26.<\/p>\n<p><strong>Descripci\u00f3 de l&#8217;observaci\u00f3<\/strong>: la via per als vianants est\u00e0 bastant concorreguda a l&#8217;hora en qu\u00e8 es fa el registre fotogr\u00e0fic, per la qual cosa es decideix observar m\u00e9s detingudament els estudiants que es dirigeixen d&#8217;esquerra a dreta, \u00e9s a dir, sortint de la universitat, ja que aquests s\u00f3n els que estan m\u00e9s a prop. El major coneixement de les sabatilles que ven Vans va permetre que fossin reconegudes m\u00e9s f\u00e0cilment, ja que en alguns models la marca \u00e9s bastant petita. Passa el mateix amb alguns models de Nike i Adidas, en els quals la marca \u00e9s del mateix color que la sabatilla, per la qual cosa no \u00e9s tan f\u00e0cil de distingir. A difer\u00e8ncia de les visites passades, aquesta vegada es va poder evidenciar m\u00e9s dissenys de Converse (en materials diferents de la sabatilla de tela). Quant a la cura de les sabates, les Converse continuen essent les que tenen una aparen\u00e7a menys neta, per\u00f2 les sabatilles de color blanc de qualsevol marca semblen ser les m\u00e9s cuidades. Hi ha una gran quantitat d&#8217;estudiants que utilitzen botes del tipus Brahma, encara que no totes s\u00f3n d&#8217;aquesta marca (tamb\u00e9 hi ha marques de construcci\u00f3 que fabriquen una l\u00ednia de botes). Les dones tenen una major tend\u00e8ncia a usar sabates blanques. \u00c9s com\u00fa veure que hi ha grups d&#8217;estudiants on tots els integrants utilitzen sabates de marques reconegudes (Nike, Adidas, Vans, Puma, Reebok) i grups on cap dels integrants usen sabatilles amb marques grans que identifiquin la marca. Aix\u00f2 \u00e9s m\u00e9s evident entre els que utilitzen sabatilles Adidas blanques. Els usuaris de Converse estan m\u00e9s disposats a usar sabatilles de colors cridaners o fins i tot estampats. Es va evidenciar que les dones fan \u00fas, a difer\u00e8ncia dels homes, de sabatilles amb plataforma.<\/p>\n<p><strong>Altres anotacions<\/strong>: hi ha una variaci\u00f3 en la manera com caminen les persones segons l&#8217;estil de sabata. Els usuaris de Nike solen utilitzar tota la planta del peu quan fan un pas, de manera que primer recolzen el turmell i mouen el peu fins a la part frontal (es podria dir que els dits), i llavors aixequen el peu, mentre que els usuaris de les altres marques (Vans, Adidas, Dr. Martens) nom\u00e9s recolzen el peu amb el tal\u00f3 i el centre.<\/p>\n<p><strong>Comptatge de marques (3 minuts)<\/strong>: Nike (11), Adidas (5), Dr. Martens (2), Converse (12), Brahma (i similars) (7), Lacoste (3), New Balance (2), Fila (1), Reebok (2), GoodGear (1).<\/p>\n<p>Vegeu la recerca completa a:<\/p>\n<p><strong>Montoya, N.; Ricardo, A.<\/strong> (2019). <em>Influencia de las tribus urbanas en las nuevas tendencias de la publicidad. El caso de \u00abAdidas Originals\u00bb en la ciudad de Bogot\u00e1<\/em>. Tesi doctoral. Universitat Complutense de Madrid. <\/p>\n<\/div>\n","protected":false},"excerpt":{"rendered":"<p>Es tracta d&#8217;una de les t\u00e8cniques m\u00e9s importants de recollida de dades qualitatives, ja que permet descobrir les interaccions de l&#8217;entorn social. L&#8217;observaci\u00f3 ens proporciona informaci\u00f3 que, per exemple, no analitzem en una entrevista: el to de la veu, els gestos, la mirada, etc. Aquests aspectes s\u00f3n importants i complementen les paraules, per\u00f2 no hem [&hellip;]<\/p>\n","protected":false},"author":1,"featured_media":0,"parent":0,"menu_order":0,"comment_status":"closed","ping_status":"closed","template":"","meta":[],"_links":{"self":[{"href":"http:\/\/tecniques-metodes-recerca.recursos.uoc.edu\/ca\/wp-json\/wp\/v2\/pages\/328"}],"collection":[{"href":"http:\/\/tecniques-metodes-recerca.recursos.uoc.edu\/ca\/wp-json\/wp\/v2\/pages"}],"about":[{"href":"http:\/\/tecniques-metodes-recerca.recursos.uoc.edu\/ca\/wp-json\/wp\/v2\/types\/page"}],"author":[{"embeddable":true,"href":"http:\/\/tecniques-metodes-recerca.recursos.uoc.edu\/ca\/wp-json\/wp\/v2\/users\/1"}],"replies":[{"embeddable":true,"href":"http:\/\/tecniques-metodes-recerca.recursos.uoc.edu\/ca\/wp-json\/wp\/v2\/comments?post=328"}],"version-history":[{"count":6,"href":"http:\/\/tecniques-metodes-recerca.recursos.uoc.edu\/ca\/wp-json\/wp\/v2\/pages\/328\/revisions"}],"predecessor-version":[{"id":1369,"href":"http:\/\/tecniques-metodes-recerca.recursos.uoc.edu\/ca\/wp-json\/wp\/v2\/pages\/328\/revisions\/1369"}],"wp:attachment":[{"href":"http:\/\/tecniques-metodes-recerca.recursos.uoc.edu\/ca\/wp-json\/wp\/v2\/media?parent=328"}],"curies":[{"name":"wp","href":"https:\/\/api.w.org\/{rel}","templated":true}]}}