{"id":330,"date":"2018-03-07T18:33:17","date_gmt":"2018-03-07T16:33:17","guid":{"rendered":"http:\/\/tecniques-metodes-recerca.uoc.edu\/?page_id=330"},"modified":"2020-12-14T13:41:22","modified_gmt":"2020-12-14T11:41:22","slug":"4-2-5-tecniques-que-narren-la-vida","status":"publish","type":"page","link":"http:\/\/tecniques-metodes-recerca.recursos.uoc.edu\/ca\/4-2-5-tecniques-que-narren-la-vida\/","title":{"rendered":"4.2.5. T\u00e8cniques que narren la vida"},"content":{"rendered":"<p>En recerca qualitativa hi ha algunes t\u00e8cniques que ens ajuden a con\u00e8ixer diferents aspectes de la vida d&#8217;una persona per mitj\u00e0 de les seves pr\u00f2pies paraules. Ens permeten con\u00e8ixer els seus sentiments i les seves perspectives gaireb\u00e9 sense guiar-les. Es tracta de les hist\u00f2ries de vida, la recerca narrativa i la narraci\u00f3 digital. S\u00f3n variants que persegueixen el mateix objectiu: penetrar fins el m\u00e9s profund d&#8217;un \u00e9sser hum\u00e0 gr\u00e0cies al seu propi relat. S\u00f3n m\u00e8todes que requereixen un treball previ amb el subjecte, at\u00e8s que es necessita una gran dosi de confian\u00e7a m\u00fatua quant a la veracitat de la hist\u00f2ria que explica el participant i quant a la subtilesa en el maneig dels resultats d&#8217;aquesta hist\u00f2ria per part de l&#8217;investigador.<\/p>\n<p><strong>Hist\u00f2ries de vida<\/strong><\/p>\n<p>Les <strong>hist\u00f2ries de vida<\/strong> busquen con\u00e8ixer una persona d&#8217;a prop mitjan\u00e7ant la seva pr\u00f2pia veu. No acostumen a desenvolupar-se com una entrevista, sin\u00f3 que \u00e9s el propi subjecte qui guia la hist\u00f2ria. \u00c9s una t\u00e8cnica molt \u00fatil per apropar-se als sentiments, els pensaments i les reaccions personals al voltant d&#8217;una experi\u00e8ncia dif\u00edcil i, possiblement, traum\u00e0tica. Per exemple, la narraci\u00f3 de la p\u00e8rdua d&#8217;un \u00e9sser estimat, d&#8217;una ruptura sentimental, del maltractament, de l&#8217;assetjament o ciberassetjament, etc. per con\u00e8ixer les estrat\u00e8gies de la persona per sortir d&#8217;una situaci\u00f3 cr\u00edtica. Sovint expliquen com el subjecte s&#8217;enfronta a la societat (i l&#8217;assumeix) quan ha viscut un fet que l&#8217;ha portat al l\u00edmit. Per a Marshall i Rossman (2016), un dels punts forts d&#8217;aquesta t\u00e8cnica \u00e9s l&#8217;oportunitat de con\u00e8ixer en profunditat com una persona assumeix una experi\u00e8ncia vital extrema. Per exemple, creuar l&#8217;oce\u00e0 en pastera o ser supervivent d&#8217;un camp de concentraci\u00f3. Les experi\u00e8ncies de supervivents de guerres i dels propis periodistes que cobreixen aquests conflictes tamb\u00e9 s&#8217;exploren mitjan\u00e7ant aquesta t\u00e8cnica. Generalment, les mostres solen ser molt petites i inclouen pocs aspectes analitzats, ja que se s\u00f3n relats de viva veu.<\/p>\n<div class=\"featured featured-grey\"><p>Podem veure com s&#8217;aplica aquesta t\u00e8cnica a:<\/p>\n<p><strong>Arjona Garrido, A.; Checa Olmos, J. C.<\/strong> (1998). \u00abLas historias de vida como m\u00e9todo de acercamiento a la realidad social\u00bb. <em>Gazeta de Antropolog\u00eda<\/em> (vol. 10, n\u00fam. 14). Accesible a: <a href=\"http:\/\/www.gazeta-antropologia.es\/?p=3490\" target=\"_blank\" rel=\"noopener\">http:\/\/www.gazeta-antropologia.es\/?p=3490<\/a> i <a href=\"http:\/\/hdl.handle.net\/10481\/7548\" target=\"_blank\" rel=\"noopener\">http:\/\/hdl.handle.net\/10481\/7548<\/a>.<\/p>\n<\/div>\n<p><strong>Recerca narrativa <\/strong><\/p>\n<p>La <strong>recerca narrativa <\/strong>est\u00e0 estretament relacionada amb la hist\u00f2ria de vida, per\u00f2 funciona com una entrevista. Una altra difer\u00e8ncia entre aquestes dues t\u00e8cniques \u00e9s que la investigaci\u00f3 narrativa no fa refer\u00e8ncia a una \u00fanica experi\u00e8ncia de la persona, sin\u00f3 que fa refer\u00e8ncia a tota la seva exist\u00e8ncia. Es pregunta per tot tipus d&#8217;aspectes que han marcat la vida del subjecte. Aquesta t\u00e8cnica dona molta import\u00e0ncia a la narraci\u00f3 que la pr\u00f2pia persona fa de la seva vida per mitj\u00e0 d&#8217;hist\u00f2ries, aix\u00ed com a la reconstrucci\u00f3 que fa del seu passat. Aquesta t\u00e8cnica s&#8217;ha emprat molt en el desenvolupament del feminisme i de la teoria cr\u00edtica.<\/p>\n<p>Es tracta b\u00e0sicament de narrar la biografia de cadasc\u00fa. No obstant aix\u00f2, Marshall i Rossman (2016) criden l&#8217;atenci\u00f3 sobre les cr\u00edtiques que ha rebut aquesta t\u00e8cnica, com ara el fet que es centri massa en l&#8217;individu i no en el seu context.<\/p>\n<div class=\"featured featured-grey\"><p><strong>Recursos<\/strong><\/p>\n<p>Podem trobar una recerca aplicada sobre Recerca Narrativa a la tesi doctoral (2011) de Leslie Maureen Cavendish a la Universitat d&#8217;Iowa, amb el t\u00edtol <em>Stories of international teachers: a narrative inquiry about culturally responsive teaching<\/em>. Es recomana especialment el cap\u00edtol 3, \u00abMethodology\u00bb. Accessible a: <a href=\"http:\/\/ir.uiowa.edu\/cgi\/viewcontent.cgi?article=2318&amp;context=etd\" target=\"_blank\" rel=\"noopener\">http:\/\/ir.uiowa.edu\/cgi\/viewcontent.cgi?article=2318&amp;context=etd<\/a>.<\/p>\n<p><strong>Clandinin, J.<\/strong> (2006). \u00abNarrative Inquiry: A Methodology for Studying Lived Experience\u00bb. <em>Research Studies in Music Education<\/em> (vol. 27, n\u00fam. 1, p\u00e0g. 44-54). Accesible a (via Biblioteca de la UOC): <a href=\"https:\/\/doi.org\/10.1177\/1321103X060270010301\" target=\"_blank\" rel=\"noopener\">https:\/\/doi.org\/10.1177\/1321103X060270010301<\/a>.<\/p>\n<p><strong>Balderas Guti\u00e9rrez, I.<\/strong> (2014). \u00abPropuesta de guion de entrevista para el estudio de la identidad docente\u00bb. <em>Revista Latinoamericana de Metodolog\u00eda de la Investigaci\u00f3n Social<\/em> (n\u00fam. 6, any 3, p\u00e0g. 73-87). Argentina. Accesible a: <a href=\"https:\/\/dialnet.unirioja.es\/descarga\/articulo\/5275923.pdf\" target=\"_blank\" rel=\"noopener\">https:\/\/dialnet.unirioja.es\/descarga\/articulo\/5275923.pdf<\/a>.<\/p>\n<\/div>\n<p><strong>Narraci\u00f3 digital<\/strong><\/p>\n<p>En la mateixa l\u00ednia que les dues t\u00e8cniques anteriors, la <strong>narraci\u00f3 digital<\/strong> <strong>(<em>digital storytelling<\/em>) <\/strong>reconstrueix diferents etapes de la vida d&#8217;una persona. La difer\u00e8ncia rau en el suport que s&#8217;usa, que sol ser el v\u00eddeo. Avui dia s&#8217;utilitza especialment el m\u00f2bil. \u00c9s molt com\u00fa veure exemples de narraci\u00f3 digital a les xarxes socials. Molts usuaris assidus de les xarxes es graven en un restaurant i narren tota la seva experi\u00e8ncia gastron\u00f2mica. Els <em>youtubers<\/em> solen fer aquest tipus de narracions, i potser el fet de veure aquestes vides en directe \u00e9s el que els fa guanyar milions de seguidors. Tradicionalment, aquesta t\u00e8cnica s&#8217;ha utilitzat en la recerca en salut i en entorns educatius, en els quals \u00e9s especialment \u00fatil, ja que utilitza suports tecnol\u00f2gics que desperten m\u00e9s curiositat i promouen una actitud m\u00e9s positiva a l&#8217;hora de participar. Les narracions digitals han de ser curtes: entre cinc i deu minuts. Actualment comen\u00e7a a utilitzar-se en el m\u00f3n de la comunicaci\u00f3 i el m\u00e0rqueting.<\/p>\n<div class=\"featured featured-grey\"><p><strong>Recursos<\/strong><\/p>\n<p><strong>Gupta-Carlson, H.<\/strong> (2016). \u00abRe-Imagining the Nation: Storytelling and Social Media in the Obama Campaigns\u00bb. <em>PS, Political Science &amp; Politics <\/em>(vol. 49, n\u00fam. 1, p\u00e0g. 71-75). Accesible a ProQuest via Biblioteca de la UOC.<\/p>\n<p><strong>De Fina, A.; Perrino, S.<\/strong> (ed.) (2017). \u00abStorytelling in the Digital Age. New challenges. Special issue\u00bb. <em>Narrative Inquiry<\/em> (vol. 27, n\u00fam. 2). John Benjamins Publishing Company.<\/p>\n<p>Monogr\u00e0fic de la revista <em>Narrative Inquiry<\/em> (accesible via Biblioteca de la UOC). Es recomanen especialment els seg\u00fcents articles:<\/p>\n<ul>\n<li>\u00ab\u201cMy life has changed forever!\u201d: Narrative identities in parodies of Amazon reviews\u00bb, Camilla V\u00e1squez.<\/li>\n<li>\u00abOnline retellings and the viral transformation of a twitter breakup story\u00bb, Anna De Fina i Brittany Toscano Gore.<\/li>\n<li>\u00abRecontextualizing racialized stories on YouTube\u00bb, Sabina Perrino.<\/li>\n<li>\u00ab\u201cWe are going to our Portuguese homeland!\u201d: French Luso-descendants\u2019 diasporic Facebook conarrations of vacation return trips to Portugal\u00bb, Isabelle Sim\u00f5es Marques i Mich\u00e8le Koven.<\/li>\n<li>\u00abSharing the moment as small stories: The interplay between practices &amp; affordances in the social media-curation of lives\u00bb, Alexandra Georgakopoulou.<br \/>\n<\/div><\/li>\n<\/ul>\n<p>&nbsp;<\/p>\n<div class=\"featured featured-grey\"><\/p>\n<p><strong>Exemple de t\u00e8cniques que narren la vida<\/strong><\/p>\n<p>Vegem el cas d&#8217;una recerca narrativa. Es tracta d\u2019un estudi que s&#8217;endinsa en els diferents perfils professionals de publicitat per explicar la teoria des de l&#8217;experi\u00e8ncia dels treballadors; aix\u00f2 \u00e9s, la narraci\u00f3 de la seva vida professional serveix per respondre a les preguntes que es formula l&#8217;estudi al subt\u00edtol de la monografia: \u00abqu\u00e8 vull ser?; qu\u00e8 vull fer?; per a qu\u00e8 tinc talent?\u00bb. En concret, la recerca es dirigeix a estudiants que busquen o necessiten orientaci\u00f3, o a llicenciats que encara no han trobat el seu cam\u00ed professional. Es desenvolupa mitjan\u00e7ant entrevistes a deu professionals que corresponen a deu perfils fonamentals de la publicitat i el m\u00e0rqueting. A continuaci\u00f3 adjuntem la llista dels entrevistats, amb el seu perfil professional i l&#8217;empresa de la qual eren responsables al moment en qu\u00e8 es va fer el projecte:<\/p>\n<ul>\n<li><strong>Direcci\u00f3 general d&#8217;una ag\u00e8ncia de publicitat<\/strong><\/li>\n<\/ul>\n<p>David Coral (Contrapunto)<\/p>\n<ul>\n<li><strong>Direcci\u00f3 de m\u00e0rqueting<\/strong><\/li>\n<\/ul>\n<p>Joan Miquel Malagelada (Audi)<\/p>\n<ul>\n<li><strong>Direcci\u00f3 de comunicaci\u00f3<\/strong><\/li>\n<\/ul>\n<p>Magda de los Santos (Pronovias)<\/p>\n<ul>\n<li><strong>Direcci\u00f3 de comptes<\/strong><\/li>\n<\/ul>\n<p>Laura Abascal (Ogilvy Interactive)<\/p>\n<ul>\n<li><strong>Direcci\u00f3 de planificaci\u00f3 estrat\u00e8gica<\/strong><\/li>\n<\/ul>\n<p>Antonio Monerris (I&amp;R)<\/p>\n<ul>\n<li><strong>Direcci\u00f3 creativa<\/strong><\/li>\n<\/ul>\n<p>Toni Segarra (SCPF)<\/p>\n<ul>\n<li><strong>Redacci\u00f3 publicit\u00e0ria<\/strong><\/li>\n<\/ul>\n<p>Anna Roca (Orbital)<\/p>\n<ul>\n<li><strong>Direcci\u00f3 d&#8217;art<\/strong><\/li>\n<\/ul>\n<p>Dani Zome\u00f1o (Tiempo BBDO)<\/p>\n<ul>\n<li><strong>Direcci\u00f3 de planificaci\u00f3 de mitjans<\/strong><\/li>\n<\/ul>\n<p>Philipp F\u00fcrst (Zenithmedia)<\/p>\n<ul>\n<li><strong>Becari<\/strong><\/li>\n<\/ul>\n<p>Raquel Rosa (Orbital)<\/p>\n<p><strong>Estructura de les entrevistes<\/strong><\/p>\n<ol>\n<li>Quina ha estat la teva formaci\u00f3 acad\u00e8mica?<\/li>\n<li>Quina ha estat la teva evoluci\u00f3 professional des que vas comen\u00e7ar fins ara?<\/li>\n<li>Com definiries el perfil professional de director general \/ director de m\u00e0rqueting \/ director de comunicaci\u00f3 \/ \u2026?<\/li>\n<li>Com \u00e9s el teu dia a dia, setmana a setmana, mes a mes, any a any?<\/li>\n<li>Quins punts forts i quins punts febles veus en el teu perfil?<\/li>\n<li>Quines oportunitats hi veus?<\/li>\n<li>Tens algun \u00e8xit o \u00e8xits a destacar?<\/li>\n<li>Has tingut algun frac\u00e0s?<\/li>\n<li>Quina formaci\u00f3, experi\u00e8ncia i qualitats creus que ha de tenir qui aspiri a desenvolupar el teu perfil professional?<\/li>\n<li>Quins consells donaries a alg\u00fa que vulgui ser director general \/ director de m\u00e0rqueting \/ director de comunicaci\u00f3 \/ \u2026?<\/li>\n<\/ol>\n<p>Vegeu l&#8217;estudi complet a:<\/p>\n<p><strong>Castellblanque, M.<\/strong> (2006). <em>Perfiles profesionales de publicidad y \u00e1mbitos afines. \u00bfQu\u00e9 quiero ser? \u00bfQu\u00e9 quiero hacer? \u00bfPara qu\u00e9 tengo talento? <\/em>Barcelona: Editorial UOC.<\/p>\n<p>\n<\/div>\n<p>&nbsp;<\/p>\n","protected":false},"excerpt":{"rendered":"<p>En recerca qualitativa hi ha algunes t\u00e8cniques que ens ajuden a con\u00e8ixer diferents aspectes de la vida d&#8217;una persona per mitj\u00e0 de les seves pr\u00f2pies paraules. Ens permeten con\u00e8ixer els seus sentiments i les seves perspectives gaireb\u00e9 sense guiar-les. Es tracta de les hist\u00f2ries de vida, la recerca narrativa i la narraci\u00f3 digital. S\u00f3n variants [&hellip;]<\/p>\n","protected":false},"author":1,"featured_media":0,"parent":0,"menu_order":0,"comment_status":"closed","ping_status":"closed","template":"","meta":[],"_links":{"self":[{"href":"http:\/\/tecniques-metodes-recerca.recursos.uoc.edu\/ca\/wp-json\/wp\/v2\/pages\/330"}],"collection":[{"href":"http:\/\/tecniques-metodes-recerca.recursos.uoc.edu\/ca\/wp-json\/wp\/v2\/pages"}],"about":[{"href":"http:\/\/tecniques-metodes-recerca.recursos.uoc.edu\/ca\/wp-json\/wp\/v2\/types\/page"}],"author":[{"embeddable":true,"href":"http:\/\/tecniques-metodes-recerca.recursos.uoc.edu\/ca\/wp-json\/wp\/v2\/users\/1"}],"replies":[{"embeddable":true,"href":"http:\/\/tecniques-metodes-recerca.recursos.uoc.edu\/ca\/wp-json\/wp\/v2\/comments?post=330"}],"version-history":[{"count":5,"href":"http:\/\/tecniques-metodes-recerca.recursos.uoc.edu\/ca\/wp-json\/wp\/v2\/pages\/330\/revisions"}],"predecessor-version":[{"id":1086,"href":"http:\/\/tecniques-metodes-recerca.recursos.uoc.edu\/ca\/wp-json\/wp\/v2\/pages\/330\/revisions\/1086"}],"wp:attachment":[{"href":"http:\/\/tecniques-metodes-recerca.recursos.uoc.edu\/ca\/wp-json\/wp\/v2\/media?parent=330"}],"curies":[{"name":"wp","href":"https:\/\/api.w.org\/{rel}","templated":true}]}}