{"id":332,"date":"2018-03-07T18:41:27","date_gmt":"2018-03-07T16:41:27","guid":{"rendered":"http:\/\/tecniques-metodes-recerca.uoc.edu\/?page_id=332"},"modified":"2020-12-14T13:41:29","modified_gmt":"2020-12-14T11:41:29","slug":"4-2-6-recollida-de-dades-documentals","status":"publish","type":"page","link":"http:\/\/tecniques-metodes-recerca.recursos.uoc.edu\/ca\/4-2-6-recollida-de-dades-documentals\/","title":{"rendered":"4.2.6. Recollida de dades documentals"},"content":{"rendered":"<p>A l&#8217;hora de comen\u00e7ar la cerca bibliogr\u00e0fica que ens permetr\u00e0 fonamentar la nostra recerca, hem de distingir entre dos tipus d&#8217;informaci\u00f3:<\/p>\n<ul>\n<li><strong>Font prim\u00e0ria<\/strong>: \u00e9s la que representa el nostre objecte d&#8217;estudi. Per exemple, si fem un estudi sobre el concepte de llibertat en l&#8217;obra de Garc\u00eda M\u00e1rquez, la font prim\u00e0ria s\u00f3n els seus llibres.<\/li>\n<li><strong>Font secund\u00e0ria<\/strong>: \u00e9s la que ens apropa al nostre objecte d&#8217;estudi i ens ajuda a estudiar-lo. En l&#8217;exemple anterior sobre Garc\u00eda M\u00e1rquez, les fonts secund\u00e0ries s\u00f3n tots aquells textos que ajuden a comprendre el concepte de llibertat i l&#8217;obra de Garc\u00eda M\u00e1rquez.<\/li>\n<\/ul>\n<p>Les fonts tamb\u00e9 poden classificar-se segons la seva proced\u00e8ncia (si s\u00f3n institucionals, privades, individuals, etc.) i segons la manera en qu\u00e8 hi accedim (si s\u00f3n de transmissi\u00f3 oral o s\u00f3n documents).<\/p>\n<p>Quan utilitzem aquest tipus de fonts cal que diferenciem l&#8217;\u00fas que hem de fer-ne. \u00c9s a dir, si seguim amb l&#8217;exemple de Garc\u00eda M\u00e1rquez, si utilitzo l&#8217;an\u00e0lisi de contingut per arribar a con\u00e8ixer el concepte de llibertat en la seva obra, no n&#8217;analitzar\u00e9 les fonts secund\u00e0ries, sin\u00f3 els llibres; les fonts prim\u00e0ries.<\/p>\n<p>Les fonts documentals que provenen del m\u00f3n acad\u00e8mic o t\u00e8cnic i que no estan en el circuit comercial es coneixen com a <strong>literatura grisa<\/strong>. \u00c9s el cas, per exemple, de les actes de congressos o les tesis doctorals.<\/p>\n<div class=\"featured featured-grey\"><p>\u00a0<strong>Exemple de recollida de dades documentals<\/strong><\/p>\n<p>Vegem un exemple de recollida de dades documentals. L&#8217;estudi en q\u00fcesti\u00f3 s&#8217;endinsa en l&#8217;aparici\u00f3 d&#8217;una nova figura de narrador en l&#8217;entorn digital: el consumidor proactiu (<em>prosumer<\/em>) medi\u00e0tic (<em>prosumer<\/em>: acr\u00f2nim format a partir dels termes <em>proactive<\/em> i <em>consumer<\/em>). En paraules de l&#8217;investigador, el prop\u00f2sit del treball \u00e9s \u00abplantejar una nova l\u00ednia de recerca quant a les narratives de mitjans socials entenent-les com una din\u00e0mica comunicacional en qu\u00e8 es creen discursos per als mitjans socials, especialment de les xarxes socials\u00bb. Qu\u00e8 s\u00f3n les narratives de mitjans socials? Quina import\u00e0ncia t\u00e9 el consumidor proactiu medi\u00e0tic en aquest context discursiu? Quines din\u00e0miques comunicacionals convergeixen en les xarxes socials i permeten que tant usuaris com mitjans massius generin relats que es creen d&#8217;acord amb les possibilitats discursives que cada xarxa ofereix? Quina \u00e9s la progressi\u00f3 dels relats d&#8217;acord amb les seves intencions i amb l&#8217;evoluci\u00f3 de les tecnologies que els han fet possible?<\/p>\n<p>Per respondre a aquestes preguntes, es consulta bibliografia referida a eixos tem\u00e0tics com narrativa, narrativa transm\u00e8dia, xarxes socials, mitjans massius i converg\u00e8ncia digital.<\/p>\n<p><strong>Narrativa<\/strong><\/p>\n<ul>\n<li><strong>Fern\u00e1ndez, C. i Galguera, L. <\/strong>(2009). <em>Teor\u00edas de la comunicaci\u00f3n<\/em>. Ciutat de M\u00e8xic: McGraw-Hill.<\/li>\n<li><strong>Fisher, W.<\/strong> (1987). <em>Human communications as narrations: toward a philosophy of reason, value and action<\/em>. Col\u00fambia: University of South Carolina Press.<\/li>\n<li><strong>Karbaum, G.<\/strong> (2017). <em>La narraci\u00f3n y los relatos, las historias como partes constitutivas de la humanidad<\/em>. Accessible a http:\/\/repositorio.ucal.edu.pe\/bitstream\/handle\/ ucal\/205\/Arti%CC%81culo%20Karbaum.pdf?sequence=4&amp;isAllowed=y.<\/li>\n<li><strong>Rodr\u00edguez, M.<\/strong> (1989). <em>Manual de creatividad: los procesos ps\u00edquicos y el desarrollo<\/em>. Ciutat de M\u00e8xic: Trillas.<\/li>\n<li><strong>TEDx Talks<\/strong><\/li>\n<\/ul>\n<p><strong>Xarxes socials<\/strong><\/p>\n<ul>\n<li><strong>Querol, R. de<\/strong> (9 de gener de 2016). \u00abZygmunt Bauman: las redes sociales son una trampa\u00bb. <em>El Pa\u00eds<\/em>. Accessible a https:\/\/elpais.com\/cultura\/2015\/12\/30\/ babelia\/1451504427_675885.html.<\/li>\n<li><strong>Qualman, E.<\/strong> (2015). <em>Socialnomics<\/em>. Ciutat de M\u00e8xic: Grupo Editorial Patria.<\/li>\n<li><strong>Sanjurjo, B.<\/strong> (2015). \u00abPeriodismo y redes sociales\u00bb. A: B. Andueza (ed.). <em>Periodismo digital y televisivo<\/em> (p\u00e0g. 47-64). Madrid: Dykinson.<\/li>\n<\/ul>\n<p><strong>Mitjans massius<\/strong><\/p>\n<ul>\n<li><strong>Guti\u00e9rrez, B.<\/strong> (2006). <em>Teor\u00eda de la narraci\u00f3n audiovisual<\/em>. Madrid: Ediciones C\u00e1tedra.<\/li>\n<li><strong>Guti\u00e9rrez, M. <\/strong>(2003). <em>G\u00e9neros informativos en televisi\u00f3n<\/em>. Lima: Universidad de Lima.<\/li>\n<li><strong>Karbaum, G. <\/strong>(2016). \u00abCampa\u00f1a \u201cAtletas Ol\u00edmpicos del Per\u00fa\u201d. Narrativa audiovisual en la publicidad social\u00bb. <em>Correspondencias &amp; An\u00e1lisis<\/em> (vol. 6, p\u00e0g. 101-120). Accesible a http:\/\/www.correspondenciasyanalisis.com\/es\/pdf\/v6\/pub\/campana-atletas-olimpicos-del-peru.pdf.<\/li>\n<li><strong>McLuhan, M. <\/strong>(2009). <em>Comprender los medios de comunicaci\u00f3n, las extensiones del ser humano<\/em>. Barcelona: Paid\u00f3s.<\/li>\n<li><strong>Rinc\u00f3n, O.<\/strong> (2006). <em>Narrativas medi\u00e1ticas, o c\u00f3mo se cuenta la sociedad del entretenimiento<\/em>. Barcelona: Gedisa.<\/li>\n<\/ul>\n<p><strong>Converg\u00e8ncia digital<\/strong><\/p>\n<ul>\n<li><strong>Arag\u00f3n, N.<\/strong> (19 de juny de 2016). <em>La antropolog\u00eda y la inevitabilidad de lo digital en el mundo<\/em>. Accessible a <a href=\"https:\/\/redaccion.lamula.pe\/2016\/06\/19\/sarah-pink%20laantropologia-y-la-inevitabilidad-de-lo-digital-en-el-mundo\/nayoaragon\/\">https:\/\/redaccion.lamula.pe\/2016\/06\/19\/sarah-pink laantropologia-y-la-inevitabilidad-de-lo-digital-en-el-mundo\/nayoaragon\/<\/a>.<\/li>\n<li><strong>Karbaum, G.<\/strong> (2018). <em>Periodismo y transmedia: narrativa, redes y contenido<\/em>. Lima: UCAL.<\/li>\n<li><strong>L\u00f3pez Su\u00e1rez, M.<\/strong> (2012). \u00abLiteratura: relatos y tecnolog\u00eda\u00bb. <em>ICONO14<\/em> (vol. 10, n\u00fam. 2, p\u00e0g. 1-5). DOI: 10.7195\/ri14.v10i2.504<\/li>\n<\/ul>\n<p><strong>Consumidor proactiu medi\u00e0tic<\/strong><\/p>\n<ul>\n<li><strong>Islas, O.<\/strong> (2018). \u00abLa sociedad de la ubicuidad, los prosumidores y un modelo de comunicaci\u00f3n para comprender la complejidad de las comunicaciones digitales\u00bb. <em>Raz\u00f3n y Palabra<\/em> (vol. 65, p\u00e0g. 68-77). Accessible a http:\/\/www.razonypalabra.org.mx\/N\/n65\/varia\/oislas.html.<\/li>\n<li><strong>Mar\u00edn, A.<\/strong> (2015). <em>La audiencia en los nuevos escenarios comunicativos: el prosumidor medi\u00e1tico en el centro<\/em>. Accessible a https:\/\/idus.us.es\/xmlui\/bitstream\/.<\/li>\n<li><strong>Marketing Mobile<\/strong> (2018). <em>Caracter\u00edsticas del prosumidor en la era de la publicidad digital<\/em>. Accessible a http:\/\/marketingmobileperu.com\/preguntas-frecuentes\/ caracteristicas-del-prosumidor-en-la-era-publicidad-digital\/.<\/li>\n<\/ul>\n<p>Vegeu l&#8217;article complet a:<\/p>\n<p><strong>Karbaum, G.<\/strong> (2018). \u00abNarrativas <em>social media<\/em> y el prosumidor medi\u00e1tico\u00bb. <em>Correspondencias &amp; An\u00e1lisis<\/em> (vol. 8, gener-desembre, p\u00e0g. 219-238). <\/p>\n<\/div>\n<div class=\"featured featured-grey\"><p><strong>Recursos<\/strong><\/p>\n<p><strong>Rose, G.<\/strong> (2016). <em>Visual Methodologies. An Introduction to Researching with Visual Materials<\/em> (4.\u00aa ed.). Los Angeles: Sage.<\/p>\n<p><strong>Blanco, M.<\/strong> (2011). \u00abInvestigaci\u00f3n narrativa: una forma de generaci\u00f3n de conocimientos\u00bb. <em>Argumentos<\/em> (n\u00fam. 24 (67), p\u00e0g. 135-156). Ciutat de M\u00e8xic: Universidad Aut\u00f3noma Metropolitana Unidad Xochimilco. Accesible a: <a href=\"http:\/\/www.redalyc.org\/articulo.oa?id=59521370007\" target=\"_blank\" rel=\"noopener\">http:\/\/www.redalyc.org\/articulo.oa?id=59521370007<\/a>.<\/p>\n<p><strong>Guallar, J.<\/strong> (2003). \u00abM\u00e8todes i t\u00e8cniques de recerca en els articles de documentaci\u00f3 period\u00edstica a Espanya (1997-2002) \/ Methods and techniques of research articles journalistic information science in Spain (1997-2002)\u00bb. Accesible a: <a href=\"http:\/\/eprints.rclis.org\/8581\/\" target=\"_blank\" rel=\"noopener\">http:\/\/eprints.rclis.org\/8581\/<\/a>.<\/p>\n<p><em>La investigaci\u00f3n en redes sociales. El enfoque cualitativo<\/em>. [enregistrament de v\u00eddeo sobre l&#8217;experiment \u00abDesconectados\u00bb, en el que dues persones estan desconnectades de les xarxes socials durant dues setmanes]. Medialab-Prado. Accesible a: <a href=\"http:\/\/medialab-prado.es\/article\/lainvestigacionenredessociales\" target=\"_blank\" rel=\"noopener\">http:\/\/medialab-prado.es\/article\/lainvestigacionenredessociales<\/a>.<\/p>\n<\/div>\n","protected":false},"excerpt":{"rendered":"<p>A l&#8217;hora de comen\u00e7ar la cerca bibliogr\u00e0fica que ens permetr\u00e0 fonamentar la nostra recerca, hem de distingir entre dos tipus d&#8217;informaci\u00f3: Font prim\u00e0ria: \u00e9s la que representa el nostre objecte d&#8217;estudi. Per exemple, si fem un estudi sobre el concepte de llibertat en l&#8217;obra de Garc\u00eda M\u00e1rquez, la font prim\u00e0ria s\u00f3n els seus llibres. Font [&hellip;]<\/p>\n","protected":false},"author":1,"featured_media":0,"parent":0,"menu_order":0,"comment_status":"closed","ping_status":"closed","template":"","meta":[],"_links":{"self":[{"href":"http:\/\/tecniques-metodes-recerca.recursos.uoc.edu\/ca\/wp-json\/wp\/v2\/pages\/332"}],"collection":[{"href":"http:\/\/tecniques-metodes-recerca.recursos.uoc.edu\/ca\/wp-json\/wp\/v2\/pages"}],"about":[{"href":"http:\/\/tecniques-metodes-recerca.recursos.uoc.edu\/ca\/wp-json\/wp\/v2\/types\/page"}],"author":[{"embeddable":true,"href":"http:\/\/tecniques-metodes-recerca.recursos.uoc.edu\/ca\/wp-json\/wp\/v2\/users\/1"}],"replies":[{"embeddable":true,"href":"http:\/\/tecniques-metodes-recerca.recursos.uoc.edu\/ca\/wp-json\/wp\/v2\/comments?post=332"}],"version-history":[{"count":4,"href":"http:\/\/tecniques-metodes-recerca.recursos.uoc.edu\/ca\/wp-json\/wp\/v2\/pages\/332\/revisions"}],"predecessor-version":[{"id":1089,"href":"http:\/\/tecniques-metodes-recerca.recursos.uoc.edu\/ca\/wp-json\/wp\/v2\/pages\/332\/revisions\/1089"}],"wp:attachment":[{"href":"http:\/\/tecniques-metodes-recerca.recursos.uoc.edu\/ca\/wp-json\/wp\/v2\/media?parent=332"}],"curies":[{"name":"wp","href":"https:\/\/api.w.org\/{rel}","templated":true}]}}