{"id":334,"date":"2018-03-07T18:42:37","date_gmt":"2018-03-07T16:42:37","guid":{"rendered":"http:\/\/tecniques-metodes-recerca.uoc.edu\/?page_id=334"},"modified":"2020-12-14T13:41:37","modified_gmt":"2020-12-14T11:41:37","slug":"4-3-1-introduccio","status":"publish","type":"page","link":"http:\/\/tecniques-metodes-recerca.recursos.uoc.edu\/ca\/4-3-1-introduccio\/","title":{"rendered":"4.3.1. Introducci\u00f3"},"content":{"rendered":"<p>El processament de la informaci\u00f3 recopilada es converteix en una tasca d&#8217;import\u00e0ncia crucial per a la recerca, at\u00e8s que \u00e9s la fase en la qual s&#8217;extreuen les conclusions del nostre acc\u00e9s a la realitat social. Es tracta d&#8217;un proc\u00e9s racional en el qual s&#8217;apliquen diverses t\u00e8cniques que sempre varien segons el tipus de recerca que duguem a terme. Aix\u00ed, un informe sobre la conducta mediambiental a la nostra ciutat fet per grups de discussi\u00f3 aposta per un acostament qualitatiu que identifica els principals nuclis tem\u00e0tics i les argumentacions l\u00f2giques dels discursos que han sorgit en els grups.<\/p>\n<p>A continuaci\u00f3 veurem l&#8217;an\u00e0lisi de contingut i l&#8217;an\u00e0lisi del discurs, que es consideren tant t\u00e8cniques de recollida d&#8217;informaci\u00f3 com d&#8217;an\u00e0lisi. No obstant aix\u00f2, nosaltres les situarem en el camp de l&#8217;an\u00e0lisi perqu\u00e8 \u00e9s el seu \u00fas m\u00e9s freq\u00fcent.<\/p>\n","protected":false},"excerpt":{"rendered":"<p>El processament de la informaci\u00f3 recopilada es converteix en una tasca d&#8217;import\u00e0ncia crucial per a la recerca, at\u00e8s que \u00e9s la fase en la qual s&#8217;extreuen les conclusions del nostre acc\u00e9s a la realitat social. Es tracta d&#8217;un proc\u00e9s racional en el qual s&#8217;apliquen diverses t\u00e8cniques que sempre varien segons el tipus de recerca que [&hellip;]<\/p>\n","protected":false},"author":1,"featured_media":0,"parent":0,"menu_order":0,"comment_status":"closed","ping_status":"closed","template":"","meta":[],"_links":{"self":[{"href":"http:\/\/tecniques-metodes-recerca.recursos.uoc.edu\/ca\/wp-json\/wp\/v2\/pages\/334"}],"collection":[{"href":"http:\/\/tecniques-metodes-recerca.recursos.uoc.edu\/ca\/wp-json\/wp\/v2\/pages"}],"about":[{"href":"http:\/\/tecniques-metodes-recerca.recursos.uoc.edu\/ca\/wp-json\/wp\/v2\/types\/page"}],"author":[{"embeddable":true,"href":"http:\/\/tecniques-metodes-recerca.recursos.uoc.edu\/ca\/wp-json\/wp\/v2\/users\/1"}],"replies":[{"embeddable":true,"href":"http:\/\/tecniques-metodes-recerca.recursos.uoc.edu\/ca\/wp-json\/wp\/v2\/comments?post=334"}],"version-history":[{"count":3,"href":"http:\/\/tecniques-metodes-recerca.recursos.uoc.edu\/ca\/wp-json\/wp\/v2\/pages\/334\/revisions"}],"predecessor-version":[{"id":1091,"href":"http:\/\/tecniques-metodes-recerca.recursos.uoc.edu\/ca\/wp-json\/wp\/v2\/pages\/334\/revisions\/1091"}],"wp:attachment":[{"href":"http:\/\/tecniques-metodes-recerca.recursos.uoc.edu\/ca\/wp-json\/wp\/v2\/media?parent=334"}],"curies":[{"name":"wp","href":"https:\/\/api.w.org\/{rel}","templated":true}]}}