{"id":336,"date":"2018-03-07T18:44:26","date_gmt":"2018-03-07T16:44:26","guid":{"rendered":"http:\/\/tecniques-metodes-recerca.uoc.edu\/?page_id=336"},"modified":"2020-12-14T13:41:43","modified_gmt":"2020-12-14T11:41:43","slug":"4-3-2-analisi-de-contingut","status":"publish","type":"page","link":"http:\/\/tecniques-metodes-recerca.recursos.uoc.edu\/ca\/4-3-2-analisi-de-contingut\/","title":{"rendered":"4.3.2. An\u00e0lisi de contingut"},"content":{"rendered":"<p>L&#8217;\u00fas de l&#8217;<strong>an\u00e0lisi<\/strong> <strong>de contingut<\/strong> (AC) ha estat especialment vinculat a l&#8217;an\u00e0lisi de la premsa i de la publicitat. Es tracta d&#8217;una t\u00e8cnica molt utilitzada als Estats Units, sobretot durant la segona d\u00e8cada del segle xx. Harold Lasswell va ser un dels seus precursors i la va utilitzar principalment per analitzar la propaganda pol\u00edtica. Amb el pas del temps, l&#8217;AC s&#8217;ha anat estenent a tot tipus de ci\u00e8ncies socials i tamb\u00e9 ha estat molt utilitzada en el camp de la psicologia.<\/p>\n<p>L&#8217;AC \u00e9s una de les maneres m\u00e9s usuals d&#8217;analitzar informaci\u00f3 qualitativa (Berg, 2007). Encara que s&#8217;ha usat especialment com a t\u00e8cnica quantitativa, hi ha tend\u00e8ncia a fer-la servir com a t\u00e8cnica qualitativa. L&#8217;an\u00e0lisi de contingut ens ajuda a sistematitzar el text que analitzem. Ens permet \u00abesmicolar\u00bb el nostre objecte d&#8217;estudi, que pot estar format per fragments de llibres, entrevistes, correus electr\u00f2nics, <em>posts<\/em>, piulades, discursos pol\u00edtics o qualsevol altre text que requereixi una aproximaci\u00f3 qualitativa.<\/p>\n<p>Com hem dit, l&#8217;an\u00e0lisi de contingut, en qualsevol de les seves variants, ens permet apropar-nos a un text (escrit, visual o sonor) d&#8217;una manera objectiva gr\u00e0cies a l&#8217;elecci\u00f3 d&#8217;unes unitats d&#8217;an\u00e0lisi i a la categoritzaci\u00f3 d&#8217;aquestes. En les ci\u00e8ncies socials en general, l&#8217;an\u00e0lisi de contingut quantitatiu ha estat una de les t\u00e8cniques m\u00e9s usuals. Per Berelson, en aquesta t\u00e8cnica \u00e9s central comptar el nombre de vegades que determinades paraules en concret que apareixen en el text analitzat.<\/p>\n<p>No obstant aix\u00f2, i segons com s&#8217;abordi la recerca, comptar pot ser insuficient. Per aix\u00f2, la perspectiva qualitativa fa un pas m\u00e9s. No es queda \u00fanicament en la quantificaci\u00f3 de la pres\u00e8ncia de, per exemple, els adjectius o substantius en l&#8217;an\u00e0lisi de premsa. Alguns dels cr\u00edtics de l&#8217;AC qualitativa creuen que es limita a oferir un panorama descriptiu; argument que certament t\u00e9 una mica de ra\u00f3, per\u00f2 en el qual el paper de l&#8217;investigador \u00e9s fonamental per triar quines categories cal analitzar i trobar, aix\u00ed, el significat que s&#8217;amaga darrere de cada text. No nom\u00e9s es tracta de descriure sin\u00f3 tamb\u00e9 d&#8217;interpretar. Especialment pel que fa a l&#8217;an\u00e0lisi de la realitat a trav\u00e9s de la mirada de l&#8217;\u00e9sser hum\u00e0, \u00e9s necessari anar m\u00e9s enll\u00e0 d&#8217;un recompte de variables. L&#8217;elecci\u00f3 entre AC quantitativa o qualitativa dep\u00e8n dels objectius tra\u00e7ats en l&#8217;estudi. L&#8217;investigador triar\u00e0, doncs, quina de les dues t\u00e8cniques li ha de permetre obtenir els millors resultats per aconseguir els seus objectius i comprovar o refutar la seva hip\u00f2tesi.<\/p>\n<p>L&#8217;AC qualitativa segueix sent sistem\u00e0tica, i en les ci\u00e8ncies socials \u00e9s una eina \u00fatil per establir el contingut manifest i latent d&#8217;un text. Que una t\u00e8cnica sigui qualitativa no vol dir que no sigui sistem\u00e0tica. Per aix\u00f2, l&#8217;AC qualitativa proporciona la mateixa garantia de rigor que la quantitativa. El proc\u00e9s de l&#8217;AC requereix que l&#8217;investigador faci un treball previ per poder concretar com dur\u00e0 a terme l&#8217;an\u00e0lisi. Aix\u00f2 comporta realitzar diverses lectures del text i tenir clars els objectius de la recerca. D&#8217;aquesta manera, es determina la manera de codificar i quines categories s&#8217;analitzen. Val la pena efectuar una petita prova pilot per verificar que el sistema creat funciona i que permetr\u00e0 realitzar les infer\u00e8ncies necess\u00e0ries que contribueixin a plantejar unes conclusions s\u00f2lides.<\/p>\n<p>L&#8217;investigador ha de ser conscient que ha de rellegir els textos que s&#8217;analitzaran. Aix\u00f2 li permet tenir claredat sobre les categories que es plantegen. El coneixement profund dels textos l&#8217;ajudar\u00e0 en el proc\u00e9s de sistematitzaci\u00f3 i, en conseq\u00fc\u00e8ncia, podr\u00e0 obtenir resultats millors. No aprofundirem en com construir una fitxa d&#8217;an\u00e0lisi de contingut, per\u00f2 s\u00ed que n&#8217;esmentarem alguns dels elements m\u00e9s importants:<\/p>\n<ul>\n<li><strong>Unitat de mostreig<\/strong>: \u00e9s el que comunament coneixem com a <em>mostra<\/em>. La selecci\u00f3 es realitza com en qualsevol altra t\u00e8cnica de recerca.<\/li>\n<li><strong>Unitat de context<\/strong>: \u00e9s una part de la unitat de mostreig en la qual ens fixarem. Per exemple, un nombre x d&#8217;articles de premsa, o uns x par\u00e0grafs que triem i que contindran la unitat de registre.<\/li>\n<li><strong>Unitat de registre<\/strong>: \u00e9s el fragment en si que ser\u00e0 objecte de l&#8217;an\u00e0lisi. Per exemple, un titular de premsa.<\/li>\n<\/ul>\n<p>Berelson, Krippendorff i Bardin s\u00f3n els te\u00f2rics que m\u00e9s han treballat aquesta t\u00e8cnica. Tots tres, d&#8217;aquesta t\u00e8cnica d&#8217;an\u00e0lisi en destaquen la import\u00e0ncia per accedir al significat simb\u00f2lic d&#8217;un text. Berelson ressalta que l&#8217;AC \u00e9s un instrument que permet sistematitzar i objectivar continguts manifestos. Krippendorff fa un pas cap a l&#8217;AC qualitativa, esmentant la necessitat de tenir en compte el context. Bardin parla de la possibilitat de realitzar infer\u00e8ncies i d&#8217;obtenir tot tipus d&#8217;indicadors (quantitatius o qualitatius).<\/p>\n<p>Als anys vuitanta, a causa del seu continu desenvolupament i auge, van comen\u00e7ar a proliferar els programaris per realitzar an\u00e0lisis de contingut; els m\u00e9s usuals s\u00f3n AQUAD, MAX, HIPER RESEARCH, NUDIST, Atlas.ti, entre d&#8217;altres. L&#8217;\u00fas dels ordinadors ha contribu\u00eft al desenvolupament de l&#8217;AC qualitativa, gr\u00e0cies a la possibilitat d&#8217;analitzar el text.<\/p>\n<div class=\"featured featured-grey\"><p><strong>Recursos<\/strong><\/p>\n<p><strong>Garc\u00eda-Orosa, B.; V\u00e1zquez-Sande, P.; L\u00f3pez-Garc\u00eda, X.<\/strong> (2017). \u00abNarrativas digitales de los principales partidos pol\u00edticos de Espa\u00f1a, Francia, Portugal y Estados Unidos\u00bb. <em>El profesional de la informaci\u00f3n<\/em> (vol. 26, n\u00fam. 4, p\u00e0g. 589-600). Accesible a: <a href=\"http:\/\/www.elprofesionaldelainformacion.com\/contenidos\/2017\/jul\/03.pdf\" target=\"_blank\" rel=\"noopener\">http:\/\/www.elprofesionaldelainformacion.com\/contenidos\/2017\/jul\/03.pdf<\/a>.<\/p>\n<p><strong>Revuelta, F.; S\u00e1nchez, M.<\/strong> (s.f.). \u00abProgramas de an\u00e1lisis cualitativo para la investigaci\u00f3n en espacios virtuales de formaci\u00f3n\u00bb. Accesible a: <a href=\"http:\/\/campus.usal.es\/~teoriaeducacion\/rev_numero_04\/n4_art_revuelta_sanchez.htm\" target=\"_blank\" rel=\"noopener\">http:\/\/campus.usal.es\/~teoriaeducacion\/rev_numero_04\/n4_art_revuelta_sanchez.htm<\/a>.<\/p>\n<p><strong>Abela, J.<\/strong> (s.f.). \u00abLas t\u00e9cnicas de An\u00e1lisis de Contenido: Una revisi\u00f3n actualizada\u00bb. Accesible a: <a href=\"http:\/\/public.centrodeestudiosandaluces.es\/pdfs\/S200103.pdf\" target=\"_blank\" rel=\"noopener\">http:\/\/public.centrodeestudiosandaluces.es\/pdfs\/S200103.pdf<\/a>.<\/p>\n<\/div>\n<p>&nbsp;<\/p>\n<div class=\"featured featured-grey\"><\/p>\n<p><strong>Exemple d&#8217;an\u00e0lisi de contingut<\/strong><\/p>\n<p>Vegem un exemple d&#8217;an\u00e0lisi de contingut. La recerca en q\u00fcesti\u00f3 s&#8217;interessa per la creaci\u00f3 d&#8217;imatges en destinacions tur\u00edstiques per part d&#8217;usuaris d&#8217;Instagram. En concret, la hip\u00f2tesi sost\u00e9 que les fotografies que els turistes fan en una destinaci\u00f3 s\u00f3n la materialitzaci\u00f3 de la imatge percebuda que han generat pr\u00e8viament en el seu imaginari. Els usuaris d&#8217;Instagram segueixen, en aquest sentit, all\u00f2 que els acad\u00e8mics anomenen \u00abcercle hermen\u00e8utic de reproducci\u00f3\u00bb de les imatges que retraten.<\/p>\n<p>L&#8217;estudi se centra en una destinaci\u00f3 de la Costa Brava catalana, Palafrugell, municipi que t\u00e9 cinc nuclis urbans: dos d&#8217;interior, que s\u00f3n Palafrugell i Llofriu, i tres de costa, que s\u00f3n Calella de Palafrugell, Llafranc i Tamariu.<\/p>\n<p>Per elaborar l&#8217;estudi, s&#8217;han seleccionat fotografies fetes per turistes, compartides a Instagram, xarxa que al moment en qu\u00e8 es va dur a terme la recerca tenia uns 800 milions d&#8217;usuaris. El seu acc\u00e9s obert permet poder recollir una mostra representativa de fotografies per poder analitzar-les. A m\u00e9s, es tracta d\u2019una mostra en qu\u00e8 el turista no \u00e9s conscient que \u00e9s analitzat i, per tant, aquestes fotografies presenten un doble filtre: all\u00f2 que el turista ha decidit fotografiar en la destinaci\u00f3 i, entre les seves fotografies, la que ha decidit compartir a la xarxa.<\/p>\n<p><strong>1. Poblaci\u00f3 i mostra<\/strong><\/p>\n<p>Per obtenir la mostra s&#8217;han seleccionat fotografies etiquetades amb les etiquetes seg\u00fcents, que corresponen als top\u00f2nims dels nuclis urbans que conformen el municipi:<\/p>\n<ul>\n<li>#calelladepalafrugell<\/li>\n<li>#llafranc<\/li>\n<li>#tamariu<\/li>\n<li>#palafrugell<\/li>\n<li>#turismepalafrugell<\/li>\n<\/ul>\n<p>Tamb\u00e9 s&#8217;han pres les fotografies geoetiquetades per les coordenades corresponents al municipi.<\/p>\n<table style=\"height: 481px;\" width=\"731\">\n<tbody>\n<tr>\n<td width=\"149\"><strong>Categories<\/strong><\/td>\n<td width=\"139\"><strong>Nre. total de fotos<\/strong><\/td>\n<td width=\"139\"><strong>Proporcions<\/strong><\/td>\n<td width=\"139\"><strong>Mostra<\/strong><\/td>\n<\/tr>\n<tr>\n<td width=\"149\"><strong>#turismepalafrugell<\/strong><\/td>\n<td width=\"139\">6.043<\/td>\n<td width=\"139\">6,2 %<\/td>\n<td width=\"139\">111<\/td>\n<\/tr>\n<tr>\n<td width=\"149\"><strong>#tamariu<\/strong><\/td>\n<td width=\"139\">16.937<\/td>\n<td width=\"139\">17,2 %<\/td>\n<td width=\"139\">311<\/td>\n<\/tr>\n<tr>\n<td width=\"149\"><strong>#llafranc<\/strong><\/td>\n<td width=\"139\">19.807<\/td>\n<td width=\"139\">20,2 %<\/td>\n<td width=\"139\">364<\/td>\n<\/tr>\n<tr>\n<td width=\"149\"><strong>#palafrugell<\/strong><\/td>\n<td width=\"139\">25.350<\/td>\n<td width=\"139\">25,8 %<\/td>\n<td width=\"139\">465<\/td>\n<\/tr>\n<tr>\n<td width=\"149\"><strong>#calelladepalafrugell<\/strong><\/td>\n<td width=\"139\">28.374<\/td>\n<td width=\"139\">29,2 %<\/td>\n<td width=\"139\">526<\/td>\n<\/tr>\n<tr>\n<td width=\"149\"><strong>Localitzaci\u00f3 GPS<\/strong><\/td>\n<td width=\"139\">1.456<\/td>\n<td width=\"139\">1,5 %<\/td>\n<td width=\"139\">27<\/td>\n<\/tr>\n<tr>\n<td width=\"149\"><strong>Total<\/strong><\/td>\n<td width=\"139\">97.967<\/td>\n<td width=\"139\">100 %<\/td>\n<td width=\"139\">1.804<\/td>\n<\/tr>\n<\/tbody>\n<\/table>\n<p><strong>2. Requisits per obtenir la mostra<\/strong><\/p>\n<ul>\n<li>Per\u00edode de publicacions considerades: maig-setembre 2015.<\/li>\n<li>Mostres proporcionals respecte al nombre total de fotografies per etiqueta.<\/li>\n<li>Selecci\u00f3 aleat\u00f2ria prenent una imatge de cada cinc.<\/li>\n<li>Exclusi\u00f3 del correu brossa<em>: <\/em>fotografies publicit\u00e0ries, errors d&#8217;etiqueta, etc.<\/li>\n<li>Recollida de fotografies mitjan\u00e7ant Webstagram.<\/li>\n<\/ul>\n<p><strong>3. M\u00e8tode d&#8217;an\u00e0lisi<\/strong><\/p>\n<p>S&#8217;utilitza una an\u00e0lisi de contingut feta amb la categoritzaci\u00f3 de les fotografies. En l&#8217;estudi aquesta an\u00e0lisi de contingut es complementa amb enquestes als turistes amb la finalitat de comparar la imatge percebuda de la destinaci\u00f3 amb la projectada amb Instagram.<\/p>\n<p>Les categories s&#8217;han establert a partir de la revisi\u00f3 acad\u00e8mica d&#8217;estudis en qu\u00e8 s&#8217;analitzen fotografies per definir la imatge tur\u00edstica de la destinaci\u00f3 i adaptant aquestes categories a les caracter\u00edstiques de la destinaci\u00f3 estudiada. A la taula seg\u00fcent es poden observar les set categories escollides per determinar els elements presents en les fotografies i les altres quatre variables considerades en l&#8217;an\u00e0lisi.<\/p>\n<div class=\"tabletitle\"><p>Descripci\u00f3 de les categories i variables per analitzar contingut<\/p>\n<\/div>\n<table style=\"height: 1563px;\" width=\"800\">\n<tbody>\n<tr>\n<td width=\"151\"><strong>Categoria<\/strong><\/td>\n<td width=\"226\"><strong>Descripci\u00f3<\/strong><\/td>\n<td width=\"189\"><strong>Autors<\/strong><\/td>\n<\/tr>\n<tr>\n<td width=\"151\"><strong>Espai litoral<\/strong><\/td>\n<td width=\"226\">Fotografies en qu\u00e8 preval l&#8217;espai del litoral: platges, cales, mar, etc.<\/td>\n<td width=\"189\">Dilley, 1986; Jos\u00e9 A. Donaire, Camprub\u00ed, i Gal\u00ed, 2014; Jos\u00e9 A. Donaire, 2011; Gal\u00ed i Donaire, 2005; Jenkins, 2003; Kim i Stepchenkova, 2015; Pritchard i Morgan, 1996.<\/td>\n<\/tr>\n<tr>\n<td width=\"151\"><strong>Elements identitaris<\/strong><\/td>\n<td width=\"226\">Elements relacionats amb la identitat del municipi: havaneres, barques, les arcades de la pla\u00e7a de Port Bo, etc.<\/td>\n<td width=\"189\">Camprub\u00ed, 2009; Jos\u00e9 A. Donaire i altres, 2014; Jos\u00e9 A. Donaire i Gal\u00ed, 2011; Jenins, 2003; Pritchard i Morgan, 1996.<\/td>\n<\/tr>\n<tr>\n<td width=\"151\"><strong>Entorn urb\u00e0<\/strong><\/td>\n<td width=\"226\">Qualsevol element urb\u00e0, com cases, places, carrers, etc.<\/td>\n<td width=\"189\">Camprub\u00ed, 2009; Dilley, 1986; Jos\u00e9 A. Donaire i Gal\u00ed, 2011; Garrod, 2009; Govers, 2004; Kim i Stepchenkova, 2015; Pritchard i Morgan, 1996.<\/td>\n<\/tr>\n<tr>\n<td width=\"151\"><strong>Patrimoni natural<\/strong><\/td>\n<td width=\"226\">Pres\u00e8ncia d&#8217;elements naturals: paisatge, flora i fauna, camps, etc.<\/td>\n<td width=\"189\">Camprub\u00ed, 2009; Dilley, 1986; Gal\u00ed i Donaire, 2005; Garrod, 2009; Jenkins, 2003; Kim i Stepchenkova, 2015.<\/td>\n<\/tr>\n<tr>\n<td width=\"151\"><strong>Patrimoni cultural<\/strong><\/td>\n<td width=\"226\">Espais i nodes d&#8217;inter\u00e8s cultural: museus, esgl\u00e9sies, el far, etc.<\/td>\n<td width=\"189\">Camprub\u00ed, 2009; Dilley, 1986; Jos\u00e9 A. Donaire i Gal\u00ed, 2011; Garrod, 2009; Govers, 2004; Kim i Stepchenkova, 2015; Pritchard i Morgan, 1996.<\/td>\n<\/tr>\n<tr>\n<td width=\"151\"><strong>Activitats d&#8217;oci<\/strong><\/td>\n<td width=\"226\">Imatges que mostren alguna activitat com esports, oci nocturn, etc.<\/td>\n<td width=\"189\">Camprub\u00ed, 2009; Dilley, 1986; Jos\u00e9 A. Donaire i Gal\u00ed, 2011; Gal\u00ed i Donaire, 2005; Govers, 2004; Jenkins, 2003; Kim i Stepchenkova, 2015; Pritchard i Morgan, 1996.<\/td>\n<\/tr>\n<tr>\n<td width=\"151\"><strong>Gastronomia<\/strong><\/td>\n<td width=\"226\">Fotografies de gastronomia: plats t\u00edpics, productes locals, restaurants, etc.<\/td>\n<td width=\"189\">Camprub\u00ed, 2009; Kim i Stepchenkova, 2015.<\/td>\n<\/tr>\n<tr>\n<td colspan=\"3\" width=\"566\">\n<p style=\"text-align: center;\"><strong>Altres variables considerades<\/strong><\/p>\n<\/td>\n<\/tr>\n<tr>\n<td width=\"151\"><strong>Zoom<\/strong><\/td>\n<td width=\"226\">Si es fotografia un element concret, un fragment o un espai descontextualitzat.<\/td>\n<td width=\"189\">Jos\u00e9 A. Donaire i altres, 2014; Jos\u00e9 A. Donaire i Gal\u00ed, 2011; Garrod, 2008.<\/td>\n<\/tr>\n<tr>\n<td width=\"151\"><strong>Moment del dia<\/strong><\/td>\n<td width=\"226\">Si la fotografia \u00e9s de dia, de nit o en posta de sol.<\/td>\n<td width=\"189\">Jos\u00e9 A. Donaire i Gal\u00ed, 2011; Garrod, 2008.<\/td>\n<\/tr>\n<tr>\n<td width=\"151\"><strong>Grau d&#8217;humanitzaci\u00f3<\/strong><\/td>\n<td width=\"226\">La pres\u00e8ncia d&#8217;humans en les fotografies: turistes, residents o mixtos.<\/td>\n<td width=\"189\">Camprub\u00ed, 2009; Dilley, 1986; Jos\u00e9 A. Donaire i altres, 2014; Jos\u00e9 A. Donaire i Gal\u00ed, 2011; Garrod, 2009; Jenkins, 2003; Kim i Stepchenkova, 2015; Pritchard i Morgan, 1996.<\/td>\n<\/tr>\n<tr>\n<td width=\"151\"><strong>Nodes i elements<\/strong><\/td>\n<td width=\"226\">Els nodes de la destinaci\u00f3 que van apareixent a les fotografies.<\/td>\n<td width=\"189\">Camprub\u00ed, 2009; Jos\u00e9 A. Donaire i altres, 2014; Jos\u00e9 A. Donaire i Gal\u00ed, 2011; Jenkins, 2003; Pritchard i Morgan, 1996.<\/td>\n<\/tr>\n<\/tbody>\n<\/table>\n<p>A partir d&#8217;aqu\u00ed, la recerca recull els resultats de la manera seg\u00fcent: amb la creaci\u00f3 d&#8217;una taula de freq\u00fc\u00e8ncies a partir de les categories esmentades i amb la creaci\u00f3 d&#8217;una taula que combina dues categories en una mateixa imatge. Amb aquesta combinaci\u00f3 de categories, s&#8217;observa el seg\u00fcent:<\/p>\n<div class=\"tabletitle\"><p>Taula de freq\u00fc\u00e8ncies de categories de les fotografies<\/p>\n<\/div>\n<table style=\"height: 497px;\" width=\"587\">\n<tbody>\n<tr>\n<td width=\"189\"><strong>Categoria<\/strong><\/td>\n<td width=\"189\"><strong>Freq\u00fc\u00e8ncia<\/strong><\/td>\n<td width=\"189\"><strong>Percentatge (%)<\/strong><\/td>\n<\/tr>\n<tr>\n<td width=\"189\"><strong>Espai litoral<\/strong><\/td>\n<td width=\"189\">991<\/td>\n<td width=\"189\">54,9<\/td>\n<\/tr>\n<tr>\n<td width=\"189\"><strong>Entorn urb\u00e0<\/strong><\/td>\n<td width=\"189\">237<\/td>\n<td width=\"189\">13,1<\/td>\n<\/tr>\n<tr>\n<td width=\"189\"><strong>Element identitari<\/strong><\/td>\n<td width=\"189\">227<\/td>\n<td width=\"189\">12,6<\/td>\n<\/tr>\n<tr>\n<td width=\"189\"><strong>Activitats d&#8217;oci<\/strong><\/td>\n<td width=\"189\">120<\/td>\n<td width=\"189\">6,7<\/td>\n<\/tr>\n<tr>\n<td width=\"189\"><strong>Patrimoni natural<\/strong><\/td>\n<td width=\"189\">96<\/td>\n<td width=\"189\">5,3<\/td>\n<\/tr>\n<tr>\n<td width=\"189\"><strong>Patrimoni cultural<\/strong><\/td>\n<td width=\"189\">73<\/td>\n<td width=\"189\">4<\/td>\n<\/tr>\n<tr>\n<td width=\"189\"><strong>Gastronomia<\/strong><\/td>\n<td width=\"189\">60<\/td>\n<td width=\"189\">3,3<\/td>\n<\/tr>\n<tr>\n<td width=\"189\"><strong>Total<\/strong><\/td>\n<td width=\"189\">1.804<\/td>\n<td width=\"189\">100<\/td>\n<\/tr>\n<\/tbody>\n<\/table>\n<div class=\"tabletitle\"><p>Categories m\u00e9s representades a les fotografies<\/p>\n<\/div>\n<table style=\"height: 443px;\" width=\"730\">\n<tbody>\n<tr>\n<td width=\"141\"><strong>Elements<\/strong><\/td>\n<td width=\"141\"><strong>Freq\u00fc\u00e8ncia<\/strong><\/td>\n<td width=\"141\"><strong>Percentatge<\/strong><\/td>\n<td width=\"141\"><strong>Fotografia m\u00e9s representativa<\/strong><\/td>\n<\/tr>\n<tr>\n<td width=\"141\"><strong>Entorn urb\u00e0 + espai litoral<\/strong><\/td>\n<td width=\"141\">427<\/td>\n<td width=\"141\">35,6<\/td>\n<td width=\"141\">Poble de Calella de Palafrugell<\/td>\n<\/tr>\n<tr>\n<td width=\"141\"><strong>Espai litoral + patrimoni cultural<\/strong><\/td>\n<td width=\"141\">372<\/td>\n<td width=\"141\">31<\/td>\n<td width=\"141\">Cales<\/td>\n<\/tr>\n<tr>\n<td width=\"141\"><strong>Elements identitaris + espai litoral<\/strong><\/td>\n<td width=\"141\">236<\/td>\n<td width=\"141\">19,7<\/td>\n<td width=\"141\">Port Bo<\/td>\n<\/tr>\n<tr>\n<td width=\"141\"><strong>Altres combinacions<\/strong><\/td>\n<td width=\"141\">164<\/td>\n<td width=\"141\">13,7<\/td>\n<td width=\"141\">&nbsp;<\/td>\n<\/tr>\n<tr>\n<td width=\"141\"><strong>Total de fotos de dues categories<\/strong><\/td>\n<td width=\"141\">1.199<\/td>\n<td width=\"141\">100<\/td>\n<td width=\"141\">&nbsp;<\/td>\n<\/tr>\n<\/tbody>\n<\/table>\n<p>Amb aix\u00f2, es procedeix a analitzar descriptivament les imatges. L&#8217;estudi observa:<\/p>\n<ul>\n<li>Destaquen tres patrons de fotografies, que en aquest cas s\u00f3n: espai litoral m\u00e9s entorn urb\u00e0, espai litoral m\u00e9s patrimoni natural, i element identitari m\u00e9s espai litoral.<\/li>\n<li>Expliquen aquestes combinacions la pres\u00e8ncia de quatre nodes que predominen en les fotografies dels turistes: el poble de Calella de Palafrugell (espai litoral m\u00e9s entorn urb\u00e0), les cales (espai litoral m\u00e9s patrimoni natural), i les barques i els arcs de la platja de Port Bo (element identitari m\u00e9s espai litoral).<\/li>\n<li>Hi ha una tend\u00e8ncia a fotografiar espais sense gent.<\/li>\n<li>El fet que el turista aparegui a la imatge dep\u00e8n del node enfront del qual est\u00e0.<\/li>\n<li>El turista apareix en les imatges relacionades amb activitats d&#8217;oci i gastronomia.<\/li>\n<li>Amb l&#8217;etiqueta #calelladepalafrugell apareixen m\u00e9s residents en les fotografies i es representen m\u00e9s elements identitaris.<\/li>\n<li>La majoria de fotografies es fan durant el dia.<\/li>\n<\/ul>\n<p>Vegeu l&#8217;estudi complet a:<\/p>\n<p><strong>Masip, L.; Camprub\u00ed, R., Coromina, Ll.<\/strong> (2018). \u00abEl rol del turista como emisor y perceptor de imagen tur\u00edstica en Instagram\u00bb. <em>Gran Tour. Revista de Investigaciones Tur\u00edsticas<\/em> (n\u00fam. 17, gener-juliol, p\u00e0g. 111-132).<\/p>\n<p>\n<\/div>\n<p>&nbsp;<\/p>\n","protected":false},"excerpt":{"rendered":"<p>L&#8217;\u00fas de l&#8217;an\u00e0lisi de contingut (AC) ha estat especialment vinculat a l&#8217;an\u00e0lisi de la premsa i de la publicitat. Es tracta d&#8217;una t\u00e8cnica molt utilitzada als Estats Units, sobretot durant la segona d\u00e8cada del segle xx. Harold Lasswell va ser un dels seus precursors i la va utilitzar principalment per analitzar la propaganda pol\u00edtica. Amb [&hellip;]<\/p>\n","protected":false},"author":1,"featured_media":0,"parent":0,"menu_order":0,"comment_status":"closed","ping_status":"closed","template":"","meta":[],"_links":{"self":[{"href":"http:\/\/tecniques-metodes-recerca.recursos.uoc.edu\/ca\/wp-json\/wp\/v2\/pages\/336"}],"collection":[{"href":"http:\/\/tecniques-metodes-recerca.recursos.uoc.edu\/ca\/wp-json\/wp\/v2\/pages"}],"about":[{"href":"http:\/\/tecniques-metodes-recerca.recursos.uoc.edu\/ca\/wp-json\/wp\/v2\/types\/page"}],"author":[{"embeddable":true,"href":"http:\/\/tecniques-metodes-recerca.recursos.uoc.edu\/ca\/wp-json\/wp\/v2\/users\/1"}],"replies":[{"embeddable":true,"href":"http:\/\/tecniques-metodes-recerca.recursos.uoc.edu\/ca\/wp-json\/wp\/v2\/comments?post=336"}],"version-history":[{"count":5,"href":"http:\/\/tecniques-metodes-recerca.recursos.uoc.edu\/ca\/wp-json\/wp\/v2\/pages\/336\/revisions"}],"predecessor-version":[{"id":1093,"href":"http:\/\/tecniques-metodes-recerca.recursos.uoc.edu\/ca\/wp-json\/wp\/v2\/pages\/336\/revisions\/1093"}],"wp:attachment":[{"href":"http:\/\/tecniques-metodes-recerca.recursos.uoc.edu\/ca\/wp-json\/wp\/v2\/media?parent=336"}],"curies":[{"name":"wp","href":"https:\/\/api.w.org\/{rel}","templated":true}]}}