{"id":340,"date":"2018-03-07T18:48:34","date_gmt":"2018-03-07T16:48:34","guid":{"rendered":"http:\/\/tecniques-metodes-recerca.uoc.edu\/?page_id=340"},"modified":"2020-12-14T13:41:57","modified_gmt":"2020-12-14T11:41:57","slug":"4-3-4-analisi-del-discurs","status":"publish","type":"page","link":"http:\/\/tecniques-metodes-recerca.recursos.uoc.edu\/ca\/4-3-4-analisi-del-discurs\/","title":{"rendered":"4.3.4. An\u00e0lisi del discurs"},"content":{"rendered":"<p>L&#8217;<strong>an\u00e0lisi<\/strong> <strong>del discurs<\/strong> \u00e9s un camp d&#8217;estudi d&#8217;una amplitud extraordin\u00e0ria en el qual convergeixen tradicions acad\u00e8miques molt diverses. Aquest fet provoca que sigui extremadament complicat oferir una definici\u00f3 un\u00edvoca d&#8217;un proc\u00e9s d&#8217;an\u00e0lisi tan poc uniforme com aquest. Mentre que en les t\u00e8cniques anteriors el component de registre d&#8217;informaci\u00f3 ocupava una posici\u00f3 central, en aquest cas ens trobem amb una t\u00e8cnica que es limita al camp de l&#8217;an\u00e0lisi de les dades produ\u00efdes arran de l&#8217;aplicaci\u00f3 de t\u00e8cniques diverses, des de les entrevistes fins a l&#8217;estudi documental.<\/p>\n<p>El seu origen remet al camp de la ling\u00fc\u00edstica, que planteja les primeres nocions del discurs com a concepte central per a l&#8217;estudi dels textos literaris. No obstant aix\u00f2, totes les disciplines cient\u00edfiques al llarg del segle xx situen el llenguatge, tant en l&#8217;expressi\u00f3 oral com en l&#8217;escrita, en el punt de mira, en considerar-lo el punt de partida de qualsevol relaci\u00f3 social. El gir ling\u00fc\u00edstic en les ci\u00e8ncies socials (Ib\u00e1\u00f1ez, 2006, p\u00e0g. 23-45) parteix de la premissa que el llenguatge crea realitat, i per tant va molt m\u00e9s all\u00e0 de les explicacions descriptives, que defensaven priorit\u00e0riament la funci\u00f3 representativa del llenguatge.<\/p>\n<p>A l&#8217;hora de parlar, els \u00e9ssers humans no solament tractem de reproduir la realitat, d&#8217;explicar-la i replicar-la amb la major precisi\u00f3 possible, tamb\u00e9 creem realitats amb moltes de les nostres paraules.<\/p>\n<div class=\"featured featured-grey\"><p>Per exemple, un concurs d&#8217;idees per establir el nou nom d&#8217;un campus universitari \u00e9s un proc\u00e9s que t\u00e9 com a resultat final una nova realitat, que no \u00e9s una altra que la denominaci\u00f3 triada. L&#8217;edifici existia amb anterioritat a la proclamaci\u00f3 del nom oficial, per\u00f2 una vegada s&#8217;anuncia oficialment, les persones passaran a integrar-lo en el seu dia a dia amb el terme encunyat recentment. Passa una cosa similar amb els noms de les persones, ja que un acte de car\u00e0cter administratiu com \u00e9s la inscripci\u00f3 en el corresponent registre civil, t\u00e9 com a conseq\u00fc\u00e8ncia la constataci\u00f3 oficial que un nou \u00e9sser hum\u00e0 ha comen\u00e7at la seva vida.<\/p>\n<\/div>\n<p>En les ci\u00e8ncies socials, l&#8217;an\u00e0lisi del discurs s&#8217;erigeix sobre la idea que el component manifest del text (les paraules, els signes de puntuaci\u00f3, l&#8217;expressi\u00f3 oral\u2026) amaga informaci\u00f3 valuosa sobre l&#8217;estructura latent que es manifesta en els textos orals o escrits. \u00c9s una t\u00e8cnica de tipus qualitatiu que s&#8217;assenta sobre la sospita que hi ha motius que expliquen el que es diu a cada moment, i aquests motius no sempre han de ser els que es declaren obertament en els actes de parla. Es tracta, per tant, d&#8217;una t\u00e8cnica d&#8217;an\u00e0lisi i interpretaci\u00f3 que \u00e9s als ant\u00edpodes dels plantejaments que defensa l&#8217;an\u00e0lisi de contingut quantitativa, per\u00f2 que, aix\u00ed i tot, pot oferir certes alternatives per a la triangulaci\u00f3 dels dos usos de recerca (Vicente, 2010).<\/p>\n<p>No hi ha, per tant, una guia estricta que es pugui seguir per dur a la pr\u00e0ctica una an\u00e0lisi del discurs, ja que les escoles te\u00f2riques presenten models i concepcions excessivament discrepants. Lupicinio \u00cd\u00f1iguez (2006, p\u00e0g. 89-128) identifica cinc grans tradicions anal\u00edtiques, procedents de traject\u00f2ries hist\u00f2riques i amb situacions acad\u00e8miques en l&#8217;actualitat de signe divers, que ens ajudaran a comprendre la diversitat d&#8217;enfocaments que conviuen en aquest camp d&#8217;estudis cient\u00edfics creixent. Aquestes tradicions anal\u00edtiques s\u00f3n:<\/p>\n<ol>\n<li><strong>Socioling\u00fc\u00edstica interaccional<\/strong>. Lluita per situar el llenguatge en situacions quotidianes, en contextos habituals del dia a dia. Seguint soci\u00f2legs com Goffman o Gumperz, atorguen una gran import\u00e0ncia al context en qu\u00e8 es produeixen els missatges, com a clau explicativa de primera import\u00e0ncia del sentit que, finalment, s&#8217;atribueix a les paraules.<\/li>\n<li><strong>Etnografia de la comunicaci\u00f3<\/strong>. Els seus or\u00edgens remeten a la trobada de les aportacions procedents de la ling\u00fc\u00edstica i l&#8217;antropologia que situen la compet\u00e8ncia comunicativa dels \u00e9ssers humans al centre del seu enfocament anal\u00edtic. Aquest enfocament obre les portes a l&#8217;an\u00e0lisi dels processos de representaci\u00f3 pol\u00edtica, del proc\u00e9s pel qual el poder es legitima mitjan\u00e7ant pr\u00e0ctiques ling\u00fc\u00edstiques i de la construcci\u00f3 social dels subjectes i dels col\u00b7lectius socials.<\/li>\n<li><strong>An\u00e0lisi de la conversa<\/strong>. L&#8217;etnometodologia de Garfinkel prioritza l&#8217;an\u00e0lisi de les situacions i els contextos en qu\u00e8 es produeixen els intercanvis ling\u00fc\u00edstics, amb el prop\u00f2sit de descobrir les normes socials que es donen per suposades i que, en tractar-se de convencions socials, no requereixen cap norma o sanci\u00f3 expl\u00edcita per mantenir la seva vig\u00e8ncia. L&#8217;an\u00e0lisi microsc\u00f2pica de les converses que completen els \u00e9ssers humans es converteix en un objecte d&#8217;estudi molt interessant per con\u00e8ixer les regles que regeixen el nostre dia a dia.<\/li>\n<li><strong>An\u00e0lisi cr\u00edtica del discurs<\/strong>. Els discursos s&#8217;analitzen a partir de la seva condici\u00f3 de pr\u00e0ctiques socials que produeixen efectes reals sobre la situaci\u00f3 de les persones, en lloc de posar el focus sobre la seva capacitat d&#8217;oferir una representaci\u00f3 fidel de la realitat social. Aix\u00ed, els processos d&#8217;exclusi\u00f3 o de discriminaci\u00f3 es converteixen en objectes d&#8217;estudi privilegiats en aquesta perspectiva (Dijk, 2009) i els mitjans de comunicaci\u00f3 es presenten com un nutrient b\u00e0sic per a l&#8217;aplicaci\u00f3 pr\u00e0ctica del seu m\u00e8tode anal\u00edtic.<\/li>\n<li><strong>Psicologia discursiva<\/strong>. At\u00e8s que la construcci\u00f3 del llenguatge \u00e9s un proc\u00e9s de di\u00e0leg col\u00b7lectiu en el qual les persones produeixen els seus missatges en un context concret on interactuen amb altres individus, aquest enfocament intenta centrar-se en l&#8217;explicaci\u00f3 d&#8217;aquest proc\u00e9s. Conseq\u00fcentment, prestar\u00e0 una atenci\u00f3 especial a la manera com les persones que participen en una situaci\u00f3 compartida construeixen el sentit de la interacci\u00f3 que protagonitzen.<\/li>\n<\/ol>\n<p>Des d&#8217;un punt de vista pr\u00e0ctic, si renunciem d&#8217;inici a facilitar una definici\u00f3 un\u00edvoca del concepte central de la t\u00e8cnica de recerca i som conscients de les singularitats de cada disciplina, en el procediment anal\u00edtic s&#8217;esdevenen uns passos que s\u00f3n seguits de manera majorit\u00e0ria per la comunitat cient\u00edfica que recorre a aquestes eines per con\u00e8ixer millor l&#8217;estructura latent dels textos.<\/p>\n<p>En primer lloc, cal completar una mostra que, sense ser estad\u00edsticament representativa, garanteixi la validesa del corpus te\u00f2ric per aconseguir els objectius marcats en el cap\u00edtol metodol\u00f2gic de la recerca. Es tracta, principalment, de definir un patr\u00f3 que permeti seleccionar els textos o materials sobre els quals s&#8217;aplicar\u00e0 el dispositiu anal\u00edtic.<\/p>\n<p>Quan ja s&#8217;ha decidit la mostra te\u00f2rica de partida, l&#8217;equip de recerca ha de realitzar diverses lectures atentes dels materials recopilats, de la transcripci\u00f3 d&#8217;entrevistes i\/o grups de discussi\u00f3, de not\u00edcies period\u00edstiques, de sent\u00e8ncies jur\u00eddiques, de peces audiovisuals, de fotografies, etc. La versatilitat de la t\u00e8cnica de recerca queda palesa en ser capa\u00e7 de combinar diverses fonts de dades obtingudes mitjan\u00e7ant m\u00faltiples t\u00e8cniques de recollida d&#8217;informaci\u00f3 amb un sistema anal\u00edtic molt semblant, a vegades fins i tot id\u00e8ntic, per a cada unitat d&#8217;an\u00e0lisi. De fet, es tracta d&#8217;un proc\u00e9s obert, i el sistema de categories s&#8217;amplia a mesura que avan\u00e7a la recerca i es descobreixen noves categories anal\u00edtiques o noves relacions entre categories.<\/p>\n<p>A continuaci\u00f3 caldr\u00e0 trobar fragments del text analitzat que tinguin un significat per a qui el llegeixi. Aquests segments s\u00f3n unitats amb sentit i significat propi en la recerca i, normalment, s&#8217;associen a una categoria anal\u00edtica concreta que l&#8217;equip de recerca haur\u00e0 definit en el seu moment. Els codis s\u00f3n s\u00edntesis de la informaci\u00f3 textual que permeten l&#8217;acc\u00e9s al nivell conceptual en el qual s&#8217;estableixen relacions entre conceptes.<\/p>\n<p>Despr\u00e9s de la identificaci\u00f3 de totes les categories amb significat i rellev\u00e0ncia per al conjunt del text, \u00e9s possible comen\u00e7ar a establir connexions d&#8217;una major profunditat (nivell conceptual). Es tracta, per tant, d&#8217;un proc\u00e9s de car\u00e0cter inductiu en el qual el rigor cient\u00edfic s&#8217;aconsegueix per mitj\u00e0 d&#8217;una fase inicial d&#8217;obertura anal\u00edtica que provoca una multiplicaci\u00f3 significativa de codis i categories i, posteriorment, evoluciona cap a un tancament per visualitzar i verbalitzar les categories i les relacions entre les de m\u00e9s rellev\u00e0ncia.<\/p>\n<p>La identificaci\u00f3 de les categories centrals i de les connexions que s&#8217;estableixen entre elles servir\u00e0 per comprovar el grau de compliment dels objectius marcats, mentre que l&#8217;elaboraci\u00f3 i difusi\u00f3 de l&#8217;informe final es converteix en una \u00faltima etapa en la qual la reflexi\u00f3 sobre l&#8217;experi\u00e8ncia completada se situa com a prioritat b\u00e0sica. Per a la consecuci\u00f3 d&#8217;aquest \u00faltim objectiu els equips de recerca poden usar eines anal\u00edtiques de gran potencial explicatiu, com les xarxes sem\u00e0ntiques o els diagrames explicatius, que serveixen per visualitzar amb claredat les conclusions d&#8217;una an\u00e0lisi profunda i de grans dimensions.<\/p>\n<p>L&#8217;\u00e8xit d&#8217;aquesta escola anal\u00edtica ha quedat palesa, durant les \u00faltimes d\u00e8cades, amb institucions acad\u00e8miques d&#8217;abast internacional, amb revistes cient\u00edfiques dedicades \u00edntegrament a la seva aplicaci\u00f3 pr\u00e0ctica i al seu desenvolupament te\u00f2ric i metodol\u00f2gic (<em>Discourse &amp; Society<\/em>, <em>Discourse Studies<\/em>, <em>Discourse Analysis<\/em>, entre moltes altres) i amb una not\u00f2ria evoluci\u00f3 inform\u00e0tica dels programes que faciliten la seva posada en pr\u00e0ctica (NVivo, Atlas.ti, MAXQDA, HyperRESEARCH, entre molts d&#8217;altres).<\/p>\n<div class=\"featured featured-grey\"><p><strong>Exemple on s&#8217;aplica aquesta t\u00e8cnica<\/strong><\/p>\n<p><strong>Ferran, N.; P\u00e9rez-Montoro, M.<\/strong> (2009). \u00abGesti\u00f3n de la informaci\u00f3n personal en usuarios avanzados en TIC\u00bb. <em>El profesional de la informaci\u00f3n<\/em> (vol. 18, n\u00fam. 4, p\u00e0g. 365-373).<\/p>\n<\/div>\n<div class=\"featured featured-grey\"><p><strong>Recursos<\/strong><\/p>\n<p><strong>Colle, R.<\/strong> (ed.) (2011). \u00abEl an\u00e1lisis de contenido de las comunicaciones. 3. Ejemplos de Aplicaciones\u00bb. <em>Colecci\u00f3n Cuadernos Artesanos de Latina<\/em> (n\u00fam. 13). La Laguna: Universidad de La Laguna. Accesible a: <a href=\"http:\/\/www.revistalatinacs.org\/067\/cuadernos\/13_Colle_interior.pdf\" target=\"_blank\" rel=\"noopener\">http:\/\/www.revistalatinacs.org\/067\/cuadernos\/13_Colle_interior.pdf<\/a>.<\/p>\n<p><strong>L\u00f3pez Yepes, J.<\/strong> (2003). \u00abEl an\u00e1lisis cualitativo de citas como instrumento para el estudio de la creaci\u00f3n y transmisi\u00f3n de las ideas cient\u00edficas\u00bb. <em>Documentaci\u00f3n de las Ciencias de la Informaci\u00f3n<\/em> (n\u00fam. 26, p\u00e0g. 41-70). Accesible a: <a href=\"http:\/\/revistas.ucm.es\/index.php\/DCIN\/article\/view\/20236\" target=\"_blank\" rel=\"noopener\">http:\/\/revistas.ucm.es\/index.php\/DCIN\/article\/view\/20236<\/a>.<\/p>\n<p><strong>Recih, J. A.<\/strong> (2015). \u00abOld methods and new technologies: Social media and shifts in power in qualitative research\u00bb. <em>Ethnography<\/em> (vol. 16, n\u00fam. 4, p\u00e0g. 394\u2013415).<\/p>\n<\/div>\n<p>&nbsp;<\/p>\n<div class=\"featured featured-grey\"><\/p>\n<p><strong>Exemple d&#8217;an\u00e0lisi del discurs<\/strong><\/p>\n<p>El 2019 l&#8217;estudiant i activista Greta Thunberg va iniciar una s\u00e8rie de vagues pel clima difoses per Twitter amb l\u2019etiqueta<em> #FridaysForFuture<\/em> i va convertir la xarxa en un espai d&#8217;acci\u00f3 pol\u00edtica. La recerca que prenem com a exemple analitza la configuraci\u00f3 del fenomen #<em>FridaysForFuture<\/em> com a proc\u00e9s d&#8217;opini\u00f3 p\u00fablica digital a Espanya. Per a aix\u00f2, s&#8217;utilitza una estrat\u00e8gia de recerca d&#8217;estudi de casos, aplicats sobre tuits d&#8217;inter\u00e8s per al desenvolupament d&#8217;aquest moviment.<\/p>\n<p>Tenim tres casos de missatges pioners, difosos pel moviment #<em>FridaysForFuture <\/em>a Espanya. Els tres presenten caracter\u00edstiques discursives que han estat observades en uns altres tuits entorn d&#8217;aquest fenomen.<\/p>\n<p>1. El primer va ser publicat per Juventud por el Clima el 20 d&#8217;abril de 2019: <a href=\"https:\/\/twitter.com\/JuventudXClima\/status\/1119740291207110657?s=20\">https:\/\/twitter.com\/juventudxclima\/status\/1119740291207110657?s=20<\/a><\/p>\n<ul>\n<li><strong>Contingut<\/strong>. En aquest missatge, que constitueix la primera refer\u00e8ncia a un contingut televisiu en directe, s&#8217;exposa una pregunta esc\u00e8ptica sobre la falta de refer\u00e8ncies al canvi clim\u00e0tic en el debat electoral dels candidats a la presid\u00e8ncia del Govern per a les eleccions del 28 d&#8217;abril. Aquesta q\u00fcesti\u00f3 s&#8217;acompanya d&#8217;un GIF d&#8217;una persona tamb\u00e9 en estat incr\u00e8dul. La informaci\u00f3 es distribueix per mitj\u00e0 d&#8217;una pregunta, dotada al seu torn de signes d&#8217;exclamaci\u00f3, que marca el sentit recel\u00f3s del missatge des d&#8217;un primer moment i de manera concisa.<\/li>\n<li><strong>Forma<\/strong>. L&#8217;estil \u00e9s informal, propi d&#8217;una conversa entre coneguts.<\/li>\n<li><strong>Ret\u00f2rica<\/strong>. S&#8217;aprecia una certa ironia en el tuit, que es desenvolupa amb l&#8217;estructura l\u00f2gica d&#8217;una pregunta, si b\u00e9 es produeixen errors gramaticals, justificats segurament per la informalitat de l&#8217;estil.<\/li>\n<li><strong>To<\/strong>. El car\u00e0cter desenfadat \u00e9s perceptible f\u00e0cilment en l&#8217;\u00fas d&#8217;un GIF, un recurs habitual de la comunicaci\u00f3 digital entre joves.<\/li>\n<\/ul>\n<p>2. El segon dels missatges fa refer\u00e8ncia a un tuit dif\u00f3s per <em>#FridaysForFutureValencia<\/em>. Actualment est\u00e0 disponible a Facebook: <a href=\"https:\/\/www.facebook.com\/FridaysForFutureValencia\/posts\/2338788503066766\">https:\/\/www.facebook.com\/fridaysforfuturevalencia\/posts\/2338788503066766<\/a><\/p>\n<ul>\n<li><strong>Contingut<\/strong>. Fa una crida a la mobilitzaci\u00f3 als carrers contra el canvi clim\u00e0tic del 25 d&#8217;abril de 2019, i exposa aix\u00ed mateix els motius per fer-ho. El text s&#8217;organitza en tres blocs, marcats amb emoticones, als quals s&#8217;afegeix la imatge de la convocat\u00f2ria. Primer s&#8217;al\u00b7ludeix al fet que els pol\u00edtics no es prenen de deb\u00f2 la crisi clim\u00e0tica, despr\u00e9s s\u2019afirma que els joves no es quedaran callats, i l&#8217;\u00faltim punt \u00e9s la crida a la protesta. Els dos \u00faltims apartats s&#8217;efectuen entre signes d&#8217;exclamaci\u00f3.<\/li>\n<li><strong>Forma<\/strong>. El sentit del tuit \u00e9s clarament reivindicatiu, amb un estil conflictiu: \u00abCom que els pol\u00edtics no presten suficient atenci\u00f3 a all\u00f2 veritablement important (el clima), hem decidit mobilitzar-nos\u00bb. A m\u00e9s, estil\u00edsticament, els nos van en maj\u00fascula, i tamb\u00e9 hi van dades clau de la mobilitzaci\u00f3, com la data i el lloc (tot Espanya).<\/li>\n<li><strong>Ret\u00f2rica<\/strong>. No s&#8217;aprecien figures ret\u00f2riques remarcables.<\/li>\n<li><strong>Estructura<\/strong>. Quant a l&#8217;estructura, els dos primers blocs segueixen l&#8217;esquema subjecte, verb i predicat, paradigm\u00e0tic de les frases enunciatives. El tercer bloc situa en primer lloc el complement circumstancial de temps, que indica la data de la protesta. No obstant aix\u00f2, l&#8217;element estructural m\u00e9s significatiu \u00e9s la pres\u00e8ncia d&#8217;un component causal amb la conjunci\u00f3 <em>aix\u00ed que<\/em>, que fa que la segona part del tuit funcioni com una conseq\u00fc\u00e8ncia de l&#8217;anterior i est\u00e0 justificada perfectament.<\/li>\n<\/ul>\n<p>3. L&#8217;\u00faltim tuit examinat pertany a Fridays For Future Barcelona, el primer del corpus que promou un canvi d&#8217;h\u00e0bits individuals:\u00a0<a href=\"https:\/\/twitter.com\/f4f_barcelona\/status\/1118835011518631937\">https:\/\/twitter.com\/f4f_barcelona\/status\/1118835011518631937<\/a><\/p>\n<ul>\n<li><strong>Contingut<\/strong>. La informaci\u00f3 es distribueix en un par\u00e0graf extens, que aglutina la major part del contingut. En aquest contingut s\u2019hi incorpora una frase final interpel\u00b7lativa i un mem de Yoda \u2014personatge de <em>Star Wars<\/em>\u2014, una altra pr\u00e0ctica comunicativa habitual entre la joventut. Les emoticones en aquest cas estan menys presents, per\u00f2 la seva dimensi\u00f3 ecologista \u00e9s evident en publicar un plat d&#8217;amanida i un cor de color verd.<\/li>\n<li><strong>Forma<\/strong>. El sentit del missatge est\u00e0 entre la informaci\u00f3 i la mobilitzaci\u00f3. D&#8217;una banda, s&#8217;aporten dades de la petjada ecol\u00f2gica en els \u00e0mbits espanyol i mundial. D\u2019altra banda, s&#8217;insta a canviar costums i a mobilitzar-se per reduir aquest volum de despesa de recursos, la qual cosa es valora com a clau per frenar el canvi clim\u00e0tic. L&#8217;estil que presideix aquest missatge \u00e9s informal i cita un personatge de la cultura popular com Yoda, per\u00f2 la presentaci\u00f3 de la informaci\u00f3 \u00e9s m\u00e9s s\u00f2bria que en altres tuits estudiats. No hi ha maj\u00fascules ni un \u00fas reiteratiu d&#8217;exclamacions.<\/li>\n<li><strong>Ret\u00f2rica<\/strong>. T\u00e9 una dimensi\u00f3 ret\u00f2rica amb la frase \u00abSalvem el m\u00f3n amb Yoda\u00bb, joc de paraules original proper a la hip\u00e8rbole, que barreja l&#8217;exageraci\u00f3 amb l&#8217;al\u00b7lusi\u00f3 a un personatge de ci\u00e8ncia-ficci\u00f3.<\/li>\n<li><strong>Estructura<\/strong>. Quant a l&#8217;esquema sint\u00e0ctic, el gui\u00f3 \u00e9s majorit\u00e0riament similar: subjecte (absent), verb i predicat. Nom\u00e9s difereixen la primera i \u00faltima frases, formulades en imperatiu per salvar el m\u00f3n i demanar el canvi d&#8217;h\u00e0bits entre la ciutadania. Cal destacar que el sentit del tuit requereix llegir el mem de Yoda, on es vincula el contingut del missatge amb el canvi clim\u00e0tic amb una frase en condicional, cosa perceptible per\u00f2 no referenciat expressament a la resta del missatge.<\/li>\n<\/ul>\n<p><strong>Observacions despr\u00e9s de l&#8217;an\u00e0lisi discursiva<\/strong><\/p>\n<ul>\n<li>Hi ha un desenvolupament d&#8217;un discurs actiu, no est\u00e0tic, que assumeix la participaci\u00f3 pol\u00edtica dels joves.<\/li>\n<li>A pesar que la responsabilitat es vincula als pol\u00edtics, s&#8217;interpel\u00b7la directament a la mobilitzaci\u00f3 de la joventut, la qual cosa denota una creen\u00e7a assimilada que la protesta o la modificaci\u00f3 dels h\u00e0bits poden ajudar a canviar les coses.<\/li>\n<li>L&#8217;estil dels missatges \u00e9s informal i s&#8217;empren recursos concordes amb el p\u00fablic objectiu juvenil.<\/li>\n<li>L&#8217;estructura sint\u00e0ctica sol fer prevaler els elements emf\u00e0tics, d&#8217;acord amb el sentit reivindicatiu i mobilitzador dels tuits.<\/li>\n<li>Les figures ret\u00f2riques amb prou feines es colen en aquest fenomen, que prefereix mecanismes de comunicaci\u00f3 m\u00e9s directes i menys sofisticats.<\/li>\n<\/ul>\n<p>Vegeu l&#8217;estudi complet a:<\/p>\n<p><strong>Rivas-de-Roca, R.<\/strong> (2020). \u00abLa configuraci\u00f3n del fen\u00f3meno ecologista #FridaysForFuture como proceso de opini\u00f3n p\u00fablica digital en Espa\u00f1a\u00bb. <em>D\u00edgitos. Revista de Comunicaci\u00f3n Digital <\/em>(vol. 6, p\u00e0g. 79-100).<\/p>\n<p><a href=\"https:\/\/revistadigitos.com\/index.php\/digitos\/article\/view\/162\/91\"><strong>https:\/\/revistadigitos.com\/index.php\/digitos\/article\/view\/162\/91<\/strong><\/a><\/p>\n<p>\n<\/div>\n<p>&nbsp;<\/p>\n","protected":false},"excerpt":{"rendered":"<p>L&#8217;an\u00e0lisi del discurs \u00e9s un camp d&#8217;estudi d&#8217;una amplitud extraordin\u00e0ria en el qual convergeixen tradicions acad\u00e8miques molt diverses. Aquest fet provoca que sigui extremadament complicat oferir una definici\u00f3 un\u00edvoca d&#8217;un proc\u00e9s d&#8217;an\u00e0lisi tan poc uniforme com aquest. Mentre que en les t\u00e8cniques anteriors el component de registre d&#8217;informaci\u00f3 ocupava una posici\u00f3 central, en aquest cas [&hellip;]<\/p>\n","protected":false},"author":1,"featured_media":0,"parent":0,"menu_order":0,"comment_status":"closed","ping_status":"closed","template":"","meta":[],"_links":{"self":[{"href":"http:\/\/tecniques-metodes-recerca.recursos.uoc.edu\/ca\/wp-json\/wp\/v2\/pages\/340"}],"collection":[{"href":"http:\/\/tecniques-metodes-recerca.recursos.uoc.edu\/ca\/wp-json\/wp\/v2\/pages"}],"about":[{"href":"http:\/\/tecniques-metodes-recerca.recursos.uoc.edu\/ca\/wp-json\/wp\/v2\/types\/page"}],"author":[{"embeddable":true,"href":"http:\/\/tecniques-metodes-recerca.recursos.uoc.edu\/ca\/wp-json\/wp\/v2\/users\/1"}],"replies":[{"embeddable":true,"href":"http:\/\/tecniques-metodes-recerca.recursos.uoc.edu\/ca\/wp-json\/wp\/v2\/comments?post=340"}],"version-history":[{"count":3,"href":"http:\/\/tecniques-metodes-recerca.recursos.uoc.edu\/ca\/wp-json\/wp\/v2\/pages\/340\/revisions"}],"predecessor-version":[{"id":1097,"href":"http:\/\/tecniques-metodes-recerca.recursos.uoc.edu\/ca\/wp-json\/wp\/v2\/pages\/340\/revisions\/1097"}],"wp:attachment":[{"href":"http:\/\/tecniques-metodes-recerca.recursos.uoc.edu\/ca\/wp-json\/wp\/v2\/media?parent=340"}],"curies":[{"name":"wp","href":"https:\/\/api.w.org\/{rel}","templated":true}]}}