{"id":353,"date":"2018-03-07T19:04:17","date_gmt":"2018-03-07T17:04:17","guid":{"rendered":"http:\/\/tecniques-metodes-recerca.uoc.edu\/?page_id=353"},"modified":"2020-12-14T13:42:31","modified_gmt":"2020-12-14T11:42:31","slug":"4-5-2-eines-informatiques-per-a-la-recerca-qualitativa","status":"publish","type":"page","link":"http:\/\/tecniques-metodes-recerca.recursos.uoc.edu\/ca\/4-5-2-eines-informatiques-per-a-la-recerca-qualitativa\/","title":{"rendered":"4.5.2. Eines inform\u00e0tiques per a la recerca qualitativa"},"content":{"rendered":"<p>El subapartat anterior revisava la relaci\u00f3 productiva que ha tingut sempre la inform\u00e0tica amb la recerca estad\u00edstica en les ci\u00e8ncies socials. No podem considerar que aquesta afinitat hagi estat similar en el cas de la recerca qualitativa. El grau m\u00e9s baix de representativitat estad\u00edstica, les cr\u00edtiques sobre la validesa dels resultats i l&#8217;abs\u00e8ncia d&#8217;un m\u00e8tode com\u00fa per al conjunt dels investigadors han fet que el desenvolupament de recursos inform\u00e0tics en aquest camp hagi estat m\u00e9s petit en quantitat i molt m\u00e9s tard\u00e0 quant al moment hist\u00f2ric. Aix\u00ed, no \u00e9s fins a la d\u00e8cada dels vuitanta del segle xx que es llancen les primeres propostes artesanals de programes per a l&#8217;an\u00e0lisi qualitativa de textos.<\/p>\n<p>No obstant aix\u00f2, \u00e9s evident l&#8217;expansi\u00f3 que experimenta aquest sector del mercat actualment, com a prova de la utilitat dels productes que ofereix i testimoniatge de la consolidaci\u00f3 gradual dels m\u00e8todes qualitatius com a una manera v\u00e0lida de coneixement de la realitat social. De fet, la seva difusi\u00f3 ha contribu\u00eft a establir un nom, <strong>CAQDAS<\/strong> (programes d&#8217;an\u00e0lisi qualitativa de dades o <em>computer assisted qualitative data analysis software<\/em>), que agrupa m\u00e9s de trenta programes que permeten desenvolupar tasques pr\u00f2pies de la recerca qualitativa.<\/p>\n<p>La seva utilitat per a la recerca en l&#8217;\u00e0mbit de la documentaci\u00f3 i la informaci\u00f3 \u00e9s evident, ja que aquests programes es converteixen en veritables bases de dades en les quals l&#8217;equip de recerca pot tra\u00e7ar connexions significatives entre els elements que componen els materials analitzats.<\/p>\n","protected":false},"excerpt":{"rendered":"<p>El subapartat anterior revisava la relaci\u00f3 productiva que ha tingut sempre la inform\u00e0tica amb la recerca estad\u00edstica en les ci\u00e8ncies socials. No podem considerar que aquesta afinitat hagi estat similar en el cas de la recerca qualitativa. El grau m\u00e9s baix de representativitat estad\u00edstica, les cr\u00edtiques sobre la validesa dels resultats i l&#8217;abs\u00e8ncia d&#8217;un m\u00e8tode [&hellip;]<\/p>\n","protected":false},"author":1,"featured_media":0,"parent":0,"menu_order":0,"comment_status":"closed","ping_status":"closed","template":"","meta":[],"_links":{"self":[{"href":"http:\/\/tecniques-metodes-recerca.recursos.uoc.edu\/ca\/wp-json\/wp\/v2\/pages\/353"}],"collection":[{"href":"http:\/\/tecniques-metodes-recerca.recursos.uoc.edu\/ca\/wp-json\/wp\/v2\/pages"}],"about":[{"href":"http:\/\/tecniques-metodes-recerca.recursos.uoc.edu\/ca\/wp-json\/wp\/v2\/types\/page"}],"author":[{"embeddable":true,"href":"http:\/\/tecniques-metodes-recerca.recursos.uoc.edu\/ca\/wp-json\/wp\/v2\/users\/1"}],"replies":[{"embeddable":true,"href":"http:\/\/tecniques-metodes-recerca.recursos.uoc.edu\/ca\/wp-json\/wp\/v2\/comments?post=353"}],"version-history":[{"count":2,"href":"http:\/\/tecniques-metodes-recerca.recursos.uoc.edu\/ca\/wp-json\/wp\/v2\/pages\/353\/revisions"}],"predecessor-version":[{"id":1104,"href":"http:\/\/tecniques-metodes-recerca.recursos.uoc.edu\/ca\/wp-json\/wp\/v2\/pages\/353\/revisions\/1104"}],"wp:attachment":[{"href":"http:\/\/tecniques-metodes-recerca.recursos.uoc.edu\/ca\/wp-json\/wp\/v2\/media?parent=353"}],"curies":[{"name":"wp","href":"https:\/\/api.w.org\/{rel}","templated":true}]}}