{"id":355,"date":"2018-03-07T19:05:44","date_gmt":"2018-03-07T17:05:44","guid":{"rendered":"http:\/\/tecniques-metodes-recerca.uoc.edu\/?page_id=355"},"modified":"2020-12-14T13:42:40","modified_gmt":"2020-12-14T11:42:40","slug":"4-5-3-eines-per-a-la-transcripcio","status":"publish","type":"page","link":"http:\/\/tecniques-metodes-recerca.recursos.uoc.edu\/ca\/4-5-3-eines-per-a-la-transcripcio\/","title":{"rendered":"4.5.3. Eines per a la transcripci\u00f3"},"content":{"rendered":"<p>Completat l&#8217;acc\u00e9s al camp d&#8217;estudi, el primer pas que ha de fer l&#8217;equip de recerca \u00e9s transcriure la informaci\u00f3 registrada en dispositius d&#8217;enregistrament (cintes, v\u00eddeo, etc.). Es tracta d&#8217;un proc\u00e9s labori\u00f3s per\u00f2 b\u00e0sic per garantir la precisi\u00f3 de l&#8217;an\u00e0lisi posterior. Dins de l&#8217;oferta de CAQDAS hi ha unes quantes eines que contribueixen al fet que aquest proc\u00e9s es realitzi amb la m\u00e0xima rapidesa i seguretat possibles, al mateix temps que s&#8217;intenta aconseguir que l&#8217;enlla\u00e7 amb les an\u00e0lisis posteriors sigui tan poc cost\u00f3s com es pugui.<\/p>\n<div class=\"tabletitle\"><p>Repertori (no exhaustiu) de CAQDAS per a transcripci\u00f3<\/p>\n<\/div>\n<table>\n<tbody>\n<tr class=\"table-header\">\n<td width=\"299\">Programa<\/td>\n<td width=\"297\">Pa\u00eds<\/td>\n<\/tr>\n<tr>\n<td width=\"299\"><a href=\"https:\/\/www.transana.com\" target=\"_blank\" rel=\"noopener\">Transana<\/a><\/td>\n<td width=\"297\">Estats Units<\/td>\n<\/tr>\n<tr>\n<td width=\"299\"><a href=\"http:\/\/www.audiotranskription.de\/english\/f4\" target=\"_blank\" rel=\"noopener\">F4<\/a><\/td>\n<td width=\"297\">Alemanya<\/td>\n<\/tr>\n<tr>\n<td width=\"299\"><a href=\"http:\/\/www.researchware.com\/\" target=\"_blank\" rel=\"noopener\">HyperRESEARCH<\/a><\/td>\n<td width=\"297\">Estats Units<\/td>\n<\/tr>\n<tr>\n<td width=\"299\"><a href=\"http:\/\/www-personal.umich.edu\/~ebreck\/code\/sscriber\/\" target=\"_blank\" rel=\"noopener\">SoundScriber<\/a><\/td>\n<td width=\"297\">Estats Units<\/td>\n<\/tr>\n<\/tbody>\n<\/table>\n<p>Aquests programes permeten la sincronitzaci\u00f3 entre el text i la font original d&#8217;\u00e0udio o de v\u00eddeo, a m\u00e9s de la programaci\u00f3 del ritme de reproducci\u00f3 dels documents sonors originals, per accelerar la tasca de transcripci\u00f3 tant com sigui possible. A m\u00e9s, incorporen marques i botons d&#8217;ordre destinats a complir els est\u00e0ndards acad\u00e8mics de les operacions de transcripci\u00f3.<\/p>\n<p>&nbsp;<\/p>\n<div class=\"featured featured-grey\"><\/p>\n<p><strong>Exemple d&#8217;eines per a la transcripci\u00f3<\/strong><\/p>\n<p>Com s&#8217;indica a la taula, un dels programes m\u00e9s utilitzats per a la transcripci\u00f3 \u00e9s l\u2019F4. Per a aix\u00f2, a continuaci\u00f3 sintetitzem les idees que apareixen al manual d&#8217;ATLAS.ti 7: <a href=\"https:\/\/manualatlas.psicologiasocial.eu\/atlasti7.pdf\">https:\/\/manualatlas.psicologiasocial.eu\/atlasti7.pdf<\/a>.<\/p>\n<ol>\n<li>Una vegada que hem executat el programa, hem d&#8217;afegir l&#8217;arxiu de text corresponent a la transcripci\u00f3. Per a aix\u00f2, farem clic al men\u00fa i triarem l&#8217;arxiu sobre el qual volem fer la sincronitzaci\u00f3: \u00e0udio o v\u00eddeo.<\/li>\n<li>Per fer la sincronitzaci\u00f3, iniciarem la reproducci\u00f3 de l&#8217;arxiu d&#8217;\u00e0udio i situarem el cursor en la posici\u00f3 del text en qu\u00e8 vulguem situar una marca de temps. Aix\u00ed, per exemple, si el segon 11 de l&#8217;\u00e0udio es correspon amb el final del primer par\u00e0graf de la transcripci\u00f3, ens situarem en el text al final del primer par\u00e0graf, i quan en la reproducci\u00f3 s&#8217;aconsegueixi el segon 11 podrem inserir la marca de temps utilitzant la tecla F8. Cada vegada que fem aquesta operaci\u00f3, s&#8217;afegir\u00e0 la marca de temps corresponent en la posici\u00f3 del cursor.<\/li>\n<li>Una vegada que hem \u00abmarcat\u00bb tot el nostre document, ja podem guardar la transcripci\u00f3. Si ara obrim el nostre nou arxiu des d&#8217;un editor de text (anant amb compte de no fer-hi cap modificaci\u00f3), podrem veure com s&#8217;han incorporat les marques de temps.<\/li>\n<li>El pas seg\u00fcent ser\u00e0 incorporar el text i l&#8217;\u00e0udio en un dels programes per a l&#8217;an\u00e0lisi, com els que veurem a continuaci\u00f3: NVivo o Atlas.ti. L&#8217;assignaci\u00f3 de documents amb marques de temps es fa amb l&#8217;opci\u00f3 Documents &gt; Nou &gt; Importar transcripci\u00f3.<\/li>\n<\/ol>\n<p>\n<\/div>\n<p>&nbsp;<\/p>\n","protected":false},"excerpt":{"rendered":"<p>Completat l&#8217;acc\u00e9s al camp d&#8217;estudi, el primer pas que ha de fer l&#8217;equip de recerca \u00e9s transcriure la informaci\u00f3 registrada en dispositius d&#8217;enregistrament (cintes, v\u00eddeo, etc.). Es tracta d&#8217;un proc\u00e9s labori\u00f3s per\u00f2 b\u00e0sic per garantir la precisi\u00f3 de l&#8217;an\u00e0lisi posterior. Dins de l&#8217;oferta de CAQDAS hi ha unes quantes eines que contribueixen al fet que [&hellip;]<\/p>\n","protected":false},"author":1,"featured_media":0,"parent":0,"menu_order":0,"comment_status":"closed","ping_status":"closed","template":"","meta":[],"_links":{"self":[{"href":"http:\/\/tecniques-metodes-recerca.recursos.uoc.edu\/ca\/wp-json\/wp\/v2\/pages\/355"}],"collection":[{"href":"http:\/\/tecniques-metodes-recerca.recursos.uoc.edu\/ca\/wp-json\/wp\/v2\/pages"}],"about":[{"href":"http:\/\/tecniques-metodes-recerca.recursos.uoc.edu\/ca\/wp-json\/wp\/v2\/types\/page"}],"author":[{"embeddable":true,"href":"http:\/\/tecniques-metodes-recerca.recursos.uoc.edu\/ca\/wp-json\/wp\/v2\/users\/1"}],"replies":[{"embeddable":true,"href":"http:\/\/tecniques-metodes-recerca.recursos.uoc.edu\/ca\/wp-json\/wp\/v2\/comments?post=355"}],"version-history":[{"count":3,"href":"http:\/\/tecniques-metodes-recerca.recursos.uoc.edu\/ca\/wp-json\/wp\/v2\/pages\/355\/revisions"}],"predecessor-version":[{"id":1106,"href":"http:\/\/tecniques-metodes-recerca.recursos.uoc.edu\/ca\/wp-json\/wp\/v2\/pages\/355\/revisions\/1106"}],"wp:attachment":[{"href":"http:\/\/tecniques-metodes-recerca.recursos.uoc.edu\/ca\/wp-json\/wp\/v2\/media?parent=355"}],"curies":[{"name":"wp","href":"https:\/\/api.w.org\/{rel}","templated":true}]}}