{"id":359,"date":"2018-03-07T19:11:35","date_gmt":"2018-03-07T17:11:35","guid":{"rendered":"http:\/\/tecniques-metodes-recerca.uoc.edu\/?page_id=359"},"modified":"2020-12-14T18:22:55","modified_gmt":"2020-12-14T16:22:55","slug":"bibliografia-complementaria","status":"publish","type":"page","link":"http:\/\/tecniques-metodes-recerca.recursos.uoc.edu\/ca\/bibliografia-complementaria\/","title":{"rendered":"Bibliografia complement\u00e0ria"},"content":{"rendered":"<p><strong>Bardin, L.<\/strong> (1986). <em>El an\u00e1lisis de contenido<\/em>. Madrid: Akal.<\/p>\n<p><strong>Berelson, B.<\/strong> (1952). <em>Content Analysis in Comunication Research<\/em>. Glencoe: Free Press.<\/p>\n<p><strong>Borra, E.; Rieder, B.<\/strong> (2014). \u00abProgrammed method: Developing Toolset for Capturing and Analyzing Tweets\u00bb. <em>Aslib Journal of Information Management<\/em> (vol. 66, n\u00fam. 3, p\u00e0g. 262-278). Accesible a: <a href=\"http:\/\/www.emeraldinsight.com\/doi\/abs\/10.1108\/AJIM-09-2013-0094\" target=\"_blank\" rel=\"noopener\">http:\/\/www.emeraldinsight.com\/doi\/abs\/10.1108\/AJIM-09-2013-0094<\/a>.<\/p>\n<p><strong>Brown, L.; Durrheim, K.<\/strong> (2009). \u00abDifferent Kinds of Knowing Generating Qualitative Data Through Mobile Interviewing\u00bb. <em>Qualitative Inquiry<\/em> (vol. 15, n\u00fam. 5, p\u00e0g. 911-930).<\/p>\n<p><strong>Highfield, T.<\/strong> (2014). \u00abTalking of Many Things: Using Topical Networks to Study Disussions in Social Media\u00bb. A: K. Bredl; J. H\u00fcnniger; J. Jensen (eds.). <em>Methods for Analyzing Social Media<\/em> (p\u00e0g. 63-77). Nova York: Routledge.<\/p>\n<p><strong>Krippendorff, K.<\/strong> (1990). <em>Metodolog\u00eda de an\u00e1lisis de contenido. Teor\u00eda y Pr\u00e1ctica<\/em>. Barcelona: Paid\u00f3s comunicaci\u00f3n.<\/p>\n<p><strong>Lomborg, S.<\/strong> (2014). \u00abResearching Communicative Practice: Web Archiving in Qualitative Social Media Research\u00bb. A: K. Bredl; J. H\u00fcnniger; J. Jensen (eds.). <em>Methods for Analyzing Social Media<\/em> (p\u00e0g. 78-90). Nova York: Routledge.<\/p>\n<p><strong>Markham, A. N.<\/strong> (2004). \u00abInternet communication as a tool for qualitative research\u00bb. A: D. Silverman (ed.). <em>Qualitative Research: Theory, Methods, and Practice<\/em>. Los Angeles: Sage.<\/p>\n<p><strong>Marshall, C.; Rossman, G.<\/strong> (2016). <em>Designing Qualitative Research<\/em> (6a ed.). Los Angeles: Sage.<\/p>\n<p><strong>Paulus, T.; Lester, J.; Dempster, P.<\/strong> (2013). <em>Digital Tools for Qualitative Research<\/em>. Los Angeles: Sage.<\/p>\n<p><strong>Altres v\u00eddeos<\/strong><\/p>\n<ul>\n<li><a href=\"https:\/\/www.youtube.com\/watch?v=IsAUNs-IoSQ\" target=\"_blank\" rel=\"noopener\"><em>Overview of Qualitative Research Methods<\/em><\/a><\/li>\n<li><a href=\"https:\/\/www.youtube.com\/watch?v=jSdxYb2IVwg\" target=\"_blank\" rel=\"noopener\"><em>The Qualities of a Good Qualitative Researcher<\/em><\/a><\/li>\n<li><a href=\"https:\/\/www.youtube.com\/watch?v=-Dn4u9DPmDs\" target=\"_blank\" rel=\"noopener\"><em>Qualitative Sampling<\/em><\/a><\/li>\n<li><a href=\"https:\/\/www.youtube.com\/watch?v=l5e7kVzMIfs\" target=\"_blank\" rel=\"noopener\"><em>Telling a Complete Story with Qualitative and Mixed Methods Research &#8211; Dr. John W. Creswell<\/em><\/a><\/li>\n<li><a href=\"https:\/\/www.youtube.com\/watch?v=GplPZEqLzM0\" target=\"_blank\" rel=\"noopener\"><em>M\u00e9todos y t\u00e9cnicas de investigaci\u00f3n<\/em><\/a><\/li>\n<li><a href=\"https:\/\/www.youtube.com\/watch?v=2X-QSU6-hPU\" target=\"_blank\" rel=\"noopener\"><em>Qualitative vs. Quantitative<\/em><\/a><\/li>\n<li><a href=\"https:\/\/www.youtube.com\/watch?v=fEtAJzXEoFg\" target=\"_blank\" rel=\"noopener\"><em>Types of Qualitative Data Collection Part 1<\/em><\/a><\/li>\n<li><a href=\"https:\/\/www.youtube.com\/watch?v=DPOhrdBGsLc\" target=\"_blank\" rel=\"noopener\"><em>What is Triangulation (Qualitative research)?<\/em><\/a><\/li>\n<\/ul>\n","protected":false},"excerpt":{"rendered":"<p>Bardin, L. (1986). El an\u00e1lisis de contenido. Madrid: Akal. Berelson, B. (1952). Content Analysis in Comunication Research. Glencoe: Free Press. Borra, E.; Rieder, B. (2014). \u00abProgrammed method: Developing Toolset for Capturing and Analyzing Tweets\u00bb. Aslib Journal of Information Management (vol. 66, n\u00fam. 3, p\u00e0g. 262-278). Accesible a: http:\/\/www.emeraldinsight.com\/doi\/abs\/10.1108\/AJIM-09-2013-0094. Brown, L.; Durrheim, K. (2009). \u00abDifferent Kinds [&hellip;]<\/p>\n","protected":false},"author":1,"featured_media":0,"parent":0,"menu_order":0,"comment_status":"closed","ping_status":"closed","template":"","meta":[],"_links":{"self":[{"href":"http:\/\/tecniques-metodes-recerca.recursos.uoc.edu\/ca\/wp-json\/wp\/v2\/pages\/359"}],"collection":[{"href":"http:\/\/tecniques-metodes-recerca.recursos.uoc.edu\/ca\/wp-json\/wp\/v2\/pages"}],"about":[{"href":"http:\/\/tecniques-metodes-recerca.recursos.uoc.edu\/ca\/wp-json\/wp\/v2\/types\/page"}],"author":[{"embeddable":true,"href":"http:\/\/tecniques-metodes-recerca.recursos.uoc.edu\/ca\/wp-json\/wp\/v2\/users\/1"}],"replies":[{"embeddable":true,"href":"http:\/\/tecniques-metodes-recerca.recursos.uoc.edu\/ca\/wp-json\/wp\/v2\/comments?post=359"}],"version-history":[{"count":5,"href":"http:\/\/tecniques-metodes-recerca.recursos.uoc.edu\/ca\/wp-json\/wp\/v2\/pages\/359\/revisions"}],"predecessor-version":[{"id":1348,"href":"http:\/\/tecniques-metodes-recerca.recursos.uoc.edu\/ca\/wp-json\/wp\/v2\/pages\/359\/revisions\/1348"}],"wp:attachment":[{"href":"http:\/\/tecniques-metodes-recerca.recursos.uoc.edu\/ca\/wp-json\/wp\/v2\/media?parent=359"}],"curies":[{"name":"wp","href":"https:\/\/api.w.org\/{rel}","templated":true}]}}