{"id":361,"date":"2018-03-07T19:12:02","date_gmt":"2018-03-07T17:12:02","guid":{"rendered":"http:\/\/tecniques-metodes-recerca.uoc.edu\/?page_id=361"},"modified":"2020-12-14T13:42:57","modified_gmt":"2020-12-14T11:42:57","slug":"5-1-introduccio","status":"publish","type":"page","link":"http:\/\/tecniques-metodes-recerca.recursos.uoc.edu\/ca\/5-1-introduccio\/","title":{"rendered":"5.1. Introducci\u00f3"},"content":{"rendered":"<p>En aquest apartat recollim algunes recomanacions pr\u00e0ctiques que ens poden ajudar quan plantegem el nostre disseny metodol\u00f2gic. Tamb\u00e9 presentem alguns casos d&#8217;errors freq\u00fcents que hem d&#8217;evitar. Podeu enviar-nos vostres dubtes, consells o errors que h\u00e0giu detectat per incloure&#8217;ls en aquesta secci\u00f3.<\/p>\n","protected":false},"excerpt":{"rendered":"<p>En aquest apartat recollim algunes recomanacions pr\u00e0ctiques que ens poden ajudar quan plantegem el nostre disseny metodol\u00f2gic. Tamb\u00e9 presentem alguns casos d&#8217;errors freq\u00fcents que hem d&#8217;evitar. Podeu enviar-nos vostres dubtes, consells o errors que h\u00e0giu detectat per incloure&#8217;ls en aquesta secci\u00f3.<\/p>\n","protected":false},"author":1,"featured_media":0,"parent":0,"menu_order":0,"comment_status":"closed","ping_status":"closed","template":"","meta":[],"_links":{"self":[{"href":"http:\/\/tecniques-metodes-recerca.recursos.uoc.edu\/ca\/wp-json\/wp\/v2\/pages\/361"}],"collection":[{"href":"http:\/\/tecniques-metodes-recerca.recursos.uoc.edu\/ca\/wp-json\/wp\/v2\/pages"}],"about":[{"href":"http:\/\/tecniques-metodes-recerca.recursos.uoc.edu\/ca\/wp-json\/wp\/v2\/types\/page"}],"author":[{"embeddable":true,"href":"http:\/\/tecniques-metodes-recerca.recursos.uoc.edu\/ca\/wp-json\/wp\/v2\/users\/1"}],"replies":[{"embeddable":true,"href":"http:\/\/tecniques-metodes-recerca.recursos.uoc.edu\/ca\/wp-json\/wp\/v2\/comments?post=361"}],"version-history":[{"count":5,"href":"http:\/\/tecniques-metodes-recerca.recursos.uoc.edu\/ca\/wp-json\/wp\/v2\/pages\/361\/revisions"}],"predecessor-version":[{"id":1110,"href":"http:\/\/tecniques-metodes-recerca.recursos.uoc.edu\/ca\/wp-json\/wp\/v2\/pages\/361\/revisions\/1110"}],"wp:attachment":[{"href":"http:\/\/tecniques-metodes-recerca.recursos.uoc.edu\/ca\/wp-json\/wp\/v2\/media?parent=361"}],"curies":[{"name":"wp","href":"https:\/\/api.w.org\/{rel}","templated":true}]}}